{"id":2858,"date":"2023-04-19T11:29:23","date_gmt":"2023-04-19T09:29:23","guid":{"rendered":"https:\/\/istrabenzplini.pakt.si\/?page_id=2858"},"modified":"2024-06-10T10:53:54","modified_gmt":"2024-06-10T08:53:54","slug":"for-existing-users","status":"publish","type":"page","link":"https:\/\/www.istrabenzplini.si\/en\/lpg-in-bulks\/for-households\/for-existing-users\/","title":{"rendered":"For existing users"},"content":{"rendered":"\n\t<section class=\"section\" id=\"section_2118405230\">\n\t\t<div class=\"section-bg fill\" >\n\t\t\t<img loading=\"lazy\" decoding=\"async\" width=\"2000\" height=\"1196\" src=\"https:\/\/www.istrabenzplini.si\/wp-content\/uploads\/2023\/11\/07-unp-v-plinohramih-za-obstojece-uporabnike.jpg\" class=\"bg attachment-original size-original\" alt=\"\" title=\"\">\t\t\t\t\t\t<div class=\"section-bg-overlay absolute fill\"><\/div>\n\t\t\t\n\n\t\t<\/div>\n\n\t\t\n\n\t\t<div class=\"section-content relative\">\n\t\t\t\n<div class=\"row\"  id=\"row-326158861\">\n\n\t<div id=\"col-1996172052\" class=\"col pb-0 mainsec-pl medium-12 small-12 large-7\"  >\n\t\t\t\t<div class=\"col-inner\"  >\n\t\t\t\n\t\t\t\n<div class=\"row\"  id=\"row-15449907\">\n\n\t<div id=\"col-2109034799\" class=\"col pb-0 col-mainsec small-12 large-12\"  >\n\t\t\t\t<div class=\"col-inner\"  >\n\t\t\t\n\t\t\t\n\t<div id=\"text-3629290804\" class=\"text\">\n\t\t\n<h1 class=\"main-tit\">Za obstoje\u010de uporabnike<\/h1>\n<p class=\"main-desc bigger\"><span style=\"font-weight: 400;\">Ste uporabnik uteko\u010dinjenega naftnega plina Istrabenz plinov? Tukaj najdete vse informacije, s katerimi boste plin uporabljali \u0161e bolj u\u010dinkovito in varno.<\/span><\/p>\n\t\t\n<style>\n#text-3629290804 {\n  color: rgb(255,255,255);\n}\n#text-3629290804 > * {\n  color: rgb(255,255,255);\n}\n<\/style>\n\t<\/div>\n\t\n\t\t<\/div>\n\t\t\t\t\t<\/div>\n\n\t\n<\/div>\n\t\t<\/div>\n\t\t\t\t\t<\/div>\n\n\t\n<\/div>\n\t\t<\/div>\n\n\t\t\n<style>\n#section_2118405230 {\n  padding-top: 65px;\n  padding-bottom: 65px;\n  min-height: 0vh;\n}\n#section_2118405230 .section-bg-overlay {\n  background-color: rgba(8, 63, 136, 0.575);\n}\n#section_2118405230 .section-bg img {\n  object-position: 75% 70%;\n}\n@media (min-width:850px) {\n  #section_2118405230 {\n    padding-top: 100px;\n    padding-bottom: 100px;\n    min-height: 71vh;\n  }\n}\n<\/style>\n\t<\/section>\n\t\n<div class=\"row align-middle breadcrump\"  id=\"row-373334338\">\n\n\t<div id=\"col-25125297\" class=\"col pb-0 small-12 large-12\"  >\n\t\t\t\t<div class=\"col-inner\"  >\n\t\t\t\n\t\t\t\n\t\t<div class=\"pb-0\">\n\t\t\t\t\n<nav aria-label=\"breadcrumbs\" class=\"rank-math-breadcrumb\"><p><\/p><\/nav>\n\t\t<\/div>\n\t\n\t\t<\/div>\n\t\t\t\t\t<\/div>\n\n\t\n<\/div>\n<span class=\"scroll-to\" data-label=\"Scroll to: #cas-za-novo-plinsko-pec\" data-bullet=\"false\" data-link=\"#cas-za-novo-plinsko-pec\" data-title=\"\u010cas za novo plinsko pe\u010d!\"><a name=\"cas-za-novo-plinsko-pec\"><\/a><\/span>\n\n\t<section class=\"section\" id=\"section_181380597\">\n\t\t<div class=\"section-bg fill\" >\n\t\t\t\t\t\t\t\t\t\n\t\t\t\n\n\t\t<\/div>\n\n\t\t\n\n\t\t<div class=\"section-content relative\">\n\t\t\t\n<div class=\"row\"  id=\"row-1913350145\">\n\n\t<div id=\"col-56470156\" class=\"col pb-0 brd medium-12 small-12 large-9\"  >\n\t\t\t\t<div class=\"col-inner\"  >\n\t\t\t\n\t<div class=\"is-border\"\n\t\tstyle=\"border-width:0px 1px 0px 0px;margin:0px 1px 0px 0px;\">\n\t<\/div>\n\t\t\t\n<div class=\"row\"  id=\"row-323746822\">\n\n\t<div id=\"col-1773146156\" class=\"col small-12 large-12\"  >\n\t\t\t\t<div class=\"col-inner\" style=\"background-color:#083f88;\" >\n\t\t\t\n\t\t\t\n\t<div id=\"gap-519992658\" class=\"gap-element clearfix\" style=\"display:block; height:auto;\">\n\t\t\n<style>\n#gap-519992658 {\n  padding-top: 30px;\n}\n<\/style>\n\t<\/div>\n\t\n\t<div id=\"text-831848346\" class=\"text\">\n\t\t\n<h2 class=\"s-tit bfr-blue white-c\">\u010cas za novo plinsko pe\u010d!<\/h2>\n<p><span style=\"font-weight: 400;\">\u017delite brezhibno delovanje, varnej\u0161o in var\u010dnej\u0161o plinsko pe\u010d in prihranek pri stro\u0161kih ogrevanja v svojem domu? Potem je zamenjava va\u0161e plinske pe\u010di neizogibna.<\/span><\/p>\n\t\t\n<style>\n#text-831848346 {\n  color: rgb(255,255,255);\n}\n#text-831848346 > * {\n  color: rgb(255,255,255);\n}\n<\/style>\n\t<\/div>\n\t\n<a href=\"\/kontakt\/vprasajte-nas\/\" class=\"button primary btn-green ask-us\" >\n\t\t<span>Po\u0161ljite povpra\u0161evanje<\/span>\n\t<\/a>\n\n\t\t<\/div>\n\t\t\t\t\n<style>\n#col-1773146156 > .col-inner {\n  padding: 0px 30px 15px 30px;\n  border-radius: 5px;\n}\n<\/style>\n\t<\/div>\n\n\t\n<\/div>\n<div class=\"row\"  id=\"row-2111236993\">\n\n\t<div id=\"col-2062864608\" class=\"col small-12 large-12\"  >\n\t\t\t\t<div class=\"col-inner\" style=\"background-color:#60bb46;\" >\n\t\t\t\n\t\t\t\n<span class=\"scroll-to\" data-label=\"Scroll to: #ucinkovite-energetske-resitve\" data-bullet=\"false\" data-link=\"#ucinkovite-energetske-resitve\" data-title=\"U\u010dinkovite energetske re\u0161itve\"><a name=\"ucinkovite-energetske-resitve\"><\/a><\/span>\n\t<div id=\"gap-1413204053\" class=\"gap-element clearfix\" style=\"display:block; height:auto;\">\n\t\t\n<style>\n#gap-1413204053 {\n  padding-top: 30px;\n}\n<\/style>\n\t<\/div>\n\t\n\t<div id=\"text-1579149106\" class=\"text\">\n\t\t\n<h2 class=\"s-tit bfr-blue \">U\u010dinkovite energetske re\u0161itve za dom<\/h2>\n\t\t\n<style>\n#text-1579149106 {\n  color: rgb(255,255,255);\n}\n#text-1579149106 > * {\n  color: rgb(255,255,255);\n}\n<\/style>\n\t<\/div>\n\t\n\t<div id=\"text-4030760934\" class=\"text\">\n\t\t\n<p><span style=\"font-weight: 400;\">Razi\u0161\u010dite tudi celovite energetske re\u0161itve na klju\u010d. Toplotne \u010drpalke in plinske pe\u010di bodo poskrbele za u\u010dinkovito ogrevanje, pripravo tople sanitarne vode in tudi za hlajenje.<\/span><\/p>\n\t\t\n<style>\n#text-4030760934 {\n  color: rgb(255,255,255);\n}\n#text-4030760934 > * {\n  color: rgb(255,255,255);\n}\n<\/style>\n\t<\/div>\n\t\n<a href=\"\/energetske-resitve\/za-dom\/\" class=\"button primary btn-green ask-us blue-c\" >\n\t\t<span>Energetske re\u0161itve za dom<\/span>\n\t<\/a>\n\n\t\t<\/div>\n\t\t\t\t\n<style>\n#col-2062864608 > .col-inner {\n  padding: 0px 30px 15px 30px;\n  border-radius: 5px;\n}\n<\/style>\n\t<\/div>\n\n\t\n<\/div>\n<span class=\"scroll-to\" data-label=\"Scroll to: #vam-je-zmanjkalo-plina\" data-bullet=\"false\" data-link=\"#vam-je-zmanjkalo-plina\" data-title=\"Vam je zmanjkalo plina?\"><a name=\"vam-je-zmanjkalo-plina\"><\/a><\/span>\n<h2 class=\"s-tit bfr-blue\">Vam je zmanjkalo plina?<\/h2>\n\t<div id=\"gap-1568790017\" class=\"gap-element clearfix\" style=\"display:block; height:auto;\">\n\t\t\n<style>\n#gap-1568790017 {\n  padding-top: 15px;\n}\n<\/style>\n\t<\/div>\n\t\n<div class=\"row\"  id=\"row-1713763889\">\n\n\t<div id=\"col-319342674\" class=\"col medium-12 small-12 large-6\"  >\n\t\t\t\t<div class=\"col-inner\"  >\n\t\t\t\n\t\t\t\n\n\t<a class=\"plain\" href=\"\/en\/contact\/#accordion-item-gas-orders\" >\t<div class=\"icon-box featured-box aligning cta-grey icon-box-left text-left\"  >\n\t\t\t\t\t<div class=\"icon-box-img\" style=\"width: 90px\">\n\t\t\t\t<div class=\"icon\">\n\t\t\t\t\t<div class=\"icon-inner\" >\n\t\t\t\t\t\t<img loading=\"lazy\" decoding=\"async\" width=\"150\" height=\"150\" src=\"https:\/\/www.istrabenzplini.si\/wp-content\/uploads\/2023\/07\/narocite.png\" class=\"attachment-medium size-medium\" alt=\"\" title=\"\">\t\t\t\t\t<\/div>\n\t\t\t\t<\/div>\n\t\t\t<\/div>\n\t\t\t\t<div class=\"icon-box-text last-reset\">\n\t\t\t\t\t\t\t\t\t\n\t<div id=\"text-477288293\" class=\"text\">\n\t\t\n<p class=\"mb-0\"><strong>Naro\u010dite uteko\u010dinjeni naftni plin<\/strong><\/p>\n\t\t\n<style>\n#text-477288293 {\n  font-size: 1.1rem;\n}\n<\/style>\n\t<\/div>\n\t\n\t\t<\/div>\n\t<\/div>\n\t<\/a>\n\t\n\t\t<\/div>\n\t\t\t\t\t<\/div>\n\n\t\n\n\t<div id=\"col-1731945169\" class=\"col medium-12 small-12 large-6\"  >\n\t\t\t\t<div class=\"col-inner\"  >\n\t\t\t\n\t\t\t\n\n\t<a class=\"plain\" href=\"\/kontakt\/vprasajte-nas\/\" >\t<div class=\"icon-box featured-box aligning cta-grey icon-box-left text-left\"  >\n\t\t\t\t\t<div class=\"icon-box-img\" style=\"width: 90px\">\n\t\t\t\t<div class=\"icon\">\n\t\t\t\t\t<div class=\"icon-inner\" >\n\t\t\t\t\t\t<img loading=\"lazy\" decoding=\"async\" width=\"150\" height=\"150\" src=\"https:\/\/www.istrabenzplini.si\/wp-content\/uploads\/2023\/07\/kontaktirajte.png\" class=\"attachment-medium size-medium\" alt=\"\" title=\"\">\t\t\t\t\t<\/div>\n\t\t\t\t<\/div>\n\t\t\t<\/div>\n\t\t\t\t<div class=\"icon-box-text last-reset\">\n\t\t\t\t\t\t\t\t\t\n\t<div id=\"text-1069135994\" class=\"text\">\n\t\t\n<p class=\"mb-0\"><strong>Ve\u010d informacij<\/strong><\/p>\n\t\t\n<style>\n#text-1069135994 {\n  font-size: 1.1rem;\n}\n<\/style>\n\t<\/div>\n\t\n\t\t<\/div>\n\t<\/div>\n\t<\/a>\n\t\n\t\t<\/div>\n\t\t\t\t\t<\/div>\n\n\t\n<\/div>\n<span class=\"scroll-to\" data-label=\"Scroll to: #sporocite-odcitek\" data-bullet=\"false\" data-link=\"#sporocite-odcitek\" data-title=\"Sporo\u010dite od\u010ditek plinskega \u0161tevca\"><a name=\"sporocite-odcitek\"><\/a><\/span>\n\t<div id=\"gap-472155173\" class=\"gap-element clearfix\" style=\"display:block; height:auto;\">\n\t\t\n<style>\n#gap-472155173 {\n  padding-top: 15px;\n}\n<\/style>\n\t<\/div>\n\t\n<h2 class=\"s-tit bfr-blue\">Sporo\u010danje od\u010ditkov plinskega \u0161tevca<\/h2>\n<p>Od\u010ditek plinskega \u0161tevca lahko sporo\u010dite v zadnjih petih dneh teko\u010dega meseca:<\/p>\n<ul>\n<li>preko uporabni\u0161kega portala\u00a0<strong><span style=\"text-decoration: underline;\"><a href=\"https:\/\/mojplin.istrabenzplini.si\/Prijava?ReturnUrl=%2f\" target=\"_blank\" rel=\"noopener\">MojPlin<\/a><\/span><\/strong><em>\u00a0&#8211; uporabni\u0161ki portal MojPlin vam omogo\u010da enostaven na\u010din spremljanja porabe, izdanih ra\u010dunov in sporo\u010danja stanj merilne naprave.<\/em><\/li>\n<li>ali na brezpla\u010dno telefonsko \u0161tevilko <strong><span style=\"text-decoration: underline;\"><a href=\"tel:+386801228\">080 1228<\/a><\/span><\/strong><\/li>\n<\/ul>\n<p>Od\u010ditek mora biti resni\u010den in mora odra\u017eati dejansko stanje na plinskem \u0161tevcu.<\/p>\n<span class=\"scroll-to\" data-label=\"Scroll to: #pomoc-in-podpora\" data-bullet=\"false\" data-link=\"#pomoc-in-podpora\" data-title=\"Pomo\u010d in podpora\"><a name=\"pomoc-in-podpora\"><\/a><\/span>\n\t<div id=\"gap-505628534\" class=\"gap-element clearfix\" style=\"display:block; height:auto;\">\n\t\t\n<style>\n#gap-505628534 {\n  padding-top: 30px;\n}\n<\/style>\n\t<\/div>\n\t\n<h2 class=\"s-tit bfr-blue\">Pomo\u010d in podpora<\/h2>\n<p><span style=\"text-decoration: underline;\"><span style=\"font-weight: 400;\">Poi\u0161\u010dite ve\u010d informacij o UNP v plinohramih. Na enem mestu vas \u010dakajo:<\/span><\/span><\/p>\n<div class=\"row\"  id=\"row-1803316309\">\n\n\t<div id=\"col-501524681\" class=\"col pb-0 medium-6 small-12 large-6\"  >\n\t\t\t\t<div class=\"col-inner\"  >\n\t\t\t\n\t\t\t\n<span class=\"scroll-to\" data-label=\"Scroll to: #splosni-pogoji-in-zakonodaja2\" data-bullet=\"false\" data-link=\"#splosni-pogoji-in-zakonodaja2\" data-title=\"Splo\u0161ni pogoji in zakonodaja\"><a name=\"splosni-pogoji-in-zakonodaja2\"><\/a><\/span>\n\n\t<a class=\"plain\" href=\"\/en\/help-and-support\/lpg-in-bulks\/#splosni-pogoji-in-zakonodaja\" >\t<div class=\"icon-box featured-box aligning cta-grey icon-box-left text-left\"  >\n\t\t\t\t\t<div class=\"icon-box-img\" style=\"width: 90px\">\n\t\t\t\t<div class=\"icon\">\n\t\t\t\t\t<div class=\"icon-inner\" >\n\t\t\t\t\t\t<img loading=\"lazy\" decoding=\"async\" width=\"150\" height=\"150\" src=\"https:\/\/www.istrabenzplini.si\/wp-content\/uploads\/2023\/08\/zakonodaja.png\" class=\"attachment-medium size-medium\" alt=\"\" title=\"\">\t\t\t\t\t<\/div>\n\t\t\t\t<\/div>\n\t\t\t<\/div>\n\t\t\t\t<div class=\"icon-box-text last-reset\">\n\t\t\t\t\t\t\t\t\t\n\t<div id=\"text-793377101\" class=\"text\">\n\t\t\n<p class=\"mb-0\"><strong>Splo\u0161ni pogoji in zakonodaja<\/strong><\/p>\n\t\t\n<style>\n#text-793377101 {\n  font-size: 1.1rem;\n}\n<\/style>\n\t<\/div>\n\t\n\t\t<\/div>\n\t<\/div>\n\t<\/a>\n\t\n\t<div id=\"gap-1446848439\" class=\"gap-element clearfix\" style=\"display:block; height:auto;\">\n\t\t\n<style>\n#gap-1446848439 {\n  padding-top: 15px;\n}\n<\/style>\n\t<\/div>\n\t\n<span class=\"scroll-to\" data-label=\"Scroll to: #predpisi-varnost-in-vzdrzevanje2\" data-bullet=\"false\" data-link=\"#predpisi-varnost-in-vzdrzevanje2\" data-title=\"Predpisi, varnost in vzdr\u017eevanje\"><a name=\"predpisi-varnost-in-vzdrzevanje2\"><\/a><\/span>\n\n\t<a class=\"plain\" href=\"\/en\/help-and-support\/lpg-in-bulks\/#predpisi-varnost-in-vzdrzevanje\" >\t<div class=\"icon-box featured-box aligning cta-grey icon-box-left text-left\"  >\n\t\t\t\t\t<div class=\"icon-box-img\" style=\"width: 90px\">\n\t\t\t\t<div class=\"icon\">\n\t\t\t\t\t<div class=\"icon-inner\" >\n\t\t\t\t\t\t<img loading=\"lazy\" decoding=\"async\" width=\"150\" height=\"150\" src=\"https:\/\/www.istrabenzplini.si\/wp-content\/uploads\/2023\/08\/vzdrzevanje-1.png\" class=\"attachment-medium size-medium\" alt=\"\" title=\"\">\t\t\t\t\t<\/div>\n\t\t\t\t<\/div>\n\t\t\t<\/div>\n\t\t\t\t<div class=\"icon-box-text last-reset\">\n\t\t\t\t\t\t\t\t\t\n\t<div id=\"text-2475760942\" class=\"text\">\n\t\t\n<p class=\"mb-0\"><strong>Predpisi, varnost in vzdr\u017eevanje<\/strong><\/p>\n\t\t\n<style>\n#text-2475760942 {\n  font-size: 1.1rem;\n}\n<\/style>\n\t<\/div>\n\t\n\t\t<\/div>\n\t<\/div>\n\t<\/a>\n\t\n\t<div id=\"gap-1161179275\" class=\"gap-element clearfix\" style=\"display:block; height:auto;\">\n\t\t\n<style>\n#gap-1161179275 {\n  padding-top: 15px;\n}\n<\/style>\n\t<\/div>\n\t\n<span class=\"scroll-to\" data-label=\"Scroll to: #nasveti-za-varcno-ogrevanje2\" data-bullet=\"false\" data-link=\"#nasveti-za-varcno-ogrevanje2\" data-title=\"Nasveti za var\u010dno ogrevanje\"><a name=\"nasveti-za-varcno-ogrevanje2\"><\/a><\/span>\n\n\t<a class=\"plain\" href=\"\/en\/help-and-support\/lpg-in-bulks\/#modri-prihranki\" >\t<div class=\"icon-box featured-box aligning cta-grey icon-box-left text-left\"  >\n\t\t\t\t\t<div class=\"icon-box-img\" style=\"width: 90px\">\n\t\t\t\t<div class=\"icon\">\n\t\t\t\t\t<div class=\"icon-inner\" >\n\t\t\t\t\t\t<img loading=\"lazy\" decoding=\"async\" width=\"150\" height=\"150\" src=\"https:\/\/www.istrabenzplini.si\/wp-content\/uploads\/2023\/08\/modri-prihranki.png\" class=\"attachment-medium size-medium\" alt=\"\" title=\"\">\t\t\t\t\t<\/div>\n\t\t\t\t<\/div>\n\t\t\t<\/div>\n\t\t\t\t<div class=\"icon-box-text last-reset\">\n\t\t\t\t\t\t\t\t\t\n\t<div id=\"text-2258073900\" class=\"text\">\n\t\t\n<p class=\"mb-0\"><strong>Nasveti za var\u010dno ogrevanje<\/strong><\/p>\n\t\t\n<style>\n#text-2258073900 {\n  font-size: 1.1rem;\n}\n<\/style>\n\t<\/div>\n\t\n\t\t<\/div>\n\t<\/div>\n\t<\/a>\n\t\n\t<div id=\"gap-487200993\" class=\"gap-element clearfix\" style=\"display:block; height:auto;\">\n\t\t\n<style>\n#gap-487200993 {\n  padding-top: 15px;\n}\n<\/style>\n\t<\/div>\n\t\n<span class=\"scroll-to\" data-label=\"Scroll to: #kontrola-tlacne-opreme2\" data-bullet=\"false\" data-link=\"#kontrola-tlacne-opreme2\" data-title=\"Kontrola tla\u010dne opreme\"><a name=\"kontrola-tlacne-opreme2\"><\/a><\/span>\n\n\t<a class=\"plain\" href=\"\/en\/help-and-support\/pressure-equipment-inspection\/\" >\t<div class=\"icon-box featured-box aligning cta-grey icon-box-left text-left\"  >\n\t\t\t\t\t<div class=\"icon-box-img\" style=\"width: 90px\">\n\t\t\t\t<div class=\"icon\">\n\t\t\t\t\t<div class=\"icon-inner\" >\n\t\t\t\t\t\t<img loading=\"lazy\" decoding=\"async\" width=\"150\" height=\"150\" src=\"https:\/\/www.istrabenzplini.si\/wp-content\/uploads\/2023\/08\/obrazci.png\" class=\"attachment-medium size-medium\" alt=\"\" title=\"\">\t\t\t\t\t<\/div>\n\t\t\t\t<\/div>\n\t\t\t<\/div>\n\t\t\t\t<div class=\"icon-box-text last-reset\">\n\t\t\t\t\t\t\t\t\t\n\t<div id=\"text-2496108293\" class=\"text\">\n\t\t\n<p class=\"mb-0\"><strong>Kontrola tla\u010dne opreme<\/strong><\/p>\n\t\t\n<style>\n#text-2496108293 {\n  font-size: 1.1rem;\n}\n<\/style>\n\t<\/div>\n\t\n\t\t<\/div>\n\t<\/div>\n\t<\/a>\n\t\n\t\t<\/div>\n\t\t\t\t\t<\/div>\n\n\t\n\n\t<div id=\"col-2043238698\" class=\"col pb-0 medium-6 small-12 large-6\"  >\n\t\t\t\t<div class=\"col-inner\"  >\n\t\t\t\n\t\t\t\n<span class=\"scroll-to\" data-label=\"Scroll to: #ceniki2\" data-bullet=\"false\" data-link=\"#ceniki2\" data-title=\"Ceniki\"><a name=\"ceniki2\"><\/a><\/span>\n\n\t<a class=\"plain\" href=\"\/en\/help-and-support\/lpg-in-bulks\/#ceniki\" >\t<div class=\"icon-box featured-box aligning cta-grey icon-box-left text-left\"  >\n\t\t\t\t\t<div class=\"icon-box-img\" style=\"width: 90px\">\n\t\t\t\t<div class=\"icon\">\n\t\t\t\t\t<div class=\"icon-inner\" >\n\t\t\t\t\t\t<img loading=\"lazy\" decoding=\"async\" width=\"150\" height=\"150\" src=\"https:\/\/www.istrabenzplini.si\/wp-content\/uploads\/2023\/08\/ceniki.png\" class=\"attachment-medium size-medium\" alt=\"\" title=\"\">\t\t\t\t\t<\/div>\n\t\t\t\t<\/div>\n\t\t\t<\/div>\n\t\t\t\t<div class=\"icon-box-text last-reset\">\n\t\t\t\t\t\t\t\t\t\n\t<div id=\"text-3594582055\" class=\"text\">\n\t\t\n<p class=\"mb-0\"><strong>Ceniki<\/strong><\/p>\n\t\t\n<style>\n#text-3594582055 {\n  font-size: 1.1rem;\n}\n<\/style>\n\t<\/div>\n\t\n\t\t<\/div>\n\t<\/div>\n\t<\/a>\n\t\n\t<div id=\"gap-611473128\" class=\"gap-element clearfix\" style=\"display:block; height:auto;\">\n\t\t\n<style>\n#gap-611473128 {\n  padding-top: 15px;\n}\n<\/style>\n\t<\/div>\n\t\n<span class=\"scroll-to\" data-label=\"Scroll to: #racuni2\" data-bullet=\"false\" data-link=\"#racuni2\" data-title=\"Ra\u010duni\"><a name=\"racuni2\"><\/a><\/span>\n\n\t<a class=\"plain\" href=\"\/en\/help-and-support\/lpg-in-bulks\/#racuni\" >\t<div class=\"icon-box featured-box aligning cta-grey icon-box-left text-left\"  >\n\t\t\t\t\t<div class=\"icon-box-img\" style=\"width: 90px\">\n\t\t\t\t<div class=\"icon\">\n\t\t\t\t\t<div class=\"icon-inner\" >\n\t\t\t\t\t\t<img loading=\"lazy\" decoding=\"async\" width=\"150\" height=\"150\" src=\"https:\/\/www.istrabenzplini.si\/wp-content\/uploads\/2023\/08\/racuni.png\" class=\"attachment-medium size-medium\" alt=\"\" title=\"\">\t\t\t\t\t<\/div>\n\t\t\t\t<\/div>\n\t\t\t<\/div>\n\t\t\t\t<div class=\"icon-box-text last-reset\">\n\t\t\t\t\t\t\t\t\t\n\t<div id=\"text-3976650157\" class=\"text\">\n\t\t\n<p class=\"mb-0\"><strong>Ra\u010duni<\/strong><\/p>\n\t\t\n<style>\n#text-3976650157 {\n  font-size: 1.1rem;\n}\n<\/style>\n\t<\/div>\n\t\n\t\t<\/div>\n\t<\/div>\n\t<\/a>\n\t\n\t<div id=\"gap-1585872769\" class=\"gap-element clearfix\" style=\"display:block; height:auto;\">\n\t\t\n<style>\n#gap-1585872769 {\n  padding-top: 15px;\n}\n<\/style>\n\t<\/div>\n\t\n<span class=\"scroll-to\" data-label=\"Scroll to: #sporocanje-odcitkov2\" data-bullet=\"false\" data-link=\"#sporocanje-odcitkov2\" data-title=\"Sporo\u010danje od\u010ditkov plinskega \u0161tevca\"><a name=\"sporocanje-odcitkov2\"><\/a><\/span>\n\n\t<a class=\"plain\" href=\"\/en\/help-and-support\/lpg-in-bulks\/#sporocanje-odcitkov\" >\t<div class=\"icon-box featured-box aligning cta-grey icon-box-left text-left\"  >\n\t\t\t\t\t<div class=\"icon-box-img\" style=\"width: 90px\">\n\t\t\t\t<div class=\"icon\">\n\t\t\t\t\t<div class=\"icon-inner\" >\n\t\t\t\t\t\t<img loading=\"lazy\" decoding=\"async\" width=\"150\" height=\"150\" src=\"https:\/\/www.istrabenzplini.si\/wp-content\/uploads\/2023\/08\/stevec.png\" class=\"attachment-medium size-medium\" alt=\"\" title=\"\">\t\t\t\t\t<\/div>\n\t\t\t\t<\/div>\n\t\t\t<\/div>\n\t\t\t\t<div class=\"icon-box-text last-reset\">\n\t\t\t\t\t\t\t\t\t\n\t<div id=\"text-3085150736\" class=\"text\">\n\t\t\n<p class=\"mb-0\"><strong>Sporo\u010danje od\u010ditkov plinskega \u0161tevca<\/strong><\/p>\n\t\t\n<style>\n#text-3085150736 {\n  font-size: 1.1rem;\n}\n<\/style>\n\t<\/div>\n\t\n\t\t<\/div>\n\t<\/div>\n\t<\/a>\n\t\n\t\t<\/div>\n\t\t\t\t\n<style>\n#col-2043238698 > .col-inner {\n  margin: 15px 0px 0px 0px;\n}\n@media (min-width:550px) {\n  #col-2043238698 > .col-inner {\n    margin: 0px 0px 0px 0px;\n  }\n}\n<\/style>\n\t<\/div>\n\n\t\n<\/div>\n\t\t<\/div>\n\t\t\t\t\n<style>\n#col-56470156 > .col-inner {\n  padding: 0px 0px 0px 0px;\n}\n@media (min-width:550px) {\n  #col-56470156 > .col-inner {\n    padding: 0px 0px 0px 0px;\n  }\n}\n@media (min-width:850px) {\n  #col-56470156 > .col-inner {\n    padding: 0px 75px 0px 0px;\n  }\n}\n<\/style>\n\t<\/div>\n\n\t\n\n\t<div id=\"col-1593748120\" class=\"col stck hide-for-medium medium-4 small-12 large-3 small-col-first\"  >\n\t\t<div class=\"is-sticky-column\"><div class=\"is-sticky-column__inner\">\t\t<div class=\"col-inner\"  >\n\t\t\t\n\t\t\t\n<ul class=\"page-menu\">\n<li><a href=\"#cas-za-novo-plinsko-pec\">\u010cas za novo plinsko pe\u010d!<\/a><\/li>\n<li><a href=\"#ucinkovite-energetske-resitve\">U\u010dinkovite energetske re\u0161itve<\/a><\/li>\n<li><a href=\"#vam-je-zmanjkalo-plina\">Vam je zmanjkalo plina?<\/a><\/li>\n<li><a href=\"#sporocite-odcitek\">Sporo\u010danje od\u010ditkov plinskega \u0161tevca<\/a><\/li>\n<li><a href=\"#pomoc-in-podpora\">Pomo\u010d in podpora<\/a><\/li>\n<li><a href=\"#splosni-pogoji-in-zakonodaja2\">Splo\u0161ni pogoji in zakonodaja<\/a><\/li>\n<li><a href=\"#predpisi-varnost-in-vzdrzevanje2\">Predpisi, varnost in vzdr\u017eevanje<\/a><\/li>\n<li><a href=\"#nasveti-za-varcno-ogrevanje2\">Nasveti za var\u010dno ogrevanje<\/a><\/li>\n<li><a href=\"#ceniki2\">Ceniki<\/a><\/li>\n<li><a href=\"#racuni2\">Ra\u010duni<\/a><\/li>\n<li><a href=\"#kontakti-dobavitelja2\">Kontakti dobavitelja<\/a><\/li>\n<li><a href=\"#sporocanje-odcitkov2\">Sporo\u010danje od\u010ditkov plinskega \u0161tevca<\/a><\/li>\n<li><a href=\"#kontrola-tlacne-opreme2\">Kontrola tla\u010dne opreme<\/a><\/li>\n<\/ul>\n\t\t<\/div>\n\t\t<\/div><\/div>\t\t\t<\/div>\n\n\t\n<\/div>\n\t\t<\/div>\n\n\t\t\n<style>\n#section_181380597 {\n  padding-top: 65px;\n  padding-bottom: 65px;\n}\n@media (min-width:550px) {\n  #section_181380597 {\n    padding-top: 65px;\n    padding-bottom: 65px;\n  }\n}\n@media (min-width:850px) {\n  #section_181380597 {\n    padding-top: 100px;\n    padding-bottom: 100px;\n  }\n}\n<\/style>\n\t<\/section>\n\t\n\n\t<section class=\"section\" id=\"section_1318663852\">\n\t\t<div class=\"section-bg fill\" >\n\t\t\t\t\t\t\t\t\t\n\t\t\t\n\n\t\t<\/div>\n\n\t\t\n\n\t\t<div class=\"section-content relative\">\n\t\t\t\r\n\r\n<div class=\"row\"  id=\"row-1970835000\">\r\n\r\n\n\t<div id=\"col-1968068983\" class=\"col pb-0 medium-12 small-12 large-5\"  >\n\t\t\t\t<div class=\"col-inner\"  >\n\t\t\t\n\t\t\t\r\n\r\n<h2 class=\"s-tit\">Have you found everything you needed?<\/h2>\r\n\r\n\t\t<\/div>\n\t\t\t\t\t<\/div>\n\n\t\r\n\n\t<div id=\"col-1387859891\" class=\"col pb-0 medium-12 small-12 large-7\"  >\n\t\t\t\t<div class=\"col-inner\"  >\n\t\t\t\n\t\t\t\r\n\r\n<p class=\"cta-desc\">If you need any information and assistance on how to use our products, feel free to contact us<\/p>\r\n<a href=\"\/en\/contact\/ask-more\/\" class=\"button primary btn-green ask-us\" >\n\t\t<span>CONTACT US<\/span>\n\t<\/a>\n\r\n\r\n<a href=\"tel:+386801228\" class=\"button primary btn-out cont\" >\n\t\t<span>080 1228<\/span>\n\t<\/a>\n\r\n\r\n\r\n\t\t<\/div>\n\t\t\t\t\t<\/div>\n\n\t\r\n\r\n<\/div>\r\n\t<div id=\"gap-138698555\" class=\"gap-element clearfix\" style=\"display:block; height:auto;\">\n\t\t\n<style>\n#gap-138698555 {\n  padding-top: 100px;\n}\n<\/style>\n\t<\/div>\n\t\r\n\r\n\r\n\t\t<\/div>\n\n\t\t\n<style>\n#section_1318663852 {\n  padding-top: 65px;\n  padding-bottom: 65px;\n  background-color: rgb(248, 248, 248);\n}\n@media (min-width:850px) {\n  #section_1318663852 {\n    padding-top: 100px;\n    padding-bottom: 100px;\n  }\n}\n<\/style>\n\t<\/section>\n\t\n","protected":false},"excerpt":{"rendered":"","protected":false},"author":1,"featured_media":0,"parent":2857,"menu_order":0,"comment_status":"closed","ping_status":"closed","template":"","meta":{"footnotes":""},"class_list":["post-2858","page","type-page","status-publish","hentry"],"_links":{"self":[{"href":"https:\/\/www.istrabenzplini.si\/en\/wp-json\/wp\/v2\/pages\/2858","targetHints":{"allow":["GET"]}}],"collection":[{"href":"https:\/\/www.istrabenzplini.si\/en\/wp-json\/wp\/v2\/pages"}],"about":[{"href":"https:\/\/www.istrabenzplini.si\/en\/wp-json\/wp\/v2\/types\/page"}],"author":[{"embeddable":true,"href":"https:\/\/www.istrabenzplini.si\/en\/wp-json\/wp\/v2\/users\/1"}],"replies":[{"embeddable":true,"href":"https:\/\/www.istrabenzplini.si\/en\/wp-json\/wp\/v2\/comments?post=2858"}],"version-history":[{"count":0,"href":"https:\/\/www.istrabenzplini.si\/en\/wp-json\/wp\/v2\/pages\/2858\/revisions"}],"up":[{"embeddable":true,"href":"https:\/\/www.istrabenzplini.si\/en\/wp-json\/wp\/v2\/pages\/2857"}],"wp:attachment":[{"href":"https:\/\/www.istrabenzplini.si\/en\/wp-json\/wp\/v2\/media?parent=2858"}],"curies":[{"name":"wp","href":"https:\/\/api.w.org\/{rel}","templated":true}]}}