{"id":2854,"date":"2023-04-19T11:23:45","date_gmt":"2023-04-19T09:23:45","guid":{"rendered":"https:\/\/istrabenzplini.pakt.si\/?page_id=2854"},"modified":"2024-04-12T01:15:32","modified_gmt":"2024-04-11T23:15:32","slug":"which-cylinder-to-choose","status":"publish","type":"page","link":"https:\/\/www.istrabenzplini.si\/en\/lpg-in-cylinders\/for-companies\/which-cylinder-to-choose\/","title":{"rendered":"Which cylinder to choose?"},"content":{"rendered":"\n\t<section class=\"section\" id=\"section_1380427084\">\n\t\t<div class=\"section-bg fill\" >\n\t\t\t<img loading=\"lazy\" decoding=\"async\" width=\"2000\" height=\"1196\" src=\"https:\/\/www.istrabenzplini.si\/wp-content\/uploads\/2023\/10\/za-podjetja-prva-slika-2.jpg\" class=\"bg attachment-original size-original\" alt=\"\" title=\"\">\t\t\t\t\t\t<div class=\"section-bg-overlay absolute fill\"><\/div>\n\t\t\t\n\n\t\t<\/div>\n\n\t\t\n\n\t\t<div class=\"section-content relative\">\n\t\t\t\n<div class=\"row\"  id=\"row-168031198\">\n\n\t<div id=\"col-2071312053\" class=\"col pb-0 mainsec-pl medium-12 small-12 large-7\"  >\n\t\t\t\t<div class=\"col-inner\"  >\n\t\t\t\n\t\t\t\n<div class=\"row\"  id=\"row-718974946\">\n\n\t<div id=\"col-591625798\" class=\"col pb-0 col-mainsec small-12 large-12\"  >\n\t\t\t\t<div class=\"col-inner\"  >\n\t\t\t\n\t\t\t\n\t<div id=\"text-1255952709\" class=\"text\">\n\t\t\n<h1 class=\"main-tit\">Katero jeklenko izbrati?<\/h1>\n<p class=\"main-desc bigger\">Izberite jeklenko, ki najbolje ustreza porabi plina v va\u0161em poslu. Na voljo so vam jeklenke z obi\u010dajnim priklopom ali priklopom s hitro spojko.\n<\/p>\n\t\t\n<style>\n#text-1255952709 {\n  color: rgb(255,255,255);\n}\n#text-1255952709 > * {\n  color: rgb(255,255,255);\n}\n<\/style>\n\t<\/div>\n\t\n\t\t<\/div>\n\t\t\t\t\t<\/div>\n\n\t\n<\/div>\n\t\t<\/div>\n\t\t\t\t\t<\/div>\n\n\t\n<\/div>\n\t\t<\/div>\n\n\t\t\n<style>\n#section_1380427084 {\n  padding-top: 65px;\n  padding-bottom: 65px;\n  min-height: 0vh;\n}\n#section_1380427084 .section-bg-overlay {\n  background-color: rgba(8, 63, 136, 0.575);\n}\n#section_1380427084 .section-bg img {\n  object-position: 91% 63%;\n}\n@media (min-width:550px) {\n  #section_1380427084 {\n    padding-top: 65px;\n    padding-bottom: 65px;\n  }\n}\n@media (min-width:850px) {\n  #section_1380427084 {\n    padding-top: 100px;\n    padding-bottom: 100px;\n    min-height: 71vh;\n  }\n}\n<\/style>\n\t<\/section>\n\t\n<div class=\"row align-middle breadcrump\"  id=\"row-717952313\">\n\n\t<div id=\"col-199478946\" class=\"col pb-0 small-12 large-12\"  >\n\t\t\t\t<div class=\"col-inner\"  >\n\t\t\t\n\t\t\t\n\t\t<div class=\"pb-0\">\n\t\t\t\t\n<nav aria-label=\"breadcrumbs\" class=\"rank-math-breadcrumb\"><p><\/p><\/nav>\n\t\t<\/div>\n\t\n\t\t<\/div>\n\t\t\t\t\t<\/div>\n\n\t\n<\/div>\n<span class=\"scroll-to\" data-label=\"Scroll to: #brezplacna-uporaba\" data-bullet=\"false\" data-link=\"#brezplacna-uporaba\" data-title=\"Brezpla\u010dna uporaba plinskih jeklenk\"><a name=\"brezplacna-uporaba\"><\/a><\/span>\n\n\t<section class=\"section\" id=\"section_1124816792\">\n\t\t<div class=\"section-bg fill\" >\n\t\t\t\t\t\t\t\t\t\n\t\t\t\n\n\t\t<\/div>\n\n\t\t\n\n\t\t<div class=\"section-content relative\">\n\t\t\t\n<div class=\"row\"  id=\"row-1581364105\">\n\n\t<div id=\"col-39311999\" class=\"col pb-0 brd medium-12 small-12 large-9\"  >\n\t\t\t\t<div class=\"col-inner\"  >\n\t\t\t\n\t<div class=\"is-border\"\n\t\tstyle=\"border-width:0px 1px 0px 0px;margin:0px 1px 0px 0px;\">\n\t<\/div>\n\t\t\t\n<h2 class=\"s-tit bfr-blue\">Brezpla\u010dna uporaba plinskih jeklenk<\/h2>\n<p class=\"med\"><span style=\"font-weight: 400;\">Poslovni uporabniki plina v jeklenki dobijo jeklenke v brezpla\u010dno uporabo in jih ni potrebno kupiti.<\/span><\/p>\n<span class=\"scroll-to\" data-label=\"Scroll to: #katero-jeklenko-izbrati\" data-bullet=\"false\" data-link=\"#katero-jeklenko-izbrati\" data-title=\"Katero jeklenko izbrati?\"><a name=\"katero-jeklenko-izbrati\"><\/a><\/span>\n\t<div id=\"gap-1398415256\" class=\"gap-element clearfix\" style=\"display:block; height:auto;\">\n\t\t\n<style>\n#gap-1398415256 {\n  padding-top: 30px;\n}\n<\/style>\n\t<\/div>\n\t\n\t<div class=\"img has-hover x md-x lg-x y md-y lg-y\" id=\"image_1619724990\">\n\t\t\t\t\t\t\t\t<div class=\"img-inner dark\" >\n\t\t\t<img loading=\"lazy\" decoding=\"async\" width=\"1217\" height=\"397\" src=\"https:\/\/www.istrabenzplini.si\/wp-content\/uploads\/2023\/06\/katero-jeklenko-izbrati.png\" class=\"attachment-original size-original\" alt=\"\" srcset=\"https:\/\/www.istrabenzplini.si\/wp-content\/uploads\/2023\/06\/katero-jeklenko-izbrati.png 1217w, https:\/\/www.istrabenzplini.si\/wp-content\/uploads\/2023\/06\/katero-jeklenko-izbrati-800x261.png 800w, https:\/\/www.istrabenzplini.si\/wp-content\/uploads\/2023\/06\/katero-jeklenko-izbrati-768x251.png 768w\" sizes=\"auto, (max-width: 1217px) 100vw, 1217px\" title=\"\">\t\t\t\t\t\t\n\t\t\t\t\t<\/div>\n\t\t\t\t\t\t\t\t\n<style>\n#image_1619724990 {\n  width: 100%;\n}\n<\/style>\n\t<\/div>\n\t\n<h2 class=\"s-tit bfr-blue\">Katero jeklenko izbrati?<\/h2>\n<p><span style=\"font-weight: 400;\">Pri izbiri jeklenke bodite pozorni na kapaciteto jeklenke in tip priklju\u010dka \u2013 jeklenke imajo lahko klasi\u010den navojni priklju\u010dek ali pa so opremljene s hitro spojko za enostavno menjavo jeklenke brez uporabe orodja.<\/span><\/p>\n<p><span style=\"text-decoration: underline;\"><span style=\"font-weight: 400;\">Izberite jeklenko glede na podro\u010dje uporabe:<\/span><\/span><\/p>\n<h3><strong>Kuhanje, ogrevanje, kmetijstvo in industrija<\/strong><\/h3>\n<p><span style=\"font-weight: 400;\">Istrabenz plini vam ponujajo \u0161iroko ponudbo jeklenk za uporabo v HORECA sektorju za kuhanje in pripravo hrane, ogrevanje prostorov in teras z grelno gobico, ogrevanje vode, kampiranje, v kmetijstvu za ogrevanje tople grede in zatiranje plevela, v delavnicah za obdelavo kovin in segrevanja materialov, v gradbeni\u0161tvu za izolacije in podobno.<\/span><\/p>\n\n\t\t<div class=\"icon-box featured-box aligning icon-box-left text-left\"  >\n\t\t\t\t\t<div class=\"icon-box-img\" style=\"width: 90px\">\n\t\t\t\t<div class=\"icon\">\n\t\t\t\t\t<div class=\"icon-inner\" >\n\t\t\t\t\t\t<img loading=\"lazy\" decoding=\"async\" width=\"250\" height=\"250\" src=\"https:\/\/www.istrabenzplini.si\/wp-content\/uploads\/2023\/06\/jeklenka-10kg-2.png\" class=\"attachment-medium size-medium\" alt=\"\" title=\"\">\t\t\t\t\t<\/div>\n\t\t\t\t<\/div>\n\t\t\t<\/div>\n\t\t\t\t<div class=\"icon-box-text last-reset\">\n\t\t\t\t\t\t\t\t\t\n<p class=\"mb-0\"><strong>UNP Jeklenka Plindom 10 kg<\/strong><\/p>\n\t\t<\/div>\n\t<\/div>\n\t\n\t\n\t<div id=\"gap-1488276121\" class=\"gap-element clearfix\" style=\"display:block; height:auto;\">\n\t\t\n<style>\n#gap-1488276121 {\n  padding-top: 10px;\n}\n<\/style>\n\t<\/div>\n\t\n<p><span style=\"font-weight: 400;\">Enostavno dostopna jeklenka za raznoliko uporabo, ki ji zaupajo tako profesionalni kot doma\u010di uporabniki.<\/span><\/p>\n\n\t\t<div class=\"icon-box featured-box aligning icon-box-left text-left\"  >\n\t\t\t\t\t<div class=\"icon-box-img\" style=\"width: 90px\">\n\t\t\t\t<div class=\"icon\">\n\t\t\t\t\t<div class=\"icon-inner\" >\n\t\t\t\t\t\t<img loading=\"lazy\" decoding=\"async\" width=\"250\" height=\"250\" src=\"https:\/\/www.istrabenzplini.si\/wp-content\/uploads\/2023\/06\/jeklenka-rumena-10kg.png\" class=\"attachment-medium size-medium\" alt=\"\" title=\"\">\t\t\t\t\t<\/div>\n\t\t\t\t<\/div>\n\t\t\t<\/div>\n\t\t\t\t<div class=\"icon-box-text last-reset\">\n\t\t\t\t\t\t\t\t\t\n<p class=\"mb-0\"><strong>UNP rumena jeklenka 10 kg s hitro spojko<\/strong><\/p>\n\t\t<\/div>\n\t<\/div>\n\t\n\t\n\t<div id=\"gap-445241210\" class=\"gap-element clearfix\" style=\"display:block; height:auto;\">\n\t\t\n<style>\n#gap-445241210 {\n  padding-top: 10px;\n}\n<\/style>\n\t<\/div>\n\t\n<p><span style=\"font-weight: 400;\">Polnjena je s propanom, zato je \u0161e posebej uporabna na prostem, pri nizkih temperaturah.<\/span><\/p>\n\n\t\t<div class=\"icon-box featured-box aligning icon-box-left text-left\"  >\n\t\t\t\t\t<div class=\"icon-box-img\" style=\"width: 90px\">\n\t\t\t\t<div class=\"icon\">\n\t\t\t\t\t<div class=\"icon-inner\" >\n\t\t\t\t\t\t<img loading=\"lazy\" decoding=\"async\" width=\"250\" height=\"250\" src=\"https:\/\/www.istrabenzplini.si\/wp-content\/uploads\/2023\/06\/jeklenka-35kg.png\" class=\"attachment-medium size-medium\" alt=\"\" title=\"\">\t\t\t\t\t<\/div>\n\t\t\t\t<\/div>\n\t\t\t<\/div>\n\t\t\t\t<div class=\"icon-box-text last-reset\">\n\t\t\t\t\t\t\t\t\t\n<p class=\"mb-0\"><strong>UNP rumena jeklenka 35 kg s hitro spojko ali obi\u010dajnim priklopom<\/strong><\/p>\n\t\t<\/div>\n\t<\/div>\n\t\n\t\n\t<div id=\"gap-2124755625\" class=\"gap-element clearfix\" style=\"display:block; height:auto;\">\n\t\t\n<style>\n#gap-2124755625 {\n  padding-top: 10px;\n}\n<\/style>\n\t<\/div>\n\t\n<p><span style=\"font-weight: 400;\">Polnjena je z me\u0161anico butan-propan ali propanom, ki je priporo\u010dljiva izbira za uporabo na prostem, pri nizkih temperaturah.<\/span><\/p>\n<h3><strong>Pogon vili\u010darjev<\/strong><\/h3>\n\n\t\t<div class=\"icon-box featured-box aligning icon-box-left text-left\"  >\n\t\t\t\t\t<div class=\"icon-box-img\" style=\"width: 90px\">\n\t\t\t\t<div class=\"icon\">\n\t\t\t\t\t<div class=\"icon-inner\" >\n\t\t\t\t\t\t<img loading=\"lazy\" decoding=\"async\" width=\"250\" height=\"250\" src=\"https:\/\/www.istrabenzplini.si\/wp-content\/uploads\/2023\/06\/jeklenka-alu-11kg.png\" class=\"attachment-medium size-medium\" alt=\"\" title=\"\">\t\t\t\t\t<\/div>\n\t\t\t\t<\/div>\n\t\t\t<\/div>\n\t\t\t\t<div class=\"icon-box-text last-reset\">\n\t\t\t\t\t\t\t\t\t\n<p class=\"mb-0\"><strong>UNP aluminijasta jeklenka 11 kg s hitro spojko &#8211; teko\u010da faza<\/strong><\/p>\n\t\t<\/div>\n\t<\/div>\n\t\n\t\n\t<div id=\"gap-1724452202\" class=\"gap-element clearfix\" style=\"display:block; height:auto;\">\n\t\t\n<style>\n#gap-1724452202 {\n  padding-top: 10px;\n}\n<\/style>\n\t<\/div>\n\t\n<p><span style=\"font-weight: 400;\">Aluminijasta jeklenka 11 kg je opremljena s specialnim ventilom, ki omogo\u010da odjem teko\u010de faze. Prav tako je opremljena s hitro spojko za enostavno zamenjavo jeklenke brez uporabe orodja. Polnjena je s propanom, zato \u0161e posebej uporabna tudi na prostem, pri nizkih temperaturah.<\/span><\/p>\n<span class=\"scroll-to\" data-label=\"Scroll to: #kako-do-jeklenke\" data-bullet=\"false\" data-link=\"#kako-do-jeklenke\" data-title=\"Kako do jeklenke za poslovno uporabo\"><a name=\"kako-do-jeklenke\"><\/a><\/span>\n\t<div id=\"gap-605326611\" class=\"gap-element clearfix\" style=\"display:block; height:auto;\">\n\t\t\n<style>\n#gap-605326611 {\n  padding-top: 30px;\n}\n<\/style>\n\t<\/div>\n\t\n<h2 class=\"s-tit bfr-blue\">Kako do jeklenke za poslovno uporabo<\/h2>\n<p><span style=\"font-weight: 400;\">Preverite, kje lahko najamete jeklenko za poslovno uporabo.<\/span><\/p>\n<a href=\"\/en\/lpg-in-cylinders\/for-companies\/how-to-get-a-commercial-cylinder\/\" class=\"button primary btn-green ask-us\" >\n\t\t<span>Kako do jeklenke za podjetja<\/span>\n\t<\/a>\n\n<span class=\"scroll-to\" data-label=\"Scroll to: #ostala-ponudba\" data-bullet=\"false\" data-link=\"#ostala-ponudba\" data-title=\"Ostala ponudba\"><a name=\"ostala-ponudba\"><\/a><\/span>\n\t<div id=\"gap-1644815791\" class=\"gap-element clearfix\" style=\"display:block; height:auto;\">\n\t\t\n<style>\n#gap-1644815791 {\n  padding-top: 30px;\n}\n<\/style>\n\t<\/div>\n\t\n<h2 class=\"s-tit bfr-blue\">Ostala ponudba<\/h2>\n<p><span style=\"font-weight: 400;\">Opcijsko ponujamo za razli\u010dne jeklenke tudi dodatne storitve:<\/span><\/p>\n<ul>\n<li style=\"font-weight: 400;\" aria-level=\"1\"><span style=\"font-weight: 400;\">dostavo na va\u0161 naslov,<\/span><\/li>\n<li style=\"font-weight: 400;\" aria-level=\"1\"><span style=\"font-weight: 400;\">dostavo drobnega materiala (regulatorji, cevi, tesnila, klju\u010di, detektorji),<\/span><\/li>\n<li style=\"font-weight: 400;\" aria-level=\"1\"><span style=\"font-weight: 400;\">priklop jeklenk (na tro\u0161ilo),<\/span><\/li>\n<li style=\"font-weight: 400;\" aria-level=\"1\"><span style=\"font-weight: 400;\">pregled instalacije in zamenjavo regulatorja s plinsko cevjo (po priporo\u010dilu strokovnjaka na\u0161e podporne storitvene slu\u017ebe),<\/span><\/li>\n<li style=\"font-weight: 400;\" aria-level=\"1\"><span style=\"font-weight: 400;\">na\u010drtovanje in izdelavo ponudbe za postavitev plinske postaje.<\/span><\/li>\n<\/ul>\n<span class=\"scroll-to\" data-label=\"Scroll to: #oddajte-povprasevanje\" data-bullet=\"false\" data-link=\"#oddajte-povprasevanje\" data-title=\"Oddajte povpra\u0161evanje\"><a name=\"oddajte-povprasevanje\"><\/a><\/span>\n\t<div id=\"gap-1978507254\" class=\"gap-element clearfix\" style=\"display:block; height:auto;\">\n\t\t\n<style>\n#gap-1978507254 {\n  padding-top: 30px;\n}\n<\/style>\n\t<\/div>\n\t\n<h2 class=\"s-tit bfr-blue\">Oddajte povpra\u0161evanje<\/h2>\n<p><span style=\"font-weight: 400;\">Izpolnite obrazec in se dogovorite za najem jeklenke ali nakup plina v jeklenki.<\/span><\/p>\n<a href=\"\/en\/contact\/ask-more\/\" class=\"button primary btn-green ask-us\" >\n\t\t<span>Oddajte povpra\u0161evanje<\/span>\n\t<\/a>\n\n<span class=\"scroll-to\" data-label=\"Scroll to: #pomoc-in-podpora\" data-bullet=\"false\" data-link=\"#pomoc-in-podpora\" data-title=\"Pomo\u010d in podpora\"><a name=\"pomoc-in-podpora\"><\/a><\/span>\n\t<div id=\"gap-14991002\" class=\"gap-element clearfix\" style=\"display:block; height:auto;\">\n\t\t\n<style>\n#gap-14991002 {\n  padding-top: 30px;\n}\n<\/style>\n\t<\/div>\n\t\n<h2 class=\"s-tit bfr-blue\">Pomo\u010d in podpora<\/h2>\n<p><span style=\"text-decoration: underline;\"><span style=\"font-weight: 400;\">Poi\u0161\u010dite ve\u010d informacij o UNP v jeklenkah. Na enem mestu vas \u010dakajo:<\/span><\/span><\/p>\n<div class=\"row\"  id=\"row-1825580709\">\n\n\t<div id=\"col-704429959\" class=\"col pb-0 medium-6 small-12 large-6\"  >\n\t\t\t\t<div class=\"col-inner\"  >\n\t\t\t\n\t\t\t\n<span class=\"scroll-to\" data-label=\"Scroll to: #splosni-pogoji-in-zakonodaja2\" data-bullet=\"false\" data-link=\"#splosni-pogoji-in-zakonodaja2\" data-title=\"Splo\u0161ni pogoji in zakonodaja\"><a name=\"splosni-pogoji-in-zakonodaja2\"><\/a><\/span>\n\n\t<a class=\"plain\" href=\"\/en\/help-and-support\/lpg-in-cylinders\/#splosni-pogoji-in-zakonodaja\" >\t<div class=\"icon-box featured-box aligning cta-grey icon-box-left text-left\"  >\n\t\t\t\t\t<div class=\"icon-box-img\" style=\"width: 90px\">\n\t\t\t\t<div class=\"icon\">\n\t\t\t\t\t<div class=\"icon-inner\" >\n\t\t\t\t\t\t<img loading=\"lazy\" decoding=\"async\" width=\"150\" height=\"150\" src=\"https:\/\/www.istrabenzplini.si\/wp-content\/uploads\/2023\/08\/zakonodaja.png\" class=\"attachment-medium size-medium\" alt=\"\" title=\"\">\t\t\t\t\t<\/div>\n\t\t\t\t<\/div>\n\t\t\t<\/div>\n\t\t\t\t<div class=\"icon-box-text last-reset\">\n\t\t\t\t\t\t\t\t\t\n\t<div id=\"text-928300421\" class=\"text\">\n\t\t\n<p class=\"mb-0\"><strong>Splo\u0161ni pogoji in zakonodaja<\/strong><\/p>\n\t\t\n<style>\n#text-928300421 {\n  font-size: 1.1rem;\n}\n<\/style>\n\t<\/div>\n\t\n\t\t<\/div>\n\t<\/div>\n\t<\/a>\n\t\n\t<div id=\"gap-1157261487\" class=\"gap-element clearfix\" style=\"display:block; height:auto;\">\n\t\t\n<style>\n#gap-1157261487 {\n  padding-top: 15px;\n}\n<\/style>\n\t<\/div>\n\t\n<span class=\"scroll-to\" data-label=\"Scroll to: #predpisi-varnost-in-vzdrzevanje2\" data-bullet=\"false\" data-link=\"#predpisi-varnost-in-vzdrzevanje2\" data-title=\"Predpisi, varnost in vzdr\u017eevanje\"><a name=\"predpisi-varnost-in-vzdrzevanje2\"><\/a><\/span>\n\n\t<a class=\"plain\" href=\"\/en\/help-and-support\/lpg-in-cylinders\/#predpisi-varnost-in-vzdrzevanje\" >\t<div class=\"icon-box featured-box aligning cta-grey icon-box-left text-left\"  >\n\t\t\t\t\t<div class=\"icon-box-img\" style=\"width: 90px\">\n\t\t\t\t<div class=\"icon\">\n\t\t\t\t\t<div class=\"icon-inner\" >\n\t\t\t\t\t\t<img loading=\"lazy\" decoding=\"async\" width=\"150\" height=\"150\" src=\"https:\/\/www.istrabenzplini.si\/wp-content\/uploads\/2023\/08\/vzdrzevanje-1.png\" class=\"attachment-medium size-medium\" alt=\"\" title=\"\">\t\t\t\t\t<\/div>\n\t\t\t\t<\/div>\n\t\t\t<\/div>\n\t\t\t\t<div class=\"icon-box-text last-reset\">\n\t\t\t\t\t\t\t\t\t\n\t<div id=\"text-3359223267\" class=\"text\">\n\t\t\n<p class=\"mb-0\"><strong>Predpisi, varnost in vzdr\u017eevanje<\/strong><\/p>\n\t\t\n<style>\n#text-3359223267 {\n  font-size: 1.1rem;\n}\n<\/style>\n\t<\/div>\n\t\n\t\t<\/div>\n\t<\/div>\n\t<\/a>\n\t\n\t<div id=\"gap-1571653725\" class=\"gap-element clearfix\" style=\"display:block; height:auto;\">\n\t\t\n<style>\n#gap-1571653725 {\n  padding-top: 15px;\n}\n<\/style>\n\t<\/div>\n\t\n<span class=\"scroll-to\" data-label=\"Scroll to: #vonj-po-plinu2\" data-bullet=\"false\" data-link=\"#vonj-po-plinu2\" data-title=\"Kako ravnati, \u010de zaznate vonj po plinu?\"><a name=\"vonj-po-plinu2\"><\/a><\/span>\n\n\t<a class=\"plain\" href=\"\/en\/help-and-support\/lpg-in-cylinders\/#vonj-po-plinu\" >\t<div class=\"icon-box featured-box aligning cta-grey icon-box-left text-left\"  >\n\t\t\t\t\t<div class=\"icon-box-img\" style=\"width: 90px\">\n\t\t\t\t<div class=\"icon\">\n\t\t\t\t\t<div class=\"icon-inner\" >\n\t\t\t\t\t\t<img loading=\"lazy\" decoding=\"async\" width=\"150\" height=\"150\" src=\"https:\/\/www.istrabenzplini.si\/wp-content\/uploads\/2023\/08\/vonj.png\" class=\"attachment-medium size-medium\" alt=\"\" title=\"\">\t\t\t\t\t<\/div>\n\t\t\t\t<\/div>\n\t\t\t<\/div>\n\t\t\t\t<div class=\"icon-box-text last-reset\">\n\t\t\t\t\t\t\t\t\t\n\t<div id=\"text-3591694609\" class=\"text\">\n\t\t\n<p class=\"mb-0\"><strong>Kako ravnati, \u010de zaznate vonj po plinu?<\/strong><\/p>\n\t\t\n<style>\n#text-3591694609 {\n  font-size: 1.1rem;\n}\n<\/style>\n\t<\/div>\n\t\n\t\t<\/div>\n\t<\/div>\n\t<\/a>\n\t\n\t\t<\/div>\n\t\t\t\t\t<\/div>\n\n\t\n\n\t<div id=\"col-624199800\" class=\"col pb-0 medium-6 small-12 large-6\"  >\n\t\t\t\t<div class=\"col-inner\"  >\n\t\t\t\n\t\t\t\n<span class=\"scroll-to\" data-label=\"Scroll to: #ceniki2\" data-bullet=\"false\" data-link=\"#ceniki2\" data-title=\"Ceniki\"><a name=\"ceniki2\"><\/a><\/span>\n\n\t<a class=\"plain\" href=\"\/en\/help-and-support\/lpg-in-cylinders\/#ceniki\" >\t<div class=\"icon-box featured-box aligning cta-grey icon-box-left text-left\"  >\n\t\t\t\t\t<div class=\"icon-box-img\" style=\"width: 90px\">\n\t\t\t\t<div class=\"icon\">\n\t\t\t\t\t<div class=\"icon-inner\" >\n\t\t\t\t\t\t<img loading=\"lazy\" decoding=\"async\" width=\"150\" height=\"150\" src=\"https:\/\/www.istrabenzplini.si\/wp-content\/uploads\/2023\/08\/ceniki.png\" class=\"attachment-medium size-medium\" alt=\"\" title=\"\">\t\t\t\t\t<\/div>\n\t\t\t\t<\/div>\n\t\t\t<\/div>\n\t\t\t\t<div class=\"icon-box-text last-reset\">\n\t\t\t\t\t\t\t\t\t\n\t<div id=\"text-364122171\" class=\"text\">\n\t\t\n<p class=\"mb-0\"><strong>Ceniki<\/strong><\/p>\n\t\t\n<style>\n#text-364122171 {\n  font-size: 1.1rem;\n}\n<\/style>\n\t<\/div>\n\t\n\t\t<\/div>\n\t<\/div>\n\t<\/a>\n\t\n\t<div id=\"gap-1097772589\" class=\"gap-element clearfix\" style=\"display:block; height:auto;\">\n\t\t\n<style>\n#gap-1097772589 {\n  padding-top: 15px;\n}\n<\/style>\n\t<\/div>\n\t\n<span class=\"scroll-to\" data-label=\"Scroll to: #varna-uporaba-plina-v-jeklenkah2\" data-bullet=\"false\" data-link=\"#varna-uporaba-plina-v-jeklenkah2\" data-title=\"Varna uporaba plina v jeklenkah\"><a name=\"varna-uporaba-plina-v-jeklenkah2\"><\/a><\/span>\n\n\t<a class=\"plain\" href=\"\/en\/help-and-support\/lpg-in-cylinders\/#varna-uporaba-plina-v-jeklenkah\" >\t<div class=\"icon-box featured-box aligning cta-grey icon-box-left text-left\"  >\n\t\t\t\t\t<div class=\"icon-box-img\" style=\"width: 90px\">\n\t\t\t\t<div class=\"icon\">\n\t\t\t\t\t<div class=\"icon-inner\" >\n\t\t\t\t\t\t<img loading=\"lazy\" decoding=\"async\" width=\"150\" height=\"150\" src=\"https:\/\/www.istrabenzplini.si\/wp-content\/uploads\/2023\/06\/01-varna-jeklenka.png\" class=\"attachment-medium size-medium\" alt=\"\" title=\"\">\t\t\t\t\t<\/div>\n\t\t\t\t<\/div>\n\t\t\t<\/div>\n\t\t\t\t<div class=\"icon-box-text last-reset\">\n\t\t\t\t\t\t\t\t\t\n\t<div id=\"text-2577113026\" class=\"text\">\n\t\t\n<p class=\"mb-0\"><strong>Varna uporaba plina v jeklenkah<\/strong><\/p>\n\t\t\n<style>\n#text-2577113026 {\n  font-size: 1.1rem;\n}\n<\/style>\n\t<\/div>\n\t\n\t\t<\/div>\n\t<\/div>\n\t<\/a>\n\t\n\t\t<\/div>\n\t\t\t\t\n<style>\n#col-624199800 > .col-inner {\n  margin: 15px 0px 0px 0px;\n}\n@media (min-width:550px) {\n  #col-624199800 > .col-inner {\n    margin: 0px 0px 0px 0px;\n  }\n}\n<\/style>\n\t<\/div>\n\n\t\n<\/div>\n\t\t<\/div>\n\t\t\t\t\n<style>\n#col-39311999 > .col-inner {\n  padding: 0px 0px 0px 0px;\n}\n@media (min-width:550px) {\n  #col-39311999 > .col-inner {\n    padding: 0px 0px 0px 0px;\n  }\n}\n@media (min-width:850px) {\n  #col-39311999 > .col-inner {\n    padding: 0px 75px 0px 0px;\n  }\n}\n<\/style>\n\t<\/div>\n\n\t\n\n\t<div id=\"col-1630968511\" class=\"col stck hide-for-medium medium-4 small-12 large-3 small-col-first\"  >\n\t\t<div class=\"is-sticky-column\"><div class=\"is-sticky-column__inner\">\t\t<div class=\"col-inner\"  >\n\t\t\t\n\t\t\t\n<ul class=\"page-menu\">\n<li><a href=\"#brezplacna-uporaba\">Brezpla\u010dna uporaba plinskih jeklenk<\/a><\/li>\n<li><a href=\"#katero-jeklenko-izbrati\">Katero jeklenko izbrati?<\/a><\/li>\n<li><a href=\"#kako-do-jeklenke\">Kako do jeklenke za poslovno uporabo<\/a><\/li>\n<li><a href=\"#ostala-ponudba\">Ostala ponudba<\/a><\/li>\n<li><a href=\"#oddajte-povprasevanje\">Oddajte povpra\u0161evanje<\/a><\/li>\n<li><a href=\"#pomoc-in-podpora\">Pomo\u010d in podpora<\/a><\/li>\n<li><a href=\"#splosni-pogoji-in-zakonodaja2\">Splo\u0161ni pogoji in zakonodaja<\/a><\/li>\n<li><a href=\"#predpisi-varnost-in-vzdrzevanje2\">Predpisi, varnost in vzdr\u017eevanje<\/a><\/li>\n<li><a href=\"#vonj-po-plinu2\">Kako ravnati, \u010de zaznate vonj po plinu?<\/a><\/li>\n<li><a href=\"#ceniki2\">Ceniki<\/a><\/li>\n<li><a href=\"#varna-uporaba-plina-v-jeklenkah2\">Varna uporaba plina v jeklenkah<\/a><\/li>\n<\/ul>\n\t\t<\/div>\n\t\t<\/div><\/div>\t\t\t<\/div>\n\n\t\n<\/div>\n\t\t<\/div>\n\n\t\t\n<style>\n#section_1124816792 {\n  padding-top: 65px;\n  padding-bottom: 65px;\n}\n@media (min-width:550px) {\n  #section_1124816792 {\n    padding-top: 65px;\n    padding-bottom: 65px;\n  }\n}\n@media (min-width:850px) {\n  #section_1124816792 {\n    padding-top: 100px;\n    padding-bottom: 100px;\n  }\n}\n<\/style>\n\t<\/section>\n\t\n\n\t<section class=\"section\" id=\"section_791613362\">\n\t\t<div class=\"section-bg fill\" >\n\t\t\t\t\t\t\t\t\t\n\t\t\t\n\n\t\t<\/div>\n\n\t\t\n\n\t\t<div class=\"section-content relative\">\n\t\t\t\r\n\r\n<div class=\"row\"  id=\"row-1327288936\">\r\n\r\n\n\t<div id=\"col-1454646882\" class=\"col pb-0 medium-12 small-12 large-5\"  >\n\t\t\t\t<div class=\"col-inner\"  >\n\t\t\t\n\t\t\t\r\n\r\n<h2 class=\"s-tit\">Have you found everything you needed?<\/h2>\r\n\r\n\t\t<\/div>\n\t\t\t\t\t<\/div>\n\n\t\r\n\n\t<div id=\"col-636753169\" class=\"col pb-0 medium-12 small-12 large-7\"  >\n\t\t\t\t<div class=\"col-inner\"  >\n\t\t\t\n\t\t\t\r\n\r\n<p class=\"cta-desc\">If you need any information and assistance on how to use our products, feel free to contact us<\/p>\r\n<a href=\"\/en\/contact\/ask-more\/\" class=\"button primary btn-green ask-us\" >\n\t\t<span>CONTACT US<\/span>\n\t<\/a>\n\r\n\r\n<a href=\"tel:+386801228\" class=\"button primary btn-out cont\" >\n\t\t<span>080 1228<\/span>\n\t<\/a>\n\r\n\r\n\r\n\t\t<\/div>\n\t\t\t\t\t<\/div>\n\n\t\r\n\r\n<\/div>\r\n\t<div id=\"gap-403454668\" class=\"gap-element clearfix\" style=\"display:block; height:auto;\">\n\t\t\n<style>\n#gap-403454668 {\n  padding-top: 100px;\n}\n<\/style>\n\t<\/div>\n\t\r\n\r\n\r\n\t\t<\/div>\n\n\t\t\n<style>\n#section_791613362 {\n  padding-top: 65px;\n  padding-bottom: 65px;\n  background-color: rgb(248, 248, 248);\n}\n@media (min-width:850px) {\n  #section_791613362 {\n    padding-top: 100px;\n    padding-bottom: 100px;\n  }\n}\n<\/style>\n\t<\/section>\n\t\n","protected":false},"excerpt":{"rendered":"","protected":false},"author":1,"featured_media":0,"parent":2852,"menu_order":0,"comment_status":"closed","ping_status":"closed","template":"","meta":{"footnotes":""},"class_list":["post-2854","page","type-page","status-publish","hentry"],"_links":{"self":[{"href":"https:\/\/www.istrabenzplini.si\/en\/wp-json\/wp\/v2\/pages\/2854","targetHints":{"allow":["GET"]}}],"collection":[{"href":"https:\/\/www.istrabenzplini.si\/en\/wp-json\/wp\/v2\/pages"}],"about":[{"href":"https:\/\/www.istrabenzplini.si\/en\/wp-json\/wp\/v2\/types\/page"}],"author":[{"embeddable":true,"href":"https:\/\/www.istrabenzplini.si\/en\/wp-json\/wp\/v2\/users\/1"}],"replies":[{"embeddable":true,"href":"https:\/\/www.istrabenzplini.si\/en\/wp-json\/wp\/v2\/comments?post=2854"}],"version-history":[{"count":0,"href":"https:\/\/www.istrabenzplini.si\/en\/wp-json\/wp\/v2\/pages\/2854\/revisions"}],"up":[{"embeddable":true,"href":"https:\/\/www.istrabenzplini.si\/en\/wp-json\/wp\/v2\/pages\/2852"}],"wp:attachment":[{"href":"https:\/\/www.istrabenzplini.si\/en\/wp-json\/wp\/v2\/media?parent=2854"}],"curies":[{"name":"wp","href":"https:\/\/api.w.org\/{rel}","templated":true}]}}