{"id":2853,"date":"2023-04-19T11:23:53","date_gmt":"2023-04-19T09:23:53","guid":{"rendered":"https:\/\/istrabenzplini.pakt.si\/?page_id=2853"},"modified":"2024-05-26T22:30:21","modified_gmt":"2024-05-26T20:30:21","slug":"how-to-get-a-commercial-cylinder","status":"publish","type":"page","link":"https:\/\/www.istrabenzplini.si\/en\/lpg-in-cylinders\/for-companies\/how-to-get-a-commercial-cylinder\/","title":{"rendered":"How to get a commercial cylinder?"},"content":{"rendered":"\n\t<section class=\"section\" id=\"section_114901920\">\n\t\t<div class=\"section-bg fill\" >\n\t\t\t<img loading=\"lazy\" decoding=\"async\" width=\"2000\" height=\"1196\" src=\"https:\/\/www.istrabenzplini.si\/wp-content\/uploads\/2023\/11\/05-kako-do-jeklenke-za-poslovno-uporabo.jpg\" class=\"bg attachment-original size-original\" alt=\"\" title=\"\">\t\t\t\t\t\t<div class=\"section-bg-overlay absolute fill\"><\/div>\n\t\t\t\n\n\t\t<\/div>\n\n\t\t\n\n\t\t<div class=\"section-content relative\">\n\t\t\t\n<div class=\"row\"  id=\"row-313872731\">\n\n\t<div id=\"col-369145593\" class=\"col pb-0 mainsec-pl medium-12 small-12 large-7\"  >\n\t\t\t\t<div class=\"col-inner\"  >\n\t\t\t\n\t\t\t\n<div class=\"row\"  id=\"row-1998533048\">\n\n\t<div id=\"col-996012664\" class=\"col pb-0 col-mainsec small-12 large-12\"  >\n\t\t\t\t<div class=\"col-inner\"  >\n\t\t\t\n\t\t\t\n\t<div id=\"text-4031249084\" class=\"text\">\n\t\t\n<h1 class=\"main-tit\">Kako do jeklenke za poslovno uporabo?<\/h1>\n<p class=\"main-desc bigger\">Izberite eno izmed treh poti, kako lahko najamete jeklenko ali kupite plin v jelenki. Na\u0161i strokovnjaki so vam na voljo za dodatne informacije, vpra\u0161anja in nasvete pri uporabi plina v jeklenkah.<\/p>\n\t\t\n<style>\n#text-4031249084 {\n  color: rgb(255,255,255);\n}\n#text-4031249084 > * {\n  color: rgb(255,255,255);\n}\n<\/style>\n\t<\/div>\n\t\n\t\t<\/div>\n\t\t\t\t\t<\/div>\n\n\t\n<\/div>\n\t\t<\/div>\n\t\t\t\t\t<\/div>\n\n\t\n<\/div>\n\t\t<\/div>\n\n\t\t\n<style>\n#section_114901920 {\n  padding-top: 65px;\n  padding-bottom: 65px;\n  min-height: 0vh;\n}\n#section_114901920 .section-bg-overlay {\n  background-color: rgba(8, 63, 136, 0.575);\n}\n#section_114901920 .section-bg img {\n  object-position: 67% 60%;\n}\n@media (min-width:550px) {\n  #section_114901920 {\n    padding-top: 65px;\n    padding-bottom: 65px;\n  }\n}\n@media (min-width:850px) {\n  #section_114901920 {\n    padding-top: 100px;\n    padding-bottom: 100px;\n    min-height: 71vh;\n  }\n}\n<\/style>\n\t<\/section>\n\t\n<div class=\"row align-middle breadcrump\"  id=\"row-699629993\">\n\n\t<div id=\"col-1529828842\" class=\"col pb-0 small-12 large-12\"  >\n\t\t\t\t<div class=\"col-inner\"  >\n\t\t\t\n\t\t\t\n\t\t<div class=\"pb-0\">\n\t\t\t\t\n<nav aria-label=\"breadcrumbs\" class=\"rank-math-breadcrumb\"><p><\/p><\/nav>\n\t\t<\/div>\n\t\n\t\t<\/div>\n\t\t\t\t\t<\/div>\n\n\t\n<\/div>\n<span class=\"scroll-to\" data-label=\"Scroll to: #tel-stevilka\" data-bullet=\"false\" data-link=\"#tel-stevilka\" data-title=\"Brezpla\u010dna telefonska \u0161tevilka\"><a name=\"tel-stevilka\"><\/a><\/span>\n\n\t<section class=\"section\" id=\"section_2014141025\">\n\t\t<div class=\"section-bg fill\" >\n\t\t\t\t\t\t\t\t\t\n\t\t\t\n\n\t\t<\/div>\n\n\t\t\n\n\t\t<div class=\"section-content relative\">\n\t\t\t\n<div class=\"row\"  id=\"row-1953445846\">\n\n\t<div id=\"col-1286428048\" class=\"col pb-0 brd medium-12 small-12 large-9\"  >\n\t\t\t\t<div class=\"col-inner\"  >\n\t\t\t\n\t<div class=\"is-border\"\n\t\tstyle=\"border-width:0px 1px 0px 0px;margin:0px 1px 0px 0px;\">\n\t<\/div>\n\t\t\t\n<h2 class=\"s-tit bfr-blue\">Brezpla\u010dna telefonska \u0161tevilka<\/h2>\n<p>Za ve\u010d informacij in naro\u010dilo plina v jeklenki, nas pokli\u010dite na brezpla\u010dno telefonsko \u0161tevilko <span style=\"text-decoration: underline;\"><a href=\"tel:+386801228\">080 1228<\/a><\/span>, na voljo smo vam od ponedeljka do sobote med 7. in 20. uro.<\/p>\n<span class=\"scroll-to\" data-label=\"Scroll to: #oddajte-povprasevanje\" data-bullet=\"false\" data-link=\"#oddajte-povprasevanje\" data-title=\"Oddajte spletni obrazec\"><a name=\"oddajte-povprasevanje\"><\/a><\/span>\n\t<div id=\"gap-1312644271\" class=\"gap-element clearfix\" style=\"display:block; height:auto;\">\n\t\t\n<style>\n#gap-1312644271 {\n  padding-top: 30px;\n}\n<\/style>\n\t<\/div>\n\t\n<h2 class=\"s-tit bfr-blue\">Oddajte spletni obrazec<\/h2>\n<p><span style=\"font-weight: 400;\">Izpolnite spletni obrazec za povpra\u0161evanje in na\u0161i strokovnjaki vas bodo kontaktirali v najkraj\u0161em \u010dasu.<\/span><\/p>\n<a href=\"\/en\/contact\/ask-more\/\" class=\"button primary btn-green ask-us\" >\n\t\t<span>Oddajte povpra\u0161evanje<\/span>\n\t<\/a>\n\n<span class=\"scroll-to\" data-label=\"Scroll to: #maloprodajna-mesta\" data-bullet=\"false\" data-link=\"#maloprodajna-mesta\" data-title=\"Maloprodajna mesta Istrabenz plini\"><a name=\"maloprodajna-mesta\"><\/a><\/span>\n\t<div id=\"gap-2033795760\" class=\"gap-element clearfix\" style=\"display:block; height:auto;\">\n\t\t\n<style>\n#gap-2033795760 {\n  padding-top: 30px;\n}\n<\/style>\n\t<\/div>\n\t\n<h2 class=\"s-tit bfr-blue\">Maloprodajna mesta Istrabenz plini<\/h2>\n<p><span style=\"font-weight: 400;\">Za najem jeklenk ali nakup plina v jeklenkah se lahko dogovorite tudi na na\u0161ih maloprodajnih mestih v Kopru, Novem mestu in Celju.<\/span><\/p>\n<table class=\"tabela tabela-specs\" style=\"text-align: start; color: #ececec; background-color: #ffffff; font-size: medium; border-collapse: collapse;\" border=\"0\" cellspacing=\"0\" cellpadding=\"0\">\n<tbody>\n<tr style=\"color: #ffffff; background-color: #4aaa27;\">\n<td style=\"text-align: left; color: #083f88; font-size: 0.9em; border: 1px solid #ffffff !important;\"><strong>Maloprodajna mesta Istrabenz plinov<\/strong><\/td>\n<td style=\"text-align: left; color: #083f88; font-size: 0.9em; border: 1px solid #ffffff !important;\" width=\"120\"><strong><strong>Telefon<\/strong><\/strong><\/p>\n<p>\u00a0<\/p>\n<\/td>\n<td style=\"text-align: left; color: #083f88; font-size: 0.9em; border: 1px solid #ffffff !important;\"><strong>Delovni \u010das<\/strong><\/td>\n<\/tr>\n<tr>\n<td style=\"text-align: left; color: #083f88; font-size: 0.9em; border: 1px solid #ffffff !important;\">\n<p style=\"text-align: center;\"><strong>Bertoki, Sermin 8A, 6000 Koper<\/strong><\/p>\n<\/td>\n<td style=\"text-align: left; color: #666666; font-size: 0.9em; border: 1px solid #ffffff !important;\">\n<p style=\"text-align: left;\"><span style=\"text-decoration: underline;\"><strong><a href=\"tel:+38656634654\">+3865 66 34 654<\/a><\/strong><\/span><\/p>\n<\/td>\n<td style=\"text-align: left; color: #666666; font-size: 0.9em; border: 1px solid #ffffff !important;\">\n<p style=\"text-align: left;\">PON\u2013PET: 7.30\u201315.30 (ZAPRTO v \u010dasu malice: 12.00 \u2013 12.30)<br \/>SOB, NED in prazniki: ZAPRTO<\/p>\n<\/td>\n<\/tr>\n<tr>\n<td style=\"text-align: left; color: #083f88; font-size: 0.9em; border: 1px solid #ffffff !important;\">\n<p style=\"text-align: center;\"><strong>Podbev\u0161kova ulica 10, 8000 Novo mesto<\/strong><\/p>\n<\/td>\n<td style=\"text-align: left; color: #666666; font-size: 0.9em; border: 1px solid #ffffff !important;\">\n<p style=\"text-align: left;\"><span style=\"text-decoration: underline;\"><strong><a href=\"tel:+38673934001\">+3867 39 34 001<\/a><\/strong><\/span><\/p>\n<\/td>\n<td style=\"text-align: left; color: #666666; font-size: 0.9em; border: 1px solid #ffffff !important;\">\n<p>PON\u2013PET: 7.30\u201315.30 (ZAPRTO v \u010dasu malice: 10.00 \u2013 10.30)<\/p>\n<p>SOB, NED in prazniki: ZAPRTO<\/p>\n<\/td>\n<\/tr>\n<tr>\n<td style=\"text-align: left; color: #083f88; font-size: 0.9em; border: 1px solid #ffffff !important;\">\n<p style=\"text-align: center;\"><strong>Plinarni\u0161ka ulica 1, 3000 Celje<\/strong><\/p>\n<\/td>\n<td style=\"text-align: left; color: #666666; font-size: 0.9em; border: 1px solid #ffffff !important;\">\n<p style=\"text-align: left;\"><span style=\"text-decoration: underline;\"><strong><a href=\"tel:+38634264730\">+3863 42 64 730<\/a><\/strong><\/span><\/p>\n<\/td>\n<td style=\"text-align: left; color: #666666; font-size: 0.9em; border: 1px solid #ffffff !important;\">\n<p>PON\u2013PET: 7.30\u201315.30 (ZAPRTO v \u010dasu malice: 10.00 \u2013 10.30)<br \/>SOB, NED in prazniki: ZAPRTO<\/p>\n<\/td>\n<\/tr>\n<\/tbody>\n<\/table>\n<div class=\"row row-large align-middle align-center tab-mat\"  id=\"row-1511909689\">\n\n\t<div id=\"col-939237244\" class=\"col pb-0 medium-12 small-12 large-12\"  >\n\t\t\t\t<div class=\"col-inner\"  >\n\t\t\t\n\t\t\t\n\t<div id=\"gap-2136988384\" class=\"gap-element clearfix\" style=\"display:block; height:auto;\">\n\t\t\n<style>\n#gap-2136988384 {\n  padding-top: 15px;\n}\n<\/style>\n\t<\/div>\n\t\n<a href=\"\/en\/contact\/istrabenz-plini-retail-sales-points\/\" class=\"button primary btn-green ask-us\" >\n\t\t<span>MAloprodajna mesta<\/span>\n\t<\/a>\n\n\t\t<\/div>\n\t\t\t\t\t<\/div>\n\n\t\n<\/div>\n<span class=\"scroll-to\" data-label=\"Scroll to: #pogodbeni-prodajalci\" data-bullet=\"false\" data-link=\"#pogodbeni-prodajalci\" data-title=\"Pogodbeni prodajalci\"><a name=\"pogodbeni-prodajalci\"><\/a><\/span>\n\t<div id=\"gap-900811698\" class=\"gap-element clearfix\" style=\"display:block; height:auto;\">\n\t\t\n<style>\n#gap-900811698 {\n  padding-top: 30px;\n}\n<\/style>\n\t<\/div>\n\t\n<h2 class=\"s-tit bfr-blue\">Pogodbeni prodajalci<\/h2>\n<p><span style=\"font-weight: 400;\">\u010ce \u017eelite uporabljati jeklenko Plindom, lahko vpla\u010date kavcijo na ve\u010d kot 900 prodajnih mestih po vsej Sloveniji. Preverite, kje najdete <a href=\"\/en\/contact\/lpg-cylinder-plindom-points-of-sales\/\"><span style=\"text-decoration: underline;\">najbli\u017eje prodajno mesto<\/span>.<\/a><\/span><\/p>\n<span class=\"scroll-to\" data-label=\"Scroll to: #katero-jeklenko-izbrati\" data-bullet=\"false\" data-link=\"#katero-jeklenko-izbrati\" data-title=\"Katero jeklenko izbrati?\"><a name=\"katero-jeklenko-izbrati\"><\/a><\/span>\n\t<div id=\"gap-384724492\" class=\"gap-element clearfix\" style=\"display:block; height:auto;\">\n\t\t\n<style>\n#gap-384724492 {\n  padding-top: 30px;\n}\n<\/style>\n\t<\/div>\n\t\n<h2 class=\"s-tit bfr-blue\">Katero jeklenko izbrati?<\/h2>\n<p><span style=\"font-weight: 400;\">Izberite pravo velikost jeklenke za uporabo plina v va\u0161i poslovni dejavnosti.<\/span><\/p>\n<a href=\"\/en\/lpg-in-cylinders\/for-companies\/which-cylinder-to-choose\/\" class=\"button primary btn-green ask-us\" >\n\t\t<span>Prava jeklenka za va\u0161 posel<\/span>\n\t<\/a>\n\n<a href=\"\/en\/help-and-support\/lpg-in-cylinders\/\" class=\"button primary btn-green ask-us\" >\n\t\t<span>Varna uporaba jeklenk<\/span>\n\t<\/a>\n\n<span class=\"scroll-to\" data-label=\"Scroll to: #pomoc-in-podpora\" data-bullet=\"false\" data-link=\"#pomoc-in-podpora\" data-title=\"Pomo\u010d in podpora\"><a name=\"pomoc-in-podpora\"><\/a><\/span>\n\t<div id=\"gap-684925267\" class=\"gap-element clearfix\" style=\"display:block; height:auto;\">\n\t\t\n<style>\n#gap-684925267 {\n  padding-top: 30px;\n}\n<\/style>\n\t<\/div>\n\t\n<h2 class=\"s-tit bfr-blue\">Pomo\u010d in podpora<\/h2>\n<p><span style=\"text-decoration: underline;\"><span style=\"font-weight: 400;\">Poi\u0161\u010dite ve\u010d informacij o UNP v jeklenkah. Na enem mestu vas \u010dakajo:<\/span><\/span><\/p>\n<div class=\"row\"  id=\"row-1326460716\">\n\n\t<div id=\"col-1176155778\" class=\"col pb-0 medium-6 small-12 large-6\"  >\n\t\t\t\t<div class=\"col-inner\"  >\n\t\t\t\n\t\t\t\n<span class=\"scroll-to\" data-label=\"Scroll to: #splosni-pogoji-in-zakonodaja2\" data-bullet=\"false\" data-link=\"#splosni-pogoji-in-zakonodaja2\" data-title=\"Splo\u0161ni pogoji in zakonodaja\"><a name=\"splosni-pogoji-in-zakonodaja2\"><\/a><\/span>\n\n\t<a class=\"plain\" href=\"\/en\/help-and-support\/lpg-in-cylinders\/#splosni-pogoji-in-zakonodaja\" >\t<div class=\"icon-box featured-box aligning cta-grey icon-box-left text-left\"  >\n\t\t\t\t\t<div class=\"icon-box-img\" style=\"width: 90px\">\n\t\t\t\t<div class=\"icon\">\n\t\t\t\t\t<div class=\"icon-inner\" >\n\t\t\t\t\t\t<img loading=\"lazy\" decoding=\"async\" width=\"150\" height=\"150\" src=\"https:\/\/www.istrabenzplini.si\/wp-content\/uploads\/2023\/08\/zakonodaja.png\" class=\"attachment-medium size-medium\" alt=\"\" title=\"\">\t\t\t\t\t<\/div>\n\t\t\t\t<\/div>\n\t\t\t<\/div>\n\t\t\t\t<div class=\"icon-box-text last-reset\">\n\t\t\t\t\t\t\t\t\t\n\t<div id=\"text-386856490\" class=\"text\">\n\t\t\n<p class=\"mb-0\"><strong>Splo\u0161ni pogoji in zakonodaja<\/strong><\/p>\n\t\t\n<style>\n#text-386856490 {\n  font-size: 1.1rem;\n}\n<\/style>\n\t<\/div>\n\t\n\t\t<\/div>\n\t<\/div>\n\t<\/a>\n\t\n\t<div id=\"gap-1789586813\" class=\"gap-element clearfix\" style=\"display:block; height:auto;\">\n\t\t\n<style>\n#gap-1789586813 {\n  padding-top: 15px;\n}\n<\/style>\n\t<\/div>\n\t\n<span class=\"scroll-to\" data-label=\"Scroll to: #predpisi-varnost-in-vzdrzevanje2\" data-bullet=\"false\" data-link=\"#predpisi-varnost-in-vzdrzevanje2\" data-title=\"Predpisi, varnost in vzdr\u017eevanje\"><a name=\"predpisi-varnost-in-vzdrzevanje2\"><\/a><\/span>\n\n\t<a class=\"plain\" href=\"\/en\/help-and-support\/lpg-in-cylinders\/#predpisi-varnost-in-vzdrzevanje\" >\t<div class=\"icon-box featured-box aligning cta-grey icon-box-left text-left\"  >\n\t\t\t\t\t<div class=\"icon-box-img\" style=\"width: 90px\">\n\t\t\t\t<div class=\"icon\">\n\t\t\t\t\t<div class=\"icon-inner\" >\n\t\t\t\t\t\t<img loading=\"lazy\" decoding=\"async\" width=\"150\" height=\"150\" src=\"https:\/\/www.istrabenzplini.si\/wp-content\/uploads\/2023\/08\/vzdrzevanje-1.png\" class=\"attachment-medium size-medium\" alt=\"\" title=\"\">\t\t\t\t\t<\/div>\n\t\t\t\t<\/div>\n\t\t\t<\/div>\n\t\t\t\t<div class=\"icon-box-text last-reset\">\n\t\t\t\t\t\t\t\t\t\n\t<div id=\"text-2008011131\" class=\"text\">\n\t\t\n<p class=\"mb-0\"><strong>Predpisi, varnost in vzdr\u017eevanje<\/strong><\/p>\n\t\t\n<style>\n#text-2008011131 {\n  font-size: 1.1rem;\n}\n<\/style>\n\t<\/div>\n\t\n\t\t<\/div>\n\t<\/div>\n\t<\/a>\n\t\n\t<div id=\"gap-194155921\" class=\"gap-element clearfix\" style=\"display:block; height:auto;\">\n\t\t\n<style>\n#gap-194155921 {\n  padding-top: 15px;\n}\n<\/style>\n\t<\/div>\n\t\n<span class=\"scroll-to\" data-label=\"Scroll to: #vonj-po-plinu2\" data-bullet=\"false\" data-link=\"#vonj-po-plinu2\" data-title=\"Kako ravnati, \u010de zaznate vonj po plinu?\"><a name=\"vonj-po-plinu2\"><\/a><\/span>\n\n\t<a class=\"plain\" href=\"\/en\/help-and-support\/lpg-in-cylinders\/#vonj-po-plinu\" >\t<div class=\"icon-box featured-box aligning cta-grey icon-box-left text-left\"  >\n\t\t\t\t\t<div class=\"icon-box-img\" style=\"width: 90px\">\n\t\t\t\t<div class=\"icon\">\n\t\t\t\t\t<div class=\"icon-inner\" >\n\t\t\t\t\t\t<img loading=\"lazy\" decoding=\"async\" width=\"150\" height=\"150\" src=\"https:\/\/www.istrabenzplini.si\/wp-content\/uploads\/2023\/08\/vonj.png\" class=\"attachment-medium size-medium\" alt=\"\" title=\"\">\t\t\t\t\t<\/div>\n\t\t\t\t<\/div>\n\t\t\t<\/div>\n\t\t\t\t<div class=\"icon-box-text last-reset\">\n\t\t\t\t\t\t\t\t\t\n\t<div id=\"text-3794325746\" class=\"text\">\n\t\t\n<p class=\"mb-0\"><strong>Kako ravnati, \u010de zaznate vonj po plinu?<\/strong><\/p>\n\t\t\n<style>\n#text-3794325746 {\n  font-size: 1.1rem;\n}\n<\/style>\n\t<\/div>\n\t\n\t\t<\/div>\n\t<\/div>\n\t<\/a>\n\t\n\t\t<\/div>\n\t\t\t\t\t<\/div>\n\n\t\n\n\t<div id=\"col-270038026\" class=\"col pb-0 medium-6 small-12 large-6\"  >\n\t\t\t\t<div class=\"col-inner\"  >\n\t\t\t\n\t\t\t\n<span class=\"scroll-to\" data-label=\"Scroll to: #ceniki2\" data-bullet=\"false\" data-link=\"#ceniki2\" data-title=\"Ceniki\"><a name=\"ceniki2\"><\/a><\/span>\n\n\t<a class=\"plain\" href=\"\/en\/help-and-support\/lpg-in-cylinders\/#ceniki\" >\t<div class=\"icon-box featured-box aligning cta-grey icon-box-left text-left\"  >\n\t\t\t\t\t<div class=\"icon-box-img\" style=\"width: 90px\">\n\t\t\t\t<div class=\"icon\">\n\t\t\t\t\t<div class=\"icon-inner\" >\n\t\t\t\t\t\t<img loading=\"lazy\" decoding=\"async\" width=\"150\" height=\"150\" src=\"https:\/\/www.istrabenzplini.si\/wp-content\/uploads\/2023\/08\/ceniki.png\" class=\"attachment-medium size-medium\" alt=\"\" title=\"\">\t\t\t\t\t<\/div>\n\t\t\t\t<\/div>\n\t\t\t<\/div>\n\t\t\t\t<div class=\"icon-box-text last-reset\">\n\t\t\t\t\t\t\t\t\t\n\t<div id=\"text-1472200191\" class=\"text\">\n\t\t\n<p class=\"mb-0\"><strong>Ceniki<\/strong><\/p>\n\t\t\n<style>\n#text-1472200191 {\n  font-size: 1.1rem;\n}\n<\/style>\n\t<\/div>\n\t\n\t\t<\/div>\n\t<\/div>\n\t<\/a>\n\t\n\t<div id=\"gap-497911005\" class=\"gap-element clearfix\" style=\"display:block; height:auto;\">\n\t\t\n<style>\n#gap-497911005 {\n  padding-top: 15px;\n}\n<\/style>\n\t<\/div>\n\t\n<span class=\"scroll-to\" data-label=\"Scroll to: #varna-uporaba-plina-v-jeklenkah2\" data-bullet=\"false\" data-link=\"#varna-uporaba-plina-v-jeklenkah2\" data-title=\"Varna uporaba plina v jeklenkah\"><a name=\"varna-uporaba-plina-v-jeklenkah2\"><\/a><\/span>\n\n\t<a class=\"plain\" href=\"\/en\/help-and-support\/lpg-in-cylinders\/#varna-uporaba-plina-v-jeklenkah\" >\t<div class=\"icon-box featured-box aligning cta-grey icon-box-left text-left\"  >\n\t\t\t\t\t<div class=\"icon-box-img\" style=\"width: 90px\">\n\t\t\t\t<div class=\"icon\">\n\t\t\t\t\t<div class=\"icon-inner\" >\n\t\t\t\t\t\t<img loading=\"lazy\" decoding=\"async\" width=\"150\" height=\"150\" src=\"https:\/\/www.istrabenzplini.si\/wp-content\/uploads\/2023\/06\/01-varna-jeklenka.png\" class=\"attachment-medium size-medium\" alt=\"\" title=\"\">\t\t\t\t\t<\/div>\n\t\t\t\t<\/div>\n\t\t\t<\/div>\n\t\t\t\t<div class=\"icon-box-text last-reset\">\n\t\t\t\t\t\t\t\t\t\n\t<div id=\"text-3472829334\" class=\"text\">\n\t\t\n<p class=\"mb-0\"><strong>Varna uporaba plina v jeklenkah<\/strong><\/p>\n\t\t\n<style>\n#text-3472829334 {\n  font-size: 1.1rem;\n}\n<\/style>\n\t<\/div>\n\t\n\t\t<\/div>\n\t<\/div>\n\t<\/a>\n\t\n\t\t<\/div>\n\t\t\t\t\n<style>\n#col-270038026 > .col-inner {\n  margin: 15px 0px 0px 0px;\n}\n@media (min-width:550px) {\n  #col-270038026 > .col-inner {\n    margin: 0px 0px 0px 0px;\n  }\n}\n<\/style>\n\t<\/div>\n\n\t\n<\/div>\n\t\t<\/div>\n\t\t\t\t\n<style>\n#col-1286428048 > .col-inner {\n  padding: 0px 0px 0px 0px;\n}\n@media (min-width:550px) {\n  #col-1286428048 > .col-inner {\n    padding: 0px 0px 0px 0px;\n  }\n}\n@media (min-width:850px) {\n  #col-1286428048 > .col-inner {\n    padding: 0px 75px 0px 0px;\n  }\n}\n<\/style>\n\t<\/div>\n\n\t\n\n\t<div id=\"col-513317804\" class=\"col stck hide-for-medium medium-4 small-12 large-3 small-col-first\"  >\n\t\t<div class=\"is-sticky-column\"><div class=\"is-sticky-column__inner\">\t\t<div class=\"col-inner\"  >\n\t\t\t\n\t\t\t\n<ul class=\"page-menu\">\n<li><a href=\"#tel-stevilka\">Brezpla\u010dna telefonska \u0161tevilka<br \/>\n<\/a><\/li>\n<li><a href=\"#oddajte-povprasevanje\">Oddajte spletni obrazec<\/a><\/li>\n<li><a href=\"#maloprodajna-mesta\">Maloprodajna mesta Istrabenz plini<\/a><\/li>\n<li><a href=\"#pogodbeni-prodajalci\">Pogodbeni prodajalci<\/a><\/li>\n<li><a href=\"#katero-jeklenko-izbrati\">Katero jeklenko izbrati?<\/a><\/li>\n<li><a href=\"#pomoc-in-podpora\">Pomo\u010d in podpora<\/a><\/li>\n<li><a href=\"#splosni-pogoji-in-zakonodaja2\">Splo\u0161ni pogoji in zakonodaja<\/a><\/li>\n<li><a href=\"#predpisi-varnost-in-vzdrzevanje2\">Predpisi, varnost in vzdr\u017eevanje<\/a><\/li>\n<li><a href=\"#vonj-po-plinu2\">Kako ravnati, \u010de zaznate vonj po plinu?<\/a><\/li>\n<li><a href=\"#ceniki2\">Ceniki<\/a><\/li>\n<li><a href=\"#varna-uporaba-plina-v-jeklenkah2\">Varna uporaba plina v jeklenkah<\/a><\/li>\n<\/ul>\n\t\t<\/div>\n\t\t<\/div><\/div>\t\t\t<\/div>\n\n\t\n<\/div>\n\t\t<\/div>\n\n\t\t\n<style>\n#section_2014141025 {\n  padding-top: 65px;\n  padding-bottom: 65px;\n}\n@media (min-width:550px) {\n  #section_2014141025 {\n    padding-top: 65px;\n    padding-bottom: 65px;\n  }\n}\n@media (min-width:850px) {\n  #section_2014141025 {\n    padding-top: 100px;\n    padding-bottom: 100px;\n  }\n}\n<\/style>\n\t<\/section>\n\t\n\n\t<section class=\"section\" id=\"section_234753286\">\n\t\t<div class=\"section-bg fill\" >\n\t\t\t\t\t\t\t\t\t\n\t\t\t\n\n\t\t<\/div>\n\n\t\t\n\n\t\t<div class=\"section-content relative\">\n\t\t\t\r\n\r\n<div class=\"row\"  id=\"row-609124504\">\r\n\r\n\n\t<div id=\"col-1737021803\" class=\"col pb-0 medium-12 small-12 large-5\"  >\n\t\t\t\t<div class=\"col-inner\"  >\n\t\t\t\n\t\t\t\r\n\r\n<h2 class=\"s-tit\">Have you found everything you needed?<\/h2>\r\n\r\n\t\t<\/div>\n\t\t\t\t\t<\/div>\n\n\t\r\n\n\t<div id=\"col-1081231221\" class=\"col pb-0 medium-12 small-12 large-7\"  >\n\t\t\t\t<div class=\"col-inner\"  >\n\t\t\t\n\t\t\t\r\n\r\n<p class=\"cta-desc\">If you need any information and assistance on how to use our products, feel free to contact us<\/p>\r\n<a href=\"\/en\/contact\/ask-more\/\" class=\"button primary btn-green ask-us\" >\n\t\t<span>CONTACT US<\/span>\n\t<\/a>\n\r\n\r\n<a href=\"tel:+386801228\" class=\"button primary btn-out cont\" >\n\t\t<span>080 1228<\/span>\n\t<\/a>\n\r\n\r\n\r\n\t\t<\/div>\n\t\t\t\t\t<\/div>\n\n\t\r\n\r\n<\/div>\r\n\t<div id=\"gap-1986447703\" class=\"gap-element clearfix\" style=\"display:block; height:auto;\">\n\t\t\n<style>\n#gap-1986447703 {\n  padding-top: 100px;\n}\n<\/style>\n\t<\/div>\n\t\r\n\r\n\r\n\t\t<\/div>\n\n\t\t\n<style>\n#section_234753286 {\n  padding-top: 65px;\n  padding-bottom: 65px;\n  background-color: rgb(248, 248, 248);\n}\n@media (min-width:850px) {\n  #section_234753286 {\n    padding-top: 100px;\n    padding-bottom: 100px;\n  }\n}\n<\/style>\n\t<\/section>\n\t\n","protected":false},"excerpt":{"rendered":"","protected":false},"author":1,"featured_media":0,"parent":2852,"menu_order":0,"comment_status":"closed","ping_status":"closed","template":"","meta":{"footnotes":""},"class_list":["post-2853","page","type-page","status-publish","hentry"],"_links":{"self":[{"href":"https:\/\/www.istrabenzplini.si\/en\/wp-json\/wp\/v2\/pages\/2853","targetHints":{"allow":["GET"]}}],"collection":[{"href":"https:\/\/www.istrabenzplini.si\/en\/wp-json\/wp\/v2\/pages"}],"about":[{"href":"https:\/\/www.istrabenzplini.si\/en\/wp-json\/wp\/v2\/types\/page"}],"author":[{"embeddable":true,"href":"https:\/\/www.istrabenzplini.si\/en\/wp-json\/wp\/v2\/users\/1"}],"replies":[{"embeddable":true,"href":"https:\/\/www.istrabenzplini.si\/en\/wp-json\/wp\/v2\/comments?post=2853"}],"version-history":[{"count":0,"href":"https:\/\/www.istrabenzplini.si\/en\/wp-json\/wp\/v2\/pages\/2853\/revisions"}],"up":[{"embeddable":true,"href":"https:\/\/www.istrabenzplini.si\/en\/wp-json\/wp\/v2\/pages\/2852"}],"wp:attachment":[{"href":"https:\/\/www.istrabenzplini.si\/en\/wp-json\/wp\/v2\/media?parent=2853"}],"curies":[{"name":"wp","href":"https:\/\/api.w.org\/{rel}","templated":true}]}}