{"id":2839,"date":"2023-04-19T11:23:23","date_gmt":"2023-04-19T09:23:23","guid":{"rendered":"https:\/\/istrabenzplini.pakt.si\/?page_id=2839"},"modified":"2024-06-10T10:56:59","modified_gmt":"2024-06-10T08:56:59","slug":"safe-handling-of-gas-in-cylinders","status":"publish","type":"page","link":"https:\/\/www.istrabenzplini.si\/en\/lpg-in-cylinders\/for-households\/safe-handling-of-gas-in-cylinders\/","title":{"rendered":"Safe Handling of Gas in Cylinders"},"content":{"rendered":"\n\t<section class=\"section\" id=\"section_2102199408\">\n\t\t<div class=\"section-bg fill\" >\n\t\t\t<img loading=\"lazy\" decoding=\"async\" width=\"2000\" height=\"1196\" src=\"https:\/\/www.istrabenzplini.si\/wp-content\/uploads\/2023\/05\/03-unp-v-jeklenkah-1.jpg\" class=\"bg attachment-original size-original\" alt=\"\" title=\"\">\t\t\t\t\t\t<div class=\"section-bg-overlay absolute fill\"><\/div>\n\t\t\t\n\n\t\t<\/div>\n\n\t\t\n\n\t\t<div class=\"section-content relative\">\n\t\t\t\n<div class=\"row\"  id=\"row-603689209\">\n\n\t<div id=\"col-1401135007\" class=\"col pb-0 mainsec-pl medium-12 small-12 large-7\"  >\n\t\t\t\t<div class=\"col-inner\"  >\n\t\t\t\n\t\t\t\n<div class=\"row\"  id=\"row-1022118701\">\n\n\t<div id=\"col-1546818847\" class=\"col pb-0 col-mainsec small-12 large-12\"  >\n\t\t\t\t<div class=\"col-inner\"  >\n\t\t\t\n\t\t\t\n\t<div id=\"text-391492398\" class=\"text\">\n\t\t\n<h1 class=\"main-tit\">Varno ravnanje s plinom v jeklenkah<\/h1>\n<p class=\"main-desc bigger\">Preverite nasvete za varno uporabo plinskih jeklenk in plinskih naprav.\n<\/p>\n\t\t\n<style>\n#text-391492398 {\n  color: rgb(255,255,255);\n}\n#text-391492398 > * {\n  color: rgb(255,255,255);\n}\n<\/style>\n\t<\/div>\n\t\n\t\t<\/div>\n\t\t\t\t\t<\/div>\n\n\t\n<\/div>\n\t\t<\/div>\n\t\t\t\t\t<\/div>\n\n\t\n<\/div>\n\t\t<\/div>\n\n\t\t\n<style>\n#section_2102199408 {\n  padding-top: 100px;\n  padding-bottom: 100px;\n  min-height: 71vh;\n}\n#section_2102199408 .section-bg-overlay {\n  background-color: rgba(8, 63, 136, 0.575);\n}\n#section_2102199408 .section-bg img {\n  object-position: 90% 72%;\n}\n@media (min-width:850px) {\n  #section_2102199408 {\n    min-height: 71vh;\n  }\n}\n<\/style>\n\t<\/section>\n\t\n<div class=\"row align-middle breadcrump\"  id=\"row-1325385968\">\n\n\t<div id=\"col-1790079798\" class=\"col pb-0 small-12 large-12\"  >\n\t\t\t\t<div class=\"col-inner\"  >\n\t\t\t\n\t\t\t\n\t\t<div class=\"pb-0\">\n\t\t\t\t\n<nav aria-label=\"breadcrumbs\" class=\"rank-math-breadcrumb\"><p><\/p><\/nav>\n\t\t<\/div>\n\t\n\t\t<\/div>\n\t\t\t\t\t<\/div>\n\n\t\n<\/div>\n<span class=\"scroll-to\" data-label=\"Scroll to: #nasveti-na-enem-mestu\" data-bullet=\"false\" data-link=\"#nasveti-na-enem-mestu\" data-title=\"Nasveti na enem mestu\"><a name=\"nasveti-na-enem-mestu\"><\/a><\/span>\n\n\t<section class=\"section\" id=\"section_1140364106\">\n\t\t<div class=\"section-bg fill\" >\n\t\t\t\t\t\t\t\t\t\n\t\t\t\n\n\t\t<\/div>\n\n\t\t\n\n\t\t<div class=\"section-content relative\">\n\t\t\t\n<div class=\"row\"  id=\"row-1410908824\">\n\n\t<div id=\"col-224269801\" class=\"col pb-0 brd medium-8 small-12 large-9\"  >\n\t\t\t\t<div class=\"col-inner\"  >\n\t\t\t\n\t<div class=\"is-border\"\n\t\tstyle=\"border-width:0px 1px 0px 0px;margin:0px 1px 0px 0px;\">\n\t<\/div>\n\t\t\t\n<h2 class=\"s-tit bfr-blue\">Nasveti na enem mestu<\/h2>\n<p class=\"med\"><span style=\"font-weight: 400;\">Prenesite navodila za uporabo jeklenke Plindom<\/span><\/p>\n<a href=\"\/wp-content\/uploads\/2023\/06\/Navodila-za-uporabo-jeklenke-Plindom_apr22_WEB.pdf\" target=\"_blank\" class=\"button primary btn-green ask-us\" rel=\"noopener\" >\n\t\t<span>Prenesite navodila<\/span>\n\t<\/a>\n\n\t<div id=\"gap-175692989\" class=\"gap-element clearfix\" style=\"display:block; height:auto;\">\n\t\t\n<style>\n#gap-175692989 {\n  padding-top: 30px;\n}\n<\/style>\n\t<\/div>\n\t\n<span class=\"scroll-to\" data-label=\"Scroll to: #varna-prikljucitev\" data-bullet=\"false\" data-link=\"#varna-prikljucitev\" data-title=\"Varna priklju\u010ditev\"><a name=\"varna-prikljucitev\"><\/a><\/span>\n<h2 class=\"s-tit bfr-blue\">Varna priklju\u010ditev in zamenjava jeklenke<\/h2>\n<ul>\n<li style=\"font-weight: 400;\" aria-level=\"1\"><span style=\"font-weight: 400;\">Prepri\u010damo se, da sta ventila na obeh jeklenkah zaprta.<\/span><\/li>\n<li style=\"font-weight: 400;\" aria-level=\"1\"><span style=\"font-weight: 400;\">Pregledamo tesnilo regulatorja in ga zamenjamo.<\/span><\/li>\n<li style=\"font-weight: 400;\" aria-level=\"1\"><span style=\"font-weight: 400;\">Regulator privijemo na ventil jeklenke.<\/span><\/li>\n<li style=\"font-weight: 400;\" aria-level=\"1\"><span style=\"font-weight: 400;\">Odpremo ventil. Spoj med ventilom in regulatorjem preverimo z namenskim razpr\u0161ilom ali milnico.<\/span><\/li>\n<li style=\"font-weight: 400;\" aria-level=\"1\"><span style=\"font-weight: 400;\">\u010ce spoj med ventilom na jeklenki in regulatorjem ne tesni, ventil na jeklenki zapremo ter pregledamo tesnilo in le\u017ei\u0161\u010de. Ponovno privijemo regulator in preverimo tesnjenje.<\/span><\/li>\n<li style=\"font-weight: 400;\" aria-level=\"1\"><span style=\"font-weight: 400;\">\u010ce spoj \u0161e vedno pu\u0161\u010da, ventil zapremo, jeklenko odnesemo na odprt prostor in obvestimo lastnika jeklenke na brezpla\u010dni telefonski \u0161tevilki <span style=\"text-decoration: underline;\"><a href=\"tel:+386801228\">080 1228<\/a><\/span> ali <span style=\"text-decoration: underline;\"><a href=\"tel:+386801248\">080 1248<\/a><\/span>.<\/span><\/li>\n<\/ul>\n<span class=\"scroll-to\" data-label=\"Scroll to: #pravilno-skladiscenje\" data-bullet=\"false\" data-link=\"#pravilno-skladiscenje\" data-title=\"Pravilno skladi\u0161\u010denje\"><a name=\"pravilno-skladiscenje\"><\/a><\/span>\n\t<div id=\"gap-815697798\" class=\"gap-element clearfix\" style=\"display:block; height:auto;\">\n\t\t\n<style>\n#gap-815697798 {\n  padding-top: 30px;\n}\n<\/style>\n\t<\/div>\n\t\n<h2 class=\"s-tit bfr-blue\">Pravilno skladi\u0161\u010denje jeklenk<\/h2>\n<ul>\n<li style=\"font-weight: 400;\" aria-level=\"1\"><span style=\"font-weight: 400;\">Jeklenko skladi\u0161\u010dimo v pokon\u010dni legi.<\/span><\/li>\n<li style=\"font-weight: 400;\" aria-level=\"1\"><span style=\"font-weight: 400;\">Ventil mora biti zaprt, matica (pokrov\u010dek) pa privita.<\/span><\/li>\n<li style=\"font-weight: 400;\" aria-level=\"1\"><span style=\"font-weight: 400;\">\u00a0Prostor redno zra\u010dimo in \u0161\u010ditimo pred pregrevanjem nad 50 \u00b0C.<\/span><\/li>\n<li style=\"font-weight: 400;\" aria-level=\"1\"><span style=\"font-weight: 400;\">\u00a0Jeklenke ne smemo skladi\u0161\u010diti pod povr\u0161ino okoli\u0161kega terena. Neprimerni prostori za skladi\u0161\u010denje so: kleti, stopni\u0161\u010da, prostori z ja\u0161ki za kanalizacijo, prostori z odprtim plamenom in podobni prostori.<\/span><\/li>\n<li style=\"font-weight: 400;\" aria-level=\"1\"><span style=\"font-weight: 400;\">V gospodinjstvu so lahko shranjene najve\u010d tri jeklenke s kapaciteto polnjenja 10 kg in ena jeklenka s kapaciteto polnjenja 5 kg. V prostoru s plinskim tro\u0161ilom je lahko name\u0161\u010dena le ena jeklenka s kapaciteto polnjenja do 10 kg.<\/span><\/li>\n<\/ul>\n<span class=\"scroll-to\" data-label=\"Scroll to: #pravilna-uporaba\" data-bullet=\"false\" data-link=\"#pravilna-uporaba\" data-title=\"Pravilna uporaba\"><a name=\"pravilna-uporaba\"><\/a><\/span>\n\t<div id=\"gap-1434122725\" class=\"gap-element clearfix\" style=\"display:block; height:auto;\">\n\t\t\n<style>\n#gap-1434122725 {\n  padding-top: 30px;\n}\n<\/style>\n\t<\/div>\n\t\n\t<div class=\"img has-hover x md-x lg-x y md-y lg-y\" id=\"image_1101804708\">\n\t\t\t\t\t\t\t\t<div class=\"img-inner dark\" >\n\t\t\t<img loading=\"lazy\" decoding=\"async\" width=\"1090\" height=\"403\" src=\"https:\/\/www.istrabenzplini.si\/wp-content\/uploads\/2023\/06\/varno-ravnanje-s-plinom-v-jeklenkah.png\" class=\"attachment-original size-original\" alt=\"\" srcset=\"https:\/\/www.istrabenzplini.si\/wp-content\/uploads\/2023\/06\/varno-ravnanje-s-plinom-v-jeklenkah.png 1090w, https:\/\/www.istrabenzplini.si\/wp-content\/uploads\/2023\/06\/varno-ravnanje-s-plinom-v-jeklenkah-800x296.png 800w, https:\/\/www.istrabenzplini.si\/wp-content\/uploads\/2023\/06\/varno-ravnanje-s-plinom-v-jeklenkah-768x284.png 768w\" sizes=\"auto, (max-width: 1090px) 100vw, 1090px\" title=\"\">\t\t\t\t\t\t\n\t\t\t\t\t<\/div>\n\t\t\t\t\t\t\t\t\n<style>\n#image_1101804708 {\n  width: 100%;\n}\n<\/style>\n\t<\/div>\n\t\n\t<div id=\"gap-1290824074\" class=\"gap-element clearfix\" style=\"display:block; height:auto;\">\n\t\t\n<style>\n#gap-1290824074 {\n  padding-top: 15px;\n}\n<\/style>\n\t<\/div>\n\t\n<h2 class=\"s-tit bfr-blue\">Pravilna uporaba plina v jeklenki<\/h2>\n<ul>\n<li style=\"font-weight: 400;\" aria-level=\"1\"><span style=\"font-weight: 400;\">Jeklenke ne smemo priklju\u010diti na plinsko tro\u0161ilo brez regulatorja tlaka.<\/span><\/li>\n<li style=\"font-weight: 400;\" aria-level=\"1\"><span style=\"font-weight: 400;\">Jeklenka mora biti med uporabo vedno v pokon\u010dni legi.<\/span><\/li>\n<li style=\"font-weight: 400;\" aria-level=\"1\"><span style=\"font-weight: 400;\">Plinska tro\u0161ila (\u0161tedilnik, pe\u010d) morajo biti namenjena za uporabo me\u0161anice butana in propana.<\/span><\/li>\n<li style=\"font-weight: 400;\" aria-level=\"1\"><span style=\"font-weight: 400;\">S plinom in plinskimi tro\u0161ili lahko ravnajo le osebe, pou\u010dene v skladu z navodili. Otrokom ni dovoljeno rokovanje s plinom.<\/span><\/li>\n<li style=\"font-weight: 400;\" aria-level=\"1\"><span style=\"font-weight: 400;\">V zaprtem prostoru uporabljamo plinska tro\u0161ila s termomagnetnim varovalom.<\/span><\/li>\n<li style=\"font-weight: 400;\" aria-level=\"1\"><span style=\"font-weight: 400;\">Prostore s plinskimi tro\u0161ili redno zra\u010dimo.<\/span><\/li>\n<li style=\"font-weight: 400;\" aria-level=\"1\"><span style=\"font-weight: 400;\">Plinska tro\u0161ila in plinsko opremo pregledujemo in vzdr\u017eujemo v skladu z navodili proizvajalca.<\/span><\/li>\n<li style=\"font-weight: 400;\" aria-level=\"1\"><span style=\"font-weight: 400;\">\u00a0Jeklenko vedno vrnemo s privito za\u0161\u010ditno matico.<\/span><\/li>\n<\/ul>\n<span class=\"scroll-to\" data-label=\"Scroll to: #vonj-po-plinu\" data-bullet=\"false\" data-link=\"#vonj-po-plinu\" data-title=\"Vonj po plinu\"><a name=\"vonj-po-plinu\"><\/a><\/span>\n\t<div id=\"gap-2094564191\" class=\"gap-element clearfix\" style=\"display:block; height:auto;\">\n\t\t\n<style>\n#gap-2094564191 {\n  padding-top: 30px;\n}\n<\/style>\n\t<\/div>\n\t\n<h2 class=\"s-tit bfr-blue\">Kako ravnati, \u010de zaznate vonj po plinu?<\/h2>\n<ul>\n<li style=\"font-weight: 400;\" aria-level=\"1\"><span style=\"font-weight: 400;\">Ugasnite plamen na plinskem tro\u0161ilu.<\/span><\/li>\n<li style=\"font-weight: 400;\" aria-level=\"1\"><span style=\"font-weight: 400;\">Zaprite ventil na jeklenki.<\/span><\/li>\n<li style=\"font-weight: 400;\" aria-level=\"1\"><span style=\"font-weight: 400;\">Odprite okna in vrata, da prostor prezra\u010dite.<\/span><\/li>\n<li style=\"font-weight: 400;\" aria-level=\"1\"><span style=\"font-weight: 400;\">Privijte za\u0161\u010ditno matico na jeklenki.<\/span><\/li>\n<li style=\"font-weight: 400;\" aria-level=\"1\"><span style=\"font-weight: 400;\">Odnesite jeklenko na odprt prostor.<\/span><\/li>\n<li style=\"font-weight: 400;\" aria-level=\"1\"><span style=\"font-weight: 400;\">Pokli\u010dite stalno de\u017eurno slu\u017ebo distributerja <a href=\"tel:+386801228\"><span style=\"text-decoration: underline;\">080 1228<\/span>.<\/a><\/span><\/li>\n<li style=\"font-weight: 400;\" aria-level=\"1\"><span style=\"font-weight: 400;\">Jeklenko, ki pu\u0161\u010da, pregleda in odstrani de\u017eurna slu\u017eba distributerja. V nobenem primeru jeklenke do prodajnega mesta ne preva\u017eajte sami.<\/span><\/li>\n<\/ul>\n<span class=\"scroll-to\" data-label=\"Scroll to: #vzdrzevanje\" data-bullet=\"false\" data-link=\"#vzdrzevanje\" data-title=\"Vzdr\u017eevanje\"><a name=\"vzdrzevanje\"><\/a><\/span>\n\t<div id=\"gap-1324750223\" class=\"gap-element clearfix\" style=\"display:block; height:auto;\">\n\t\t\n<style>\n#gap-1324750223 {\n  padding-top: 30px;\n}\n<\/style>\n\t<\/div>\n\t\n\t<div class=\"img has-hover bord-r x md-x lg-x y md-y lg-y\" id=\"image_1011999513\">\n\t\t\t\t\t\t\t\t<div class=\"img-inner dark\" >\n\t\t\t<img loading=\"lazy\" decoding=\"async\" width=\"1100\" height=\"400\" src=\"https:\/\/www.istrabenzplini.si\/wp-content\/uploads\/2023\/07\/plin-v-gospodinjstvu.jpg\" class=\"attachment-original size-original\" alt=\"\" srcset=\"https:\/\/www.istrabenzplini.si\/wp-content\/uploads\/2023\/07\/plin-v-gospodinjstvu.jpg 1100w, https:\/\/www.istrabenzplini.si\/wp-content\/uploads\/2023\/07\/plin-v-gospodinjstvu-800x291.jpg 800w, https:\/\/www.istrabenzplini.si\/wp-content\/uploads\/2023\/07\/plin-v-gospodinjstvu-768x279.jpg 768w\" sizes=\"auto, (max-width: 1100px) 100vw, 1100px\" title=\"\">\t\t\t\t\t\t\n\t\t\t\t\t<\/div>\n\t\t\t\t\t\t\t\t\n<style>\n#image_1011999513 {\n  width: 100%;\n}\n<\/style>\n\t<\/div>\n\t\n\t<div id=\"gap-1429553658\" class=\"gap-element clearfix\" style=\"display:block; height:auto;\">\n\t\t\n<style>\n#gap-1429553658 {\n  padding-top: 20px;\n}\n<\/style>\n\t<\/div>\n\t\n<h2 class=\"s-tit bfr-blue\">Redno vzdr\u017eevanje plinske napeljave v gospodinjstvu obsega:<\/h2>\n<ul>\n<li style=\"font-weight: 400;\" aria-level=\"1\"><span style=\"font-weight: 400;\">zamenjavo gumijastega tesnila ob vsaki zamenjavi plinske jeklenke,<\/span><\/li>\n<li style=\"font-weight: 400;\" aria-level=\"1\"><span style=\"font-weight: 400;\">pregled in zamenjavo dovodne cevi \u2013 priporo\u010damo zamenjavo na vsaki 2 leti,<\/span><\/li>\n<li style=\"font-weight: 400;\" aria-level=\"1\"><span style=\"font-weight: 400;\">pregled ustreznosti pritrditve dovodne cevi z objemkami (skladno z navodili proizvajalca za monta\u017eo cevi),<\/span><\/li>\n<li style=\"font-weight: 400;\" aria-level=\"1\"><span style=\"font-weight: 400;\">pregled in zamenjavo regulatorja tlaka plina najmanj vsakih 8 let, ne glede na stanje,<\/span><\/li>\n<li style=\"font-weight: 400;\" aria-level=\"1\"><span style=\"font-weight: 400;\">pregled plinske in\u0161talacije od po\u017earne pipe do porabnika \u2013 vsako leto.<\/span><\/li>\n<\/ul>\n<span class=\"scroll-to\" data-label=\"Scroll to: #splosni-pogoji\" data-bullet=\"false\" data-link=\"#splosni-pogoji\" data-title=\"Splo\u0161ni pogoji\"><a name=\"splosni-pogoji\"><\/a><\/span>\n\t<div id=\"gap-1047583655\" class=\"gap-element clearfix\" style=\"display:block; height:auto;\">\n\t\t\n<style>\n#gap-1047583655 {\n  padding-top: 30px;\n}\n<\/style>\n\t<\/div>\n\t\n<h2 class=\"s-tit bfr-blue\">Splo\u0161ni pogoji poslovanja z jeklenko Plindom<\/h2>\n<a href=\"\/en\/lpg-in-cylinders\/for-households\/payment-of-the-deposit-for-the-plindom-cylinder-and-return-of-the-plindom-cylinders\/#povezane-datoteke\" target=\"_blank\" class=\"button primary btn-green ask-us\" rel=\"noopener\" >\n\t\t<span>Splo\u0161ni pogoji<\/span>\n\t<\/a>\n\n\t<div id=\"gap-321674379\" class=\"gap-element clearfix\" style=\"display:block; height:auto;\">\n\t\t\n<style>\n#gap-321674379 {\n  padding-top: 15px;\n}\n<\/style>\n\t<\/div>\n\t\n\t\t<\/div>\n\t\t\t\t\n<style>\n#col-224269801 > .col-inner {\n  padding: 0px 0px 0px 0px;\n}\n@media (min-width:550px) {\n  #col-224269801 > .col-inner {\n    padding: 0px 75px 0px 0px;\n  }\n}\n<\/style>\n\t<\/div>\n\n\t\n\n\t<div id=\"col-759847819\" class=\"col stck hide-for-small medium-4 small-12 large-3 small-col-first\"  >\n\t\t<div class=\"is-sticky-column\"><div class=\"is-sticky-column__inner\">\t\t<div class=\"col-inner\"  >\n\t\t\t\n\t\t\t\n<ul class=\"page-menu\">\n<li><a href=\"#nasveti-na-enem-mestu\">Nasveti na enem mestu<\/a><\/li>\n<li><a href=\"#varna-prikljucitev\">Varna priklju\u010ditev in zamenjava jeklenke<br \/>\n<\/a><\/li>\n<li><a href=\"#pravilno-skladiscenje\">Pravilno skladi\u0161\u010denje jeklenk<\/a><\/li>\n<li><a href=\"#pravilna-uporaba\">Pravilna uporaba plina v jeklenki<\/a><\/li>\n<li><a href=\"#vonj-po-plinu\">Kako ravnati, \u010de zaznate vonj po plinu?<\/a><\/li>\n<li><a href=\"#vzdrzevanje\">Redno vzdr\u017eevanje plinske napeljave v gospodinjstvu obsega<\/a><\/li>\n<li><a href=\"#splosni-pogoji\">Splo\u0161ni pogoji poslovanja z jeklenko Plindom<\/a><\/li>\n<\/ul>\n\t\t<\/div>\n\t\t<\/div><\/div>\t\t\t<\/div>\n\n\t\n<\/div>\n\t\t<\/div>\n\n\t\t\n<style>\n#section_1140364106 {\n  padding-top: 65px;\n  padding-bottom: 65px;\n}\n@media (min-width:550px) {\n  #section_1140364106 {\n    padding-top: 100px;\n    padding-bottom: 100px;\n  }\n}\n<\/style>\n\t<\/section>\n\t\n\n\t<section class=\"section\" id=\"section_1810369554\">\n\t\t<div class=\"section-bg fill\" >\n\t\t\t\t\t\t\t\t\t\n\t\t\t\n\n\t\t<\/div>\n\n\t\t\n\n\t\t<div class=\"section-content relative\">\n\t\t\t\r\n\r\n<div class=\"row\"  id=\"row-141695817\">\r\n\r\n\n\t<div id=\"col-330838753\" class=\"col pb-0 medium-12 small-12 large-5\"  >\n\t\t\t\t<div class=\"col-inner\"  >\n\t\t\t\n\t\t\t\r\n\r\n<h2 class=\"s-tit\">Have you found everything you needed?<\/h2>\r\n\r\n\t\t<\/div>\n\t\t\t\t\t<\/div>\n\n\t\r\n\n\t<div id=\"col-769279602\" class=\"col pb-0 medium-12 small-12 large-7\"  >\n\t\t\t\t<div class=\"col-inner\"  >\n\t\t\t\n\t\t\t\r\n\r\n<p class=\"cta-desc\">If you need any information and assistance on how to use our products, feel free to contact us<\/p>\r\n<a href=\"\/en\/contact\/ask-more\/\" class=\"button primary btn-green ask-us\" >\n\t\t<span>CONTACT US<\/span>\n\t<\/a>\n\r\n\r\n<a href=\"tel:+386801228\" class=\"button primary btn-out cont\" >\n\t\t<span>080 1228<\/span>\n\t<\/a>\n\r\n\r\n\r\n\t\t<\/div>\n\t\t\t\t\t<\/div>\n\n\t\r\n\r\n<\/div>\r\n\t<div id=\"gap-1070126205\" class=\"gap-element clearfix\" style=\"display:block; height:auto;\">\n\t\t\n<style>\n#gap-1070126205 {\n  padding-top: 100px;\n}\n<\/style>\n\t<\/div>\n\t\r\n\r\n\r\n\t\t<\/div>\n\n\t\t\n<style>\n#section_1810369554 {\n  padding-top: 65px;\n  padding-bottom: 65px;\n  background-color: rgb(248, 248, 248);\n}\n@media (min-width:850px) {\n  #section_1810369554 {\n    padding-top: 100px;\n    padding-bottom: 100px;\n  }\n}\n<\/style>\n\t<\/section>\n\t\n","protected":false},"excerpt":{"rendered":"","protected":false},"author":1,"featured_media":0,"parent":2834,"menu_order":0,"comment_status":"closed","ping_status":"closed","template":"","meta":{"footnotes":""},"class_list":["post-2839","page","type-page","status-publish","hentry"],"_links":{"self":[{"href":"https:\/\/www.istrabenzplini.si\/en\/wp-json\/wp\/v2\/pages\/2839","targetHints":{"allow":["GET"]}}],"collection":[{"href":"https:\/\/www.istrabenzplini.si\/en\/wp-json\/wp\/v2\/pages"}],"about":[{"href":"https:\/\/www.istrabenzplini.si\/en\/wp-json\/wp\/v2\/types\/page"}],"author":[{"embeddable":true,"href":"https:\/\/www.istrabenzplini.si\/en\/wp-json\/wp\/v2\/users\/1"}],"replies":[{"embeddable":true,"href":"https:\/\/www.istrabenzplini.si\/en\/wp-json\/wp\/v2\/comments?post=2839"}],"version-history":[{"count":0,"href":"https:\/\/www.istrabenzplini.si\/en\/wp-json\/wp\/v2\/pages\/2839\/revisions"}],"up":[{"embeddable":true,"href":"https:\/\/www.istrabenzplini.si\/en\/wp-json\/wp\/v2\/pages\/2834"}],"wp:attachment":[{"href":"https:\/\/www.istrabenzplini.si\/en\/wp-json\/wp\/v2\/media?parent=2839"}],"curies":[{"name":"wp","href":"https:\/\/api.w.org\/{rel}","templated":true}]}}