{"id":2811,"date":"2023-04-19T11:48:41","date_gmt":"2023-04-19T09:48:41","guid":{"rendered":"https:\/\/istrabenzplini.pakt.si\/?page_id=2811"},"modified":"2025-09-09T15:57:54","modified_gmt":"2025-09-09T13:57:54","slug":"markovec-boiler-room","status":"publish","type":"page","link":"https:\/\/www.istrabenzplini.si\/en\/help-and-support\/district-heating\/markovec-boiler-room\/","title":{"rendered":"Markovec boiler room"},"content":{"rendered":"\n\t<section class=\"section\" id=\"section_1213835979\">\n\t\t<div class=\"section-bg fill\" >\n\t\t\t<img loading=\"lazy\" decoding=\"async\" width=\"2000\" height=\"1196\" src=\"https:\/\/www.istrabenzplini.si\/wp-content\/uploads\/pomoc-in-podpora-daljinsko-ogrevanje-kotlovnica-markovec.jpg\" class=\"bg attachment-original size-original\" alt=\"\" title=\"\">\t\t\t\t\t\t<div class=\"section-bg-overlay absolute fill\"><\/div>\n\t\t\t\n\n\t\t<\/div>\n\n\t\t\n\n\t\t<div class=\"section-content relative\">\n\t\t\t\n<div class=\"row\"  id=\"row-1676000632\">\n\n\t<div id=\"col-1989358179\" class=\"col pb-0 mainsec-pl medium-12 small-12 large-7\"  >\n\t\t\t\t<div class=\"col-inner\"  >\n\t\t\t\n\t\t\t\n<div class=\"row\"  id=\"row-1083701575\">\n\n\t<div id=\"col-1043933906\" class=\"col pb-0 col-mainsec small-12 large-12\"  >\n\t\t\t\t<div class=\"col-inner\"  >\n\t\t\t\n\t\t\t\n\t<div id=\"text-2992460951\" class=\"text\">\n\t\t\n<h1 class=\"main-tit\">Kotlovnica Markovec<\/h1>\n<p class=\"main-desc bigger\">Istrabenz plini upravljamo kotlovnico Markovec od leta 2014.\n<\/p>\n\t\t\n<style>\n#text-2992460951 {\n  color: rgb(255,255,255);\n}\n#text-2992460951 > * {\n  color: rgb(255,255,255);\n}\n<\/style>\n\t<\/div>\n\t\n\t\t<\/div>\n\t\t\t\t\t<\/div>\n\n\t\n<\/div>\n\t\t<\/div>\n\t\t\t\t\t<\/div>\n\n\t\n<\/div>\n\t\t<\/div>\n\n\t\t\n<style>\n#section_1213835979 {\n  padding-top: 65px;\n  padding-bottom: 65px;\n  min-height: 0vh;\n}\n#section_1213835979 .section-bg-overlay {\n  background-color: rgba(8, 63, 136, 0.575);\n}\n#section_1213835979 .section-bg img {\n  object-position: 90% 72%;\n}\n@media (min-width:550px) {\n  #section_1213835979 {\n    padding-top: 65px;\n    padding-bottom: 65px;\n  }\n}\n@media (min-width:850px) {\n  #section_1213835979 {\n    padding-top: 100px;\n    padding-bottom: 100px;\n    min-height: 71vh;\n  }\n}\n<\/style>\n\t<\/section>\n\t\n<div class=\"row align-middle breadcrump\"  id=\"row-2075257541\">\n\n\t<div id=\"col-1424998768\" class=\"col pb-0 small-12 large-12\"  >\n\t\t\t\t<div class=\"col-inner\"  >\n\t\t\t\n\t\t\t\n\t\t<div class=\"pb-0\">\n\t\t\t\t\n<nav aria-label=\"breadcrumbs\" class=\"rank-math-breadcrumb\"><p><\/p><\/nav>\n\t\t<\/div>\n\t\n\t\t<\/div>\n\t\t\t\t\t<\/div>\n\n\t\n<\/div>\n\n\t<section class=\"section\" id=\"section_1182519143\">\n\t\t<div class=\"section-bg fill\" >\n\t\t\t\t\t\t\t\t\t\n\t\t\t\n\n\t\t<\/div>\n\n\t\t\n\n\t\t<div class=\"section-content relative\">\n\t\t\t\n<div class=\"row\"  id=\"row-2059600588\">\n\n\t<div id=\"col-2094613390\" class=\"col pb-0 brd medium-12 small-12 large-9\"  >\n\t\t\t\t<div class=\"col-inner\"  >\n\t\t\t\n\t<div class=\"is-border\"\n\t\tstyle=\"border-width:0px 1px 0px 0px;margin:0px 1px 0px 0px;\">\n\t<\/div>\n\t\t\t\n\t<div class=\"img has-hover bord-r x md-x lg-x y md-y lg-y\" id=\"image_2136685593\">\n\t\t\t\t\t\t\t\t<div class=\"img-inner dark\" >\n\t\t\t<img loading=\"lazy\" decoding=\"async\" width=\"1100\" height=\"400\" src=\"https:\/\/www.istrabenzplini.si\/wp-content\/uploads\/2023\/10\/01-markovec-1.jpg\" class=\"attachment-original size-original\" alt=\"\" srcset=\"https:\/\/www.istrabenzplini.si\/wp-content\/uploads\/2023\/10\/01-markovec-1.jpg 1100w, https:\/\/www.istrabenzplini.si\/wp-content\/uploads\/2023\/10\/01-markovec-1-800x291.jpg 800w, https:\/\/www.istrabenzplini.si\/wp-content\/uploads\/2023\/10\/01-markovec-1-768x279.jpg 768w\" sizes=\"auto, (max-width: 1100px) 100vw, 1100px\" title=\"\">\t\t\t\t\t\t\n\t\t\t\t\t<\/div>\n\t\t\t\t\t\t\t\t\n<style>\n#image_2136685593 {\n  width: 100%;\n}\n<\/style>\n\t<\/div>\n\t\n<span class=\"scroll-to\" data-label=\"Scroll to: #sluzba-za-odnose-z-odjemalci\" data-bullet=\"false\" data-link=\"#sluzba-za-odnose-z-odjemalci\" data-title=\"Slu\u017eba za odnose z odjemalci\"><a name=\"sluzba-za-odnose-z-odjemalci\"><\/a><\/span>\n\t<div id=\"gap-106030749\" class=\"gap-element clearfix\" style=\"display:block; height:auto;\">\n\t\t\n<style>\n#gap-106030749 {\n  padding-top: 30px;\n}\n<\/style>\n\t<\/div>\n\t\n<h2 class=\"s-tit bfr-blue\">Slu\u017eba za odnose z odjemalci<\/h2>\n<p><span style=\"font-weight: 400;\">V kolikor potrebujete informacije v zvezi z uskladitvijo ra\u010dunov ali obra\u010dunom daljinskega ogrevanje, pokli\u010dite slu\u017ebo za odnose z odjemalci.<\/span><\/p>\n<p><span style=\"text-decoration: underline;\"><b>Uradne ure<\/b><\/span><\/p>\n<ul>\n<li aria-level=\"1\"><strong>TELEFONSKO<\/strong> na \u0161t.: <span style=\"text-decoration: underline;\"><strong><a href=\"tel:+38656634650\">+3865 663 46 50<\/a><\/strong><\/span> (v PON, TOR, \u010cET in PET od 8.00 do 10.30 in v SRE od 14.00 do 15.30)<\/li>\n<li aria-level=\"1\"><strong>PISNO<\/strong> na e-naslovu: <span style=\"text-decoration: underline;\"><strong><a href=\"mailto:kotlovnica.markovec@istrabenzplini.si\" target=\"_blank\" rel=\"noopener\" data-rawhref=\"mailto:kotlovnica.markovec@istrabenzplini.si\">kotlovnica.markovec@istrabenzplini.si<\/a><\/strong><\/span> ali po po\u0161ti na naslovu ISTRABENZ PLINI d.o.o., Bertoki, Sermin 8A, 6000 Koper &#8211; Capodistria<\/li>\n<li aria-level=\"1\"><strong>OSEBNO<\/strong> v informacijski pisarni na sede\u017eu upravnika kotlovnice (po predhodni najavi na tel. \u0161t. <span style=\"text-decoration: underline;\"><strong><a href=\"tel:+38656634650\">+3865 663 46 50<\/a><\/strong><\/span> do 15.30)<br \/>ISTRABENZ PLINI d.o.o., Bertoki, Sermin 8A, 6000 Koper &#8211; Capodistria, v \u010dasu uradnih ur, v SRE od 14.00 do 15.30<\/li>\n<\/ul>\n<span class=\"scroll-to\" data-label=\"Scroll to: #prijava-okvar-in-motenj\" data-bullet=\"false\" data-link=\"#prijava-okvar-in-motenj\" data-title=\"Prijava okvar in motenj\"><a name=\"prijava-okvar-in-motenj\"><\/a><\/span>\n\t<div id=\"gap-799177719\" class=\"gap-element clearfix\" style=\"display:block; height:auto;\">\n\t\t\n<style>\n#gap-799177719 {\n  padding-top: 5px;\n}\n<\/style>\n\t<\/div>\n\t\n<h2 class=\"s-tit bfr-blue\">Prijava okvar in motenj<\/h2>\n<p><span style=\"font-weight: 400;\">V kolikor \u017eelite prijaviti okvaro ali motnjo v sistemu daljinskega ogrevanja, pokli\u010dite na de\u017eurno slu\u017ebo kotlarne <\/span><strong><span style=\"text-decoration: underline;\"><a href=\"tel:+38640650303\">+38640 650 303<\/a><\/span><\/strong><b>.<\/b><\/p>\n<span class=\"scroll-to\" data-label=\"Scroll to: #moznost-prejema-racunov\" data-bullet=\"false\" data-link=\"#moznost-prejema-racunov\" data-title=\"Mo\u017enost prejema ra\u010dunov\"><a name=\"moznost-prejema-racunov\"><\/a><\/span>\n<h2 class=\"s-tit bfr-blue\">Mo\u017enosti prejema ra\u010dunov<\/h2>\n<ul>\n<li style=\"font-weight: 400;\" aria-level=\"1\"><span style=\"font-weight: 400;\">V pisni obliki, <\/span><b>po po\u0161ti<\/b><span style=\"font-weight: 400;\"> v hi\u0161ni predal\u010dnik.<\/span><\/li>\n<li style=\"font-weight: 400;\" aria-level=\"1\"><span style=\"font-weight: 400;\">V elektronski obliki, na va\u0161 sporo\u010den <\/span><b>e-naslov<\/b><span style=\"font-weight: 400;\">.<\/span><\/li>\n<\/ul>\n<p><span style=\"text-decoration: underline;\"><span style=\"font-weight: 400;\">Sporo\u010dite <\/span><b>Slu\u017ebi za odnose z odjemalci<\/b><\/span><\/p>\n<ul>\n<li><span style=\"font-weight: 400;\">Osebno ali telefonsko, v \u010dasu uradnih ur.<\/span><\/li>\n<li><span style=\"font-weight: 400;\">pisno na naslov:<br \/><\/span><b style=\"color: #555555; font-size: 14.4px;\">ISTRABENZ PLINI d.o.o., Bertoki, Sermin 8A, 6000 Koper &#8211; Capodistria ali <\/b><strong style=\"color: #555555; font-size: 14.4px;\"><span style=\"text-decoration: underline;\"><a href=\"mailto:kotlovnica.markovec@istrabenzplini.si\">kotlovnica.markovec@istrabenzplini.si<\/a>.<\/span><\/strong><\/li>\n<\/ul>\n<div class=\"row\"  id=\"row-1795919379\">\n\n\t<div id=\"col-1673013759\" class=\"col medium-6 small-12 large-6\"  >\n\t\t\t\t<div class=\"col-inner\"  >\n\t\t\t\n\t\t\t\n\n\t<a class=\"plain\" href=\"\/wp-content\/uploads\/IBP_KOMA_eRacun_eLetak_maj24.pdf\" target=\"_blank\" rel=\"noopener\" >\t<div class=\"icon-box featured-box pdf icon-box-left text-left\"  >\n\t\t\t\t\t<div class=\"icon-box-img has-icon-bg\" style=\"width: 46px\">\n\t\t\t\t<div class=\"icon\">\n\t\t\t\t\t<div class=\"icon-inner\" style=\"border-width:1px;\">\n\t\t\t\t\t\t<svg height=\"48\" viewBox=\"0 -960 960 960\" width=\"48\" xmlns=\"http:\/\/www.w3.org\/2000\/svg\"><path d=\"m331-431h37v-83h48q15.725 0 26.362-10.638 10.638-10.637 10.638-26.362v-48q0-15.725-10.638-26.362-10.637-10.638-26.362-10.638h-85zm37-120v-48h48v48zm129 120h84q15 0 26-10.638 11-10.637 11-26.362v-131q0-15.725-11-26.362-11-10.638-26-10.638h-84zm37-37v-131h47v131zm133 37h37v-83h50v-37h-50v-48h50v-37h-87zm-407 231q-24 0-42-18t-18-42v-560q0-24 18-42t42-18h560q24 0 42 18t18 42v560q0 24-18 42t-42 18zm0-60h560v-560h-560zm-120 180q-24 0-42-18t-18-42v-620h60v620h620v60zm120-740v560z\"\/><\/svg>\t\t\t\t\t<\/div>\n\t\t\t\t<\/div>\n\t\t\t<\/div>\n\t\t\t\t<div class=\"icon-box-text last-reset\">\n\t\t\t\t\t\t\t\t\t\n<p>Kako do eRa\u010duna Istrabenz plinov?<\/p>\n\t\t<\/div>\n\t<\/div>\n\t<\/a>\n\t\n\t\t<\/div>\n\t\t\t\t\t<\/div>\n\n\t\n\n\t<div id=\"col-1991959219\" class=\"col medium-6 small-12 large-6\"  >\n\t\t\t\t<div class=\"col-inner\"  >\n\t\t\t\n\t\t\t\n\n\t<a class=\"plain\" href=\"\/wp-content\/uploads\/IBP_KOMA_Zahtevek_eRacun_Obrazec_maj24.pdf\" target=\"_blank\" rel=\"noopener\" >\t<div class=\"icon-box featured-box pdf icon-box-left text-left\"  >\n\t\t\t\t\t<div class=\"icon-box-img has-icon-bg\" style=\"width: 46px\">\n\t\t\t\t<div class=\"icon\">\n\t\t\t\t\t<div class=\"icon-inner\" style=\"border-width:1px;\">\n\t\t\t\t\t\t<svg height=\"48\" viewBox=\"0 -960 960 960\" width=\"48\" xmlns=\"http:\/\/www.w3.org\/2000\/svg\"><path d=\"m331-431h37v-83h48q15.725 0 26.362-10.638 10.638-10.637 10.638-26.362v-48q0-15.725-10.638-26.362-10.637-10.638-26.362-10.638h-85zm37-120v-48h48v48zm129 120h84q15 0 26-10.638 11-10.637 11-26.362v-131q0-15.725-11-26.362-11-10.638-26-10.638h-84zm37-37v-131h47v131zm133 37h37v-83h50v-37h-50v-48h50v-37h-87zm-407 231q-24 0-42-18t-18-42v-560q0-24 18-42t42-18h560q24 0 42 18t18 42v560q0 24-18 42t-42 18zm0-60h560v-560h-560zm-120 180q-24 0-42-18t-18-42v-620h60v620h620v60zm120-740v560z\"\/><\/svg>\t\t\t\t\t<\/div>\n\t\t\t\t<\/div>\n\t\t\t<\/div>\n\t\t\t\t<div class=\"icon-box-text last-reset\">\n\t\t\t\t\t\t\t\t\t\n<p>Zahtevek za prejemanje ra\u010dunov v elektronski obliki_eRa\u010dun<\/p>\n\t\t<\/div>\n\t<\/div>\n\t<\/a>\n\t\n\t\t<\/div>\n\t\t\t\t\t<\/div>\n\n\t\n<\/div>\n<span class=\"scroll-to\" data-label=\"Scroll to: #informacije-o-racunih\" data-bullet=\"false\" data-link=\"#informacije-o-racunih\" data-title=\"Informacije o ra\u010dunih, reklamacije\"><a name=\"informacije-o-racunih\"><\/a><\/span>\n<h2 class=\"s-tit bfr-blue\">Informacije o ra\u010dunih, reklamacije<\/h2>\n<p><span style=\"font-weight: 400;\">Ra\u010dun lahko <\/span><b>reklamirate<\/b><span style=\"font-weight: 400;\"> do datuma njegove zapadlosti.<\/span><\/p>\n<p><span style=\"text-decoration: underline;\"><span style=\"font-weight: 400;\">Sporo\u010dite<\/span><b> Slu\u017ebi za odnose z odjemalci<\/b><\/span><\/p>\n<ul>\n<li><span style=\"font-weight: 400;\">osebno ali telefonsko, v \u010dasu uradnih ur<\/span><\/li>\n<li>pisno po po\u0161ti na naslovu ISTRABENZ PLINI d.o.o., Bertoki, Sermin 8A, 6000 Koper &#8211; Capodistria ali na e-naslovu<br \/><span style=\"text-decoration: underline;\"><strong><a href=\"mailto:kotlovnica.markovec@istrabenzplini.si\" target=\"_blank\" rel=\"noopener\" data-rawhref=\"mailto:kotlovnica.markovec@istrabenzplini.si\">kotlovnica.markovec@istrabenzplini.si<\/a><\/strong><\/span><\/li>\n<\/ul>\n<span class=\"scroll-to\" data-label=\"Scroll to: #moznosti-placila-racunov\" data-bullet=\"false\" data-link=\"#moznosti-placila-racunov\" data-title=\"Mo\u017enosti pla\u010dil ra\u010dunov\"><a name=\"moznosti-placila-racunov\"><\/a><\/span>\n<h2 class=\"s-tit bfr-blue\">Mo\u017enosti pla\u010dil ra\u010dunov<\/h2>\n<ul>\n<li style=\"font-weight: 400;\" aria-level=\"1\"><span style=\"font-weight: 400;\">Preko <\/span><b>direktne obremenitve<\/b><span style=\"font-weight: 400;\">.<\/span><\/li>\n<\/ul>\n<p><span style=\"font-weight: 400;\">Obrazec<\/span> <span style=\"text-decoration: underline;\"><a href=\"\/wp-content\/uploads\/IBP_KOMA_SEPA_Obrazec_maj24.pdf\" target=\"_blank\" rel=\"noopener\"><b>Zahtevek za pripravo soglasja za direktno obremenitev SEPA<\/b><\/a><\/span> <span style=\"font-weight: 400;\"> izpolnjen obrazec posredujte <\/span><b>pisno<\/b><span style=\"font-weight: 400;\"> na naslov:<br \/><\/span><b>ISTRABENZ PLINI d.o.o., Bertoki, Sermin 8A, 6000 Koper &#8211; Capodistria ali <span style=\"text-decoration: underline;\"><a href=\"mailto:kotlovnica.markovec@istrabenzplini.si\">kotlovnica.markovec@istrabenzplini.si<\/a><\/span><\/b><\/p>\n<ul>\n<li style=\"font-weight: 400;\" aria-level=\"1\"><span style=\"font-weight: 400;\">Z univerzalnim pla\u010dilnim nalogom na bankah in po\u0161tah.<\/span><\/li>\n<li style=\"font-weight: 400;\" aria-level=\"1\"><span style=\"font-weight: 400;\">Preko elektronskega ban\u010dni\u0161tva.<\/span><\/li>\n<\/ul>\n\t\t<\/div>\n\t\t\t\t\n<style>\n#col-2094613390 > .col-inner {\n  padding: 0px 0px 0px 0px;\n}\n@media (min-width:550px) {\n  #col-2094613390 > .col-inner {\n    padding: 0px 0px 0px 0px;\n  }\n}\n@media (min-width:850px) {\n  #col-2094613390 > .col-inner {\n    padding: 0px 75px 0px 0px;\n  }\n}\n<\/style>\n\t<\/div>\n\n\t\n\n\t<div id=\"col-334425203\" class=\"col stck hide-for-medium medium-4 small-12 large-3 small-col-first\"  >\n\t\t<div class=\"is-sticky-column\"><div class=\"is-sticky-column__inner\">\t\t<div class=\"col-inner\"  >\n\t\t\t\n\t\t\t\n<ul class=\"page-menu\">\n<li><a href=\"#kontakti\">Istrabenz plini \u2013 kontakti<\/a><\/li>\n<li><a href=\"#sluzba-za-odnose-z-odjemalci\">Slu\u017eba za odnose z odjemalci<\/a><\/li>\n<li><a href=\"#prijava-okvar-in-motenj\">Prijava okvar in motenj<\/a><\/li>\n<li><a href=\"#moznost-prejema-racunov\">Mo\u017enosti prejema ra\u010dunov<\/a><\/li>\n<li><a href=\"#informacije-o-racunih\">Informacije o ra\u010dunih, reklamacije<\/a><\/li>\n<li><a href=\"#moznosti-placila-racunov\">Mo\u017enosti pla\u010dil ra\u010dunov<\/a><\/li>\n<\/ul>\n\t\t<\/div>\n\t\t<\/div><\/div>\t\t\t<\/div>\n\n\t\n<\/div>\n\t\t<\/div>\n\n\t\t\n<style>\n#section_1182519143 {\n  padding-top: 65px;\n  padding-bottom: 65px;\n}\n@media (min-width:550px) {\n  #section_1182519143 {\n    padding-top: 65px;\n    padding-bottom: 65px;\n  }\n}\n@media (min-width:850px) {\n  #section_1182519143 {\n    padding-top: 100px;\n    padding-bottom: 100px;\n  }\n}\n<\/style>\n\t<\/section>\n\t\n\n\t<section class=\"section\" id=\"section_1610988667\">\n\t\t<div class=\"section-bg fill\" >\n\t\t\t\t\t\t\t\t\t\n\t\t\t\n\n\t\t<\/div>\n\n\t\t\n\n\t\t<div class=\"section-content relative\">\n\t\t\t\r\n\r\n<div class=\"row\"  id=\"row-1064521654\">\r\n\r\n\n\t<div id=\"col-215756388\" class=\"col pb-0 medium-12 small-12 large-5\"  >\n\t\t\t\t<div class=\"col-inner\"  >\n\t\t\t\n\t\t\t\r\n\r\n<h2 class=\"s-tit\">Have you found everything you needed?<\/h2>\r\n\r\n\t\t<\/div>\n\t\t\t\t\t<\/div>\n\n\t\r\n\n\t<div id=\"col-2006221797\" class=\"col pb-0 medium-12 small-12 large-7\"  >\n\t\t\t\t<div class=\"col-inner\"  >\n\t\t\t\n\t\t\t\r\n\r\n<p class=\"cta-desc\">If you need any information and assistance on how to use our products, feel free to contact us<\/p>\r\n<a href=\"\/en\/contact\/ask-more\/\" class=\"button primary btn-green ask-us\" >\n\t\t<span>CONTACT US<\/span>\n\t<\/a>\n\r\n\r\n<a href=\"tel:+386801228\" class=\"button primary btn-out cont\" >\n\t\t<span>080 1228<\/span>\n\t<\/a>\n\r\n\r\n\r\n\t\t<\/div>\n\t\t\t\t\t<\/div>\n\n\t\r\n\r\n<\/div>\r\n\t<div id=\"gap-1370474849\" class=\"gap-element clearfix\" style=\"display:block; height:auto;\">\n\t\t\n<style>\n#gap-1370474849 {\n  padding-top: 100px;\n}\n<\/style>\n\t<\/div>\n\t\r\n\r\n\r\n\t\t<\/div>\n\n\t\t\n<style>\n#section_1610988667 {\n  padding-top: 65px;\n  padding-bottom: 65px;\n  background-color: rgb(248, 248, 248);\n}\n@media (min-width:850px) {\n  #section_1610988667 {\n    padding-top: 100px;\n    padding-bottom: 100px;\n  }\n}\n<\/style>\n\t<\/section>\n\t\n","protected":false},"excerpt":{"rendered":"","protected":false},"author":1,"featured_media":0,"parent":2809,"menu_order":0,"comment_status":"closed","ping_status":"closed","template":"","meta":{"footnotes":""},"class_list":["post-2811","page","type-page","status-publish","hentry"],"_links":{"self":[{"href":"https:\/\/www.istrabenzplini.si\/en\/wp-json\/wp\/v2\/pages\/2811","targetHints":{"allow":["GET"]}}],"collection":[{"href":"https:\/\/www.istrabenzplini.si\/en\/wp-json\/wp\/v2\/pages"}],"about":[{"href":"https:\/\/www.istrabenzplini.si\/en\/wp-json\/wp\/v2\/types\/page"}],"author":[{"embeddable":true,"href":"https:\/\/www.istrabenzplini.si\/en\/wp-json\/wp\/v2\/users\/1"}],"replies":[{"embeddable":true,"href":"https:\/\/www.istrabenzplini.si\/en\/wp-json\/wp\/v2\/comments?post=2811"}],"version-history":[{"count":0,"href":"https:\/\/www.istrabenzplini.si\/en\/wp-json\/wp\/v2\/pages\/2811\/revisions"}],"up":[{"embeddable":true,"href":"https:\/\/www.istrabenzplini.si\/en\/wp-json\/wp\/v2\/pages\/2809"}],"wp:attachment":[{"href":"https:\/\/www.istrabenzplini.si\/en\/wp-json\/wp\/v2\/media?parent=2811"}],"curies":[{"name":"wp","href":"https:\/\/api.w.org\/{rel}","templated":true}]}}