{"id":2810,"date":"2023-04-19T11:48:31","date_gmt":"2023-04-19T09:48:31","guid":{"rendered":"https:\/\/istrabenzplini.pakt.si\/?page_id=2810"},"modified":"2025-09-09T15:53:02","modified_gmt":"2025-09-09T13:53:02","slug":"concession-litija","status":"publish","type":"page","link":"https:\/\/www.istrabenzplini.si\/en\/help-and-support\/district-heating\/concession-litija\/","title":{"rendered":"Concession Litija"},"content":{"rendered":"\n\t<section class=\"section\" id=\"section_1372448437\">\n\t\t<div class=\"section-bg fill\" >\n\t\t\t<img loading=\"lazy\" decoding=\"async\" width=\"2000\" height=\"1196\" src=\"https:\/\/www.istrabenzplini.si\/wp-content\/uploads\/2023\/11\/18-pomoc-in-podpora-koncesija-litija.jpg\" class=\"bg attachment-original size-original\" alt=\"\" title=\"\">\t\t\t\t\t\t<div class=\"section-bg-overlay absolute fill\"><\/div>\n\t\t\t\n\n\t\t<\/div>\n\n\t\t\n\n\t\t<div class=\"section-content relative\">\n\t\t\t\n<div class=\"row\"  id=\"row-1178039076\">\n\n\t<div id=\"col-1179257654\" class=\"col pb-0 mainsec-pl medium-12 small-12 large-7\"  >\n\t\t\t\t<div class=\"col-inner\"  >\n\t\t\t\n\t\t\t\n<div class=\"row\"  id=\"row-423425743\">\n\n\t<div id=\"col-1724209107\" class=\"col pb-0 col-mainsec small-12 large-12\"  >\n\t\t\t\t<div class=\"col-inner\"  >\n\t\t\t\n\t\t\t\n\t<div id=\"text-1903541922\" class=\"text\">\n\t\t\n<h1 class=\"main-tit\">Distribucija toplote \u2013 koncesija Litija<\/h1>\n<p class=\"main-desc bigger\">Distribucija toplotne energije poteka na obmo\u010dju ulice Mire Pregljeve in Ceste Komandanta Staneta v Litiji.\n<\/p>\n\t\t\n<style>\n#text-1903541922 {\n  color: rgb(255,255,255);\n}\n#text-1903541922 > * {\n  color: rgb(255,255,255);\n}\n<\/style>\n\t<\/div>\n\t\n\t\t<\/div>\n\t\t\t\t\t<\/div>\n\n\t\n<\/div>\n\t\t<\/div>\n\t\t\t\t\t<\/div>\n\n\t\n<\/div>\n\t\t<\/div>\n\n\t\t\n<style>\n#section_1372448437 {\n  padding-top: 65px;\n  padding-bottom: 65px;\n  min-height: 0vh;\n}\n#section_1372448437 .section-bg-overlay {\n  background-color: rgba(8, 63, 136, 0.575);\n}\n#section_1372448437 .section-bg img {\n  object-position: 48% 80%;\n}\n@media (min-width:550px) {\n  #section_1372448437 {\n    padding-top: 65px;\n    padding-bottom: 65px;\n  }\n}\n@media (min-width:850px) {\n  #section_1372448437 {\n    padding-top: 100px;\n    padding-bottom: 100px;\n    min-height: 71vh;\n  }\n}\n<\/style>\n\t<\/section>\n\t\n<div class=\"row align-middle breadcrump\"  id=\"row-1404920272\">\n\n\t<div id=\"col-1639276038\" class=\"col pb-0 small-12 large-12\"  >\n\t\t\t\t<div class=\"col-inner\"  >\n\t\t\t\n\t\t\t\n\t\t<div class=\"pb-0\">\n\t\t\t\t\n<nav aria-label=\"breadcrumbs\" class=\"rank-math-breadcrumb\"><p><\/p><\/nav>\n\t\t<\/div>\n\t\n\t\t<\/div>\n\t\t\t\t\t<\/div>\n\n\t\n<\/div>\n\n\t<section class=\"section\" id=\"section_1979717062\">\n\t\t<div class=\"section-bg fill\" >\n\t\t\t\t\t\t\t\t\t\n\t\t\t\n\n\t\t<\/div>\n\n\t\t\n\n\t\t<div class=\"section-content relative\">\n\t\t\t\n<div class=\"row\"  id=\"row-1985851565\">\n\n\t<div id=\"col-919267699\" class=\"col pb-0 brd medium-12 small-12 large-9\"  >\n\t\t\t\t<div class=\"col-inner\"  >\n\t\t\t\n\t<div class=\"is-border\"\n\t\tstyle=\"border-width:0px 1px 0px 0px;margin:0px 1px 0px 0px;\">\n\t<\/div>\n\t\t\t\n<p><span style=\"font-weight: 400;\">Ob\u010dina Litija in dru\u017eba Istrabenz plini sta v letu 2013 podpisali\u00a0<\/span><b>koncesijsko pogodbo za izvajanje gospodarske javne slu\u017ebe oskrbe s toplotno energijo v ob\u010dini Litija<\/b><span style=\"font-weight: 400;\">, na obmo\u010dju\u00a0<\/span><b>Ceste Komandanta Staneta\u00a0<\/b><span style=\"font-weight: 400;\">in\u00a0<\/span><b>Ulice\u00a0Mire Pregljeve<\/b><span style=\"font-weight: 400;\">, s pri\u010detkom izvajanja koncesije v septembru 2014, za obdobje 15-ih let.<\/span><\/p>\n<p><span style=\"font-weight: 400;\">Skladno s terminskim na\u010drtom izvedbe toplovodnega omre\u017eja in\u00a0na\u010drtovane priklju\u010ditve objektov na skupno kotlovnico, smo junija 2014 pri\u010deli z izgradnje kotlovnice na naslovu\u00a0<\/span><b>Ulica Mire Pregljeve 1<\/b><span style=\"font-weight: 400;\">\u00a0ter toplovodnim razvodom do odjemalcev na obmo\u010dju\u00a0<\/span><b>Litija center.<\/b><\/p>\n<p><span style=\"font-weight: 400;\">V\u00a0<\/span><b>septembru 2014<\/b><span style=\"font-weight: 400;\">\u00a0so bila zaklju\u010dena gradbena in druga tehni\u010dna dela, potrebna za zagon kotlovnice, opravljen je bil\u00a0tehni\u010dni pregled objekta in pridobljeno obratovalno dovoljenje s strani upravne enote. V istem mesecu smo pri\u010deli z obratovanjem kotlovske naprave in z distribucijo toplotne energije do odjemalcev. Proizvodnja toplotne energije se izvaja preko dveh toplovodnih kotlov in SPTE enote.<\/span><\/p>\n<p><span style=\"text-decoration: underline;\"><b>Distribucija toplotne energije<\/b><span style=\"font-weight: 400;\">\u00a0poteka na obmo\u010dju\u00a0<\/span><b>ulice Mire Pregljeve<\/b><span style=\"font-weight: 400;\">\u00a0in\u00a0<\/span><b>Ceste Komandanta Staneta\u00a0<\/b><span style=\"font-weight: 400;\">v<\/span><b>\u00a0Litiji.\u00a0<\/b><span style=\"font-weight: 400;\">Odjem toplotne\u00a0 energije se izvaja v slede\u010dih\u00a0objektih:<\/span><\/span><\/p>\n<ul>\n<li><span style=\"font-weight: 400;\">Osnovna \u0161ola in vrtec Litija, Ulica Mire Pregljeve 3<\/span><\/li>\n<li><span style=\"font-weight: 400;\">\u0160portna dvorana Litija, Ulica Mire Pregljeve 1<\/span><\/li>\n<li><span style=\"font-weight: 400;\">Mestni muzej Litija &#8211; &#8220;stara sodnija&#8221;, Cesta Komandanta Staneta 2<\/span><\/li>\n<li><span style=\"font-weight: 400;\">ve\u010dnamenski poslovni objekt Ob\u010dine Litija, Jerebova ulica 6<\/span><\/li>\n<li><span style=\"font-weight: 400;\">ve\u010dstanovanjski objekt, Cesta Komandanta Staneta 1<\/span><\/li>\n<\/ul>\n\t<div class=\"img has-hover bord-r x md-x lg-x y md-y lg-y\" id=\"image_592461738\">\n\t\t\t\t\t\t\t\t<div class=\"img-inner dark\" >\n\t\t\t<img loading=\"lazy\" decoding=\"async\" width=\"1100\" height=\"400\" src=\"https:\/\/www.istrabenzplini.si\/wp-content\/uploads\/2023\/08\/01-koncesija-litija.jpg\" class=\"attachment-original size-original\" alt=\"\" srcset=\"https:\/\/www.istrabenzplini.si\/wp-content\/uploads\/2023\/08\/01-koncesija-litija.jpg 1100w, https:\/\/www.istrabenzplini.si\/wp-content\/uploads\/2023\/08\/01-koncesija-litija-800x291.jpg 800w, https:\/\/www.istrabenzplini.si\/wp-content\/uploads\/2023\/08\/01-koncesija-litija-768x279.jpg 768w\" sizes=\"auto, (max-width: 1100px) 100vw, 1100px\" title=\"\">\t\t\t\t\t\t\n\t\t\t\t\t<\/div>\n\t\t\t\t\t\t\t\t\n<style>\n#image_592461738 {\n  width: 100%;\n}\n<\/style>\n\t<\/div>\n\t\n\t<div id=\"text-1080318384\" class=\"text\">\n\t\t\n<p><i><span style=\"font-weight: 400;\">*kip Vizija, kiparke Metode Maj, pred Mestnim muzejem (staro sodnijo) v Litiji &#8211; <\/span><\/i><i><span style=\"font-weight: 400;\">Donator: Istrabenz plini, 29. septembra 2015<\/span><\/i><\/p>\n\t\t\n<style>\n#text-1080318384 {\n  font-size: 0.9rem;\n}\n<\/style>\n\t<\/div>\n\t\n<span class=\"scroll-to\" data-label=\"Scroll to: #kontaktna-tocka\" data-bullet=\"false\" data-link=\"#kontaktna-tocka\" data-title=\"Kontaktna to\u010dka\"><a name=\"kontaktna-tocka\"><\/a><\/span>\n\t<div id=\"gap-1570315551\" class=\"gap-element clearfix\" style=\"display:block; height:auto;\">\n\t\t\n<style>\n#gap-1570315551 {\n  padding-top: 30px;\n}\n<\/style>\n\t<\/div>\n\t\n<h2 class=\"s-tit bfr-blue\">Kontaktna to\u010dka<\/h2>\n<p><span style=\"text-decoration: underline;\"><strong>Odjemalec lahko informacije pridobi:<\/strong><\/span><\/p>\n<ul>\n<li style=\"font-weight: 400;\" aria-level=\"1\"><span style=\"font-weight: 400;\"><strong>TELEFONSKO<\/strong> na \u0161t.:\u00a0<\/span><span style=\"text-decoration: underline;\"><a href=\"tel:+38656634650\"><b>+3865 663 46 50<\/b><\/a><\/span><span style=\"font-weight: 400;\"> (v PON, TOR, \u010cET in PET od 8.00 do 10.30 in v SRE od 14.00 do 15.30)<\/span><\/li>\n<li style=\"font-weight: 400;\" aria-level=\"1\"><span style=\"font-weight: 400;\"><strong>PISNO<\/strong> na e-naslovu:\u00a0<\/span><strong><span style=\"text-decoration: underline;\"><a href=\"mailto:info@istrabenzplini.si\">info@istrabenzplini.si<\/a><\/span><\/strong><span style=\"font-weight: 400;\"> ali po po\u0161ti na naslovu <\/span><b style=\"color: #555555; font-size: 14.4px;\">ISTRABENZ PLINI d.o.o., Bertoki, Sermin 8A, 6000 Koper &#8211; Capodistria<\/b><\/li>\n<li style=\"font-weight: 400;\" aria-level=\"1\"><span style=\"font-weight: 400;\"><strong>OSEBNO (po predhodni najavi na tel. \u0161t. <a href=\"tel:+3865 663 46 50\"><span style=\"text-decoration: underline;\">+3865 663 46 50<\/span><\/a> do 15.30)<\/strong> v informacijski pisarni na sede\u017eu distributerja<br \/><\/span><b style=\"color: #555555; font-size: 14.4px;\">ISTRABENZ PLINI d.o.o., Bertoki, Sermin 8A, 6000 Koper &#8211; Capodistria<\/b><span style=\"font-weight: 400;\">, v \u010dasu uradnih ur, \u00a0v SRE od 14.00 do 15.30<\/span><\/li>\n<\/ul>\n<span class=\"scroll-to\" data-label=\"Scroll to: #prijava-okvar-in-motenj\" data-bullet=\"false\" data-link=\"#prijava-okvar-in-motenj\" data-title=\"Priajva okvar in motenj\"><a name=\"prijava-okvar-in-motenj\"><\/a><\/span>\n<h3 class=\"s-tit bfr-green\">Prijava okvar in motenj<\/h3>\n<p>V kolikor \u017eelite prijaviti okvaro ali motnjo v sistemu daljinskega ogrevanja, pokli\u010dite na de\u017eurno slu\u017ebo <strong><span style=\"text-decoration: underline;\"><a href=\"tel:+38640650303\">+38640 650 303<\/a><\/span><\/strong>.<\/p>\n<span class=\"scroll-to\" data-label=\"Scroll to: #sistemska-obratovalna-navodila\" data-bullet=\"false\" data-link=\"#sistemska-obratovalna-navodila\" data-title=\"Sistemska obratovalna navodila in Splo\u0161ni pogoji\"><a name=\"sistemska-obratovalna-navodila\"><\/a><\/span>\n\t<div id=\"gap-1453521522\" class=\"gap-element clearfix\" style=\"display:block; height:auto;\">\n\t\t\n<style>\n#gap-1453521522 {\n  padding-top: 30px;\n}\n<\/style>\n\t<\/div>\n\t\n<h2 class=\"s-tit bfr-blue\">Sistemska obratovalna navodila in Splo\u0161ni pogoji<\/h2>\n<p><span style=\"font-weight: 400;\">Distributer zagotavlja odjemalcem vse pravice, ki se nana\u0161ajo na oskrbo s toploto, v skladu z veljavnimi predpisi in splo\u0161nimi akti.<\/span><\/p>\n<div class=\"row\"  id=\"row-1000348467\">\n\n\t<div id=\"col-1186346526\" class=\"col medium-6 small-12 large-6\"  >\n\t\t\t\t<div class=\"col-inner\"  >\n\t\t\t\n\t\t\t\n\n\t<a class=\"plain\" href=\"\/wp-content\/uploads\/2023\/08\/Sistemska-obratovalna-navodila_distribucijski-sistem-toplote_Litija.pdf\" target=\"_blank\" rel=\"noopener\" >\t<div class=\"icon-box featured-box pdf icon-box-left text-left\"  >\n\t\t\t\t\t<div class=\"icon-box-img has-icon-bg\" style=\"width: 46px\">\n\t\t\t\t<div class=\"icon\">\n\t\t\t\t\t<div class=\"icon-inner\" style=\"border-width:1px;\">\n\t\t\t\t\t\t<svg height=\"48\" viewBox=\"0 -960 960 960\" width=\"48\" xmlns=\"http:\/\/www.w3.org\/2000\/svg\"><path d=\"m331-431h37v-83h48q15.725 0 26.362-10.638 10.638-10.637 10.638-26.362v-48q0-15.725-10.638-26.362-10.637-10.638-26.362-10.638h-85zm37-120v-48h48v48zm129 120h84q15 0 26-10.638 11-10.637 11-26.362v-131q0-15.725-11-26.362-11-10.638-26-10.638h-84zm37-37v-131h47v131zm133 37h37v-83h50v-37h-50v-48h50v-37h-87zm-407 231q-24 0-42-18t-18-42v-560q0-24 18-42t42-18h560q24 0 42 18t18 42v560q0 24-18 42t-42 18zm0-60h560v-560h-560zm-120 180q-24 0-42-18t-18-42v-620h60v620h620v60zm120-740v560z\"\/><\/svg>\t\t\t\t\t<\/div>\n\t\t\t\t<\/div>\n\t\t\t<\/div>\n\t\t\t\t<div class=\"icon-box-text last-reset\">\n\t\t\t\t\t\t\t\t\t\n\t<div id=\"text-3493914818\" class=\"text\">\n\t\t\n<p style=\"margin-bottom: 0px ;\">Sistemska obratovalna navodila_distribucijski sistem toplote_Litija<\/p>\n\t\t\n<style>\n#text-3493914818 {\n  font-size: 1rem;\n}\n<\/style>\n\t<\/div>\n\t\n\t\t<\/div>\n\t<\/div>\n\t<\/a>\n\t\n\t\t<\/div>\n\t\t\t\t\t<\/div>\n\n\t\n<\/div>\n<span class=\"scroll-to\" data-label=\"Scroll to: #cenik-toplote\" data-bullet=\"false\" data-link=\"#cenik-toplote\" data-title=\"Cenik toplote\"><a name=\"cenik-toplote\"><\/a><\/span>\n<h2 class=\"s-tit bfr-blue\">Cenik toplote<\/h2>\n<div class=\"row\"  id=\"row-823405724\">\n\n\t<div id=\"col-1537819823\" class=\"col medium-6 small-12 large-6\"  >\n\t\t\t\t<div class=\"col-inner\"  >\n\t\t\t\n\t\t\t\n\n\t<a class=\"plain\" href=\"https:\/\/www.istrabenzplini.si\/wp-content\/uploads\/Cenik-toplote_Koncesija-Litija_1.-7.-2025.docx\" target=\"_blank\" rel=\"noopener\" >\t<div class=\"icon-box featured-box pdf icon-box-left text-left\"  >\n\t\t\t\t\t<div class=\"icon-box-img has-icon-bg\" style=\"width: 46px\">\n\t\t\t\t<div class=\"icon\">\n\t\t\t\t\t<div class=\"icon-inner\" style=\"border-width:1px;\">\n\t\t\t\t\t\t<svg height=\"48\" viewBox=\"0 -960 960 960\" width=\"48\" xmlns=\"http:\/\/www.w3.org\/2000\/svg\"><path d=\"m331-431h37v-83h48q15.725 0 26.362-10.638 10.638-10.637 10.638-26.362v-48q0-15.725-10.638-26.362-10.637-10.638-26.362-10.638h-85zm37-120v-48h48v48zm129 120h84q15 0 26-10.638 11-10.637 11-26.362v-131q0-15.725-11-26.362-11-10.638-26-10.638h-84zm37-37v-131h47v131zm133 37h37v-83h50v-37h-50v-48h50v-37h-87zm-407 231q-24 0-42-18t-18-42v-560q0-24 18-42t42-18h560q24 0 42 18t18 42v560q0 24-18 42t-42 18zm0-60h560v-560h-560zm-120 180q-24 0-42-18t-18-42v-620h60v620h620v60zm120-740v560z\"\/><\/svg>\t\t\t\t\t<\/div>\n\t\t\t\t<\/div>\n\t\t\t<\/div>\n\t\t\t\t<div class=\"icon-box-text last-reset\">\n\t\t\t\t\t\t\t\t\t\n\t<div id=\"text-4249956603\" class=\"text\">\n\t\t\n<p style=\"margin-bottom: 0px;\">Cenik toplote_Koncesija Litija_1. 7. 2025<\/p>\n\t\t\n<style>\n#text-4249956603 {\n  font-size: 1rem;\n}\n<\/style>\n\t<\/div>\n\t\n\t\t<\/div>\n\t<\/div>\n\t<\/a>\n\t\n\t\t<\/div>\n\t\t\t\t\t<\/div>\n\n\t\n<\/div>\n\t<div id=\"gap-1070035177\" class=\"gap-element clearfix\" style=\"display:block; height:auto;\">\n\t\t\n<style>\n#gap-1070035177 {\n  padding-top: 5px;\n}\n<\/style>\n\t<\/div>\n\t\n<span class=\"scroll-to\" data-label=\"Scroll to: #resevanje-reklamacij\" data-bullet=\"false\" data-link=\"#resevanje-reklamacij\" data-title=\"Re\u0161evanje reklamacij\"><a name=\"resevanje-reklamacij\"><\/a><\/span>\n<h2 class=\"s-tit bfr-blue\">Re\u0161evanje reklamacij<\/h2>\n<p><span style=\"font-weight: 400;\">Odjemalec lahko morebitne reklamacije in prito\u017ebe posreduje\u00a0USTNO na zapisnik pri distributerju toplote ali PISNO na e-naslov:\u00a0<\/span><strong><span style=\"text-decoration: underline;\"><a href=\"mailto:info@istrabenzplini.si\">info@istrabenzplini.si<\/a><\/span><\/strong><span style=\"font-weight: 400;\">\u00a0oziroma po po\u0161ti na naslov<\/span><\/p>\n<p><b>ISTRABENZ PLINI d.o.o., Bertoki, Sermin 8A, 6000 Koper &#8211; Capodistria.<\/b><\/p>\n<p><span style=\"font-weight: 400;\">Distributer toplote se obvezuje, da bo pri\u00a0re\u0161evanju reklamacij in prito\u017eb upo\u0161teval veljavna Sistemska obratovalna navodila in vse pravice, ki pripadajo odjemalcem.<\/span><\/p>\n\t\t<\/div>\n\t\t\t\t\n<style>\n#col-919267699 > .col-inner {\n  padding: 0px 0px 0px 0px;\n}\n@media (min-width:550px) {\n  #col-919267699 > .col-inner {\n    padding: 0px 0px 0px 0px;\n  }\n}\n@media (min-width:850px) {\n  #col-919267699 > .col-inner {\n    padding: 0px 75px 0px 0px;\n  }\n}\n<\/style>\n\t<\/div>\n\n\t\n\n\t<div id=\"col-821846240\" class=\"col stck hide-for-medium medium-4 small-12 large-3 small-col-first\"  >\n\t\t<div class=\"is-sticky-column\"><div class=\"is-sticky-column__inner\">\t\t<div class=\"col-inner\"  >\n\t\t\t\n\t\t\t\n<ul class=\"page-menu\">\n<li><a href=\"#kontaktna-tocka\">Kontaktna to\u010dka<\/a><\/li>\n<li><a href=\"#sistemska-obratovalna-navodila\">Sistemska obratovalna navodila in Splo\u0161ni pogoji<\/a><\/li>\n<li><a href=\"#cenik-toplote\">Cenik toplote<\/a><\/li>\n<li><a href=\"#resevanje-reklamacij\">Re\u0161evanje reklamacij<\/a><\/li>\n<\/ul>\n\t\t<\/div>\n\t\t<\/div><\/div>\t\t\t<\/div>\n\n\t\n<\/div>\n\t\t<\/div>\n\n\t\t\n<style>\n#section_1979717062 {\n  padding-top: 65px;\n  padding-bottom: 65px;\n}\n@media (min-width:550px) {\n  #section_1979717062 {\n    padding-top: 65px;\n    padding-bottom: 65px;\n  }\n}\n@media (min-width:850px) {\n  #section_1979717062 {\n    padding-top: 100px;\n    padding-bottom: 100px;\n  }\n}\n<\/style>\n\t<\/section>\n\t\n\n\t<section class=\"section\" id=\"section_2034898048\">\n\t\t<div class=\"section-bg fill\" >\n\t\t\t\t\t\t\t\t\t\n\t\t\t\n\n\t\t<\/div>\n\n\t\t\n\n\t\t<div class=\"section-content relative\">\n\t\t\t\r\n\r\n<div class=\"row\"  id=\"row-1488601386\">\r\n\r\n\n\t<div id=\"col-1849588432\" class=\"col pb-0 medium-12 small-12 large-5\"  >\n\t\t\t\t<div class=\"col-inner\"  >\n\t\t\t\n\t\t\t\r\n\r\n<h2 class=\"s-tit\">Have you found everything you needed?<\/h2>\r\n\r\n\t\t<\/div>\n\t\t\t\t\t<\/div>\n\n\t\r\n\n\t<div id=\"col-1573943605\" class=\"col pb-0 medium-12 small-12 large-7\"  >\n\t\t\t\t<div class=\"col-inner\"  >\n\t\t\t\n\t\t\t\r\n\r\n<p class=\"cta-desc\">If you need any information and assistance on how to use our products, feel free to contact us<\/p>\r\n<a href=\"\/en\/contact\/ask-more\/\" class=\"button primary btn-green ask-us\" >\n\t\t<span>CONTACT US<\/span>\n\t<\/a>\n\r\n\r\n<a href=\"tel:+386801228\" class=\"button primary btn-out cont\" >\n\t\t<span>080 1228<\/span>\n\t<\/a>\n\r\n\r\n\r\n\t\t<\/div>\n\t\t\t\t\t<\/div>\n\n\t\r\n\r\n<\/div>\r\n\t<div id=\"gap-385435553\" class=\"gap-element clearfix\" style=\"display:block; height:auto;\">\n\t\t\n<style>\n#gap-385435553 {\n  padding-top: 100px;\n}\n<\/style>\n\t<\/div>\n\t\r\n\r\n\r\n\t\t<\/div>\n\n\t\t\n<style>\n#section_2034898048 {\n  padding-top: 65px;\n  padding-bottom: 65px;\n  background-color: rgb(248, 248, 248);\n}\n@media (min-width:850px) {\n  #section_2034898048 {\n    padding-top: 100px;\n    padding-bottom: 100px;\n  }\n}\n<\/style>\n\t<\/section>\n\t\n","protected":false},"excerpt":{"rendered":"","protected":false},"author":1,"featured_media":0,"parent":2809,"menu_order":0,"comment_status":"closed","ping_status":"closed","template":"","meta":{"footnotes":""},"class_list":["post-2810","page","type-page","status-publish","hentry"],"_links":{"self":[{"href":"https:\/\/www.istrabenzplini.si\/en\/wp-json\/wp\/v2\/pages\/2810","targetHints":{"allow":["GET"]}}],"collection":[{"href":"https:\/\/www.istrabenzplini.si\/en\/wp-json\/wp\/v2\/pages"}],"about":[{"href":"https:\/\/www.istrabenzplini.si\/en\/wp-json\/wp\/v2\/types\/page"}],"author":[{"embeddable":true,"href":"https:\/\/www.istrabenzplini.si\/en\/wp-json\/wp\/v2\/users\/1"}],"replies":[{"embeddable":true,"href":"https:\/\/www.istrabenzplini.si\/en\/wp-json\/wp\/v2\/comments?post=2810"}],"version-history":[{"count":0,"href":"https:\/\/www.istrabenzplini.si\/en\/wp-json\/wp\/v2\/pages\/2810\/revisions"}],"up":[{"embeddable":true,"href":"https:\/\/www.istrabenzplini.si\/en\/wp-json\/wp\/v2\/pages\/2809"}],"wp:attachment":[{"href":"https:\/\/www.istrabenzplini.si\/en\/wp-json\/wp\/v2\/media?parent=2810"}],"curies":[{"name":"wp","href":"https:\/\/api.w.org\/{rel}","templated":true}]}}