{"id":2808,"date":"2023-07-28T06:54:40","date_gmt":"2023-07-28T04:54:40","guid":{"rendered":"https:\/\/istrabenzplini.pakt.si\/?page_id=2808"},"modified":"2024-09-12T10:40:29","modified_gmt":"2024-09-12T08:40:29","slug":"autogas","status":"publish","type":"page","link":"https:\/\/www.istrabenzplini.si\/en\/help-and-support\/autogas\/","title":{"rendered":"Autogas"},"content":{"rendered":"\n\t<section class=\"section\" id=\"section_903156003\">\n\t\t<div class=\"section-bg fill\" >\n\t\t\t<img loading=\"lazy\" decoding=\"async\" width=\"2000\" height=\"1196\" src=\"https:\/\/www.istrabenzplini.si\/wp-content\/uploads\/2023\/07\/Main-Header-Avtoplin.jpg\" class=\"bg attachment-original size-original\" alt=\"\" title=\"\">\t\t\t\t\t\t<div class=\"section-bg-overlay absolute fill\"><\/div>\n\t\t\t\n\n\t\t<\/div>\n\n\t\t\n\n\t\t<div class=\"section-content relative\">\n\t\t\t\n<div class=\"row\"  id=\"row-1636544894\">\n\n\t<div id=\"col-1155577044\" class=\"col pb-0 mainsec-pl medium-12 small-12 large-7\"  >\n\t\t\t\t<div class=\"col-inner\"  >\n\t\t\t\n\t\t\t\n<div class=\"row\"  id=\"row-491414021\">\n\n\t<div id=\"col-1142281826\" class=\"col pb-0 col-mainsec small-12 large-12\"  >\n\t\t\t\t<div class=\"col-inner\"  >\n\t\t\t\n\t\t\t\n\t<div id=\"text-1408213442\" class=\"text\">\n\t\t\n<h1 class=\"main-tit\">Avtoplin<\/h1>\n<p class=\"main-desc bigger\">Varna in ekonomi\u010dna alternativa pogonskih goriv, ki postaja vedno bolj priljubljena. Preverite klju\u010dne prednosti avtoplina (UNP) in kje pri nas ga lahko to\u010dite.\n<\/p>\n\t\t\n<style>\n#text-1408213442 {\n  color: rgb(255,255,255);\n}\n#text-1408213442 > * {\n  color: rgb(255,255,255);\n}\n<\/style>\n\t<\/div>\n\t\n\t\t<\/div>\n\t\t\t\t\t<\/div>\n\n\t\n<\/div>\n\t\t<\/div>\n\t\t\t\t\t<\/div>\n\n\t\n<\/div>\n\t\t<\/div>\n\n\t\t\n<style>\n#section_903156003 {\n  padding-top: 65px;\n  padding-bottom: 65px;\n  min-height: 0vh;\n}\n#section_903156003 .section-bg-overlay {\n  background-color: rgba(8, 63, 136, 0.575);\n}\n#section_903156003 .section-bg img {\n  object-position: 19% 100%;\n}\n@media (min-width:550px) {\n  #section_903156003 {\n    padding-top: 65px;\n    padding-bottom: 65px;\n  }\n}\n@media (min-width:850px) {\n  #section_903156003 {\n    padding-top: 100px;\n    padding-bottom: 100px;\n    min-height: 71vh;\n  }\n}\n<\/style>\n\t<\/section>\n\t\n<div class=\"row align-middle breadcrump\"  id=\"row-1695709424\">\n\n\t<div id=\"col-1313443493\" class=\"col pb-0 small-12 large-12\"  >\n\t\t\t\t<div class=\"col-inner\"  >\n\t\t\t\n\t\t\t\n\t\t<div class=\"pb-0\">\n\t\t\t\t\n<nav aria-label=\"breadcrumbs\" class=\"rank-math-breadcrumb\"><p><\/p><\/nav>\n\t\t<\/div>\n\t\n\t\t<\/div>\n\t\t\t\t\t<\/div>\n\n\t\n<\/div>\n<span class=\"scroll-to\" data-label=\"Scroll to: #zakaj-izbrati-avtoplin\" data-bullet=\"false\" data-link=\"#zakaj-izbrati-avtoplin\" data-title=\"Zakaj izbrati avtoplin?\"><a name=\"zakaj-izbrati-avtoplin\"><\/a><\/span>\n\n\t<section class=\"section\" id=\"section_1015701714\">\n\t\t<div class=\"section-bg fill\" >\n\t\t\t\t\t\t\t\t\t\n\t\t\t\n\n\t\t<\/div>\n\n\t\t\n\n\t\t<div class=\"section-content relative\">\n\t\t\t\n<div class=\"row\"  id=\"row-1190408825\">\n\n\t<div id=\"col-1627052402\" class=\"col pb-0 brd medium-12 small-12 large-9\"  >\n\t\t\t\t<div class=\"col-inner\"  >\n\t\t\t\n\t<div class=\"is-border\"\n\t\tstyle=\"border-width:0px 1px 0px 0px;margin:0px 1px 0px 0px;\">\n\t<\/div>\n\t\t\t\n<h2 class=\"s-tit bfr-blue\">Zakaj izbrati avtoplin?<\/h2>\n<p><span style=\"font-weight: 400;\">Odlo\u010ditev za vozila s pogonom na plin postaja vedno bolj raz\u0161irjena, kar ka\u017ee na pomembne prednosti v primerjavi z drugimi pogonskimi gorivi.<\/span><\/p>\n<ul>\n<li style=\"font-weight: 400;\" aria-level=\"1\"><span style=\"font-weight: 400;\">Vo\u017enja je okolju prijaznej\u0161a in ustvarja manj emisij CO<\/span><span style=\"font-weight: 400;\">2<\/span><span style=\"font-weight: 400;\">.<\/span><\/li>\n<li style=\"font-weight: 400;\" aria-level=\"1\"><span style=\"font-weight: 400;\">Podalj\u0161a se \u017eivljenjska doba motorja in katalizatorja va\u0161ega avtomobila.<\/span><\/li>\n<li style=\"font-weight: 400;\" aria-level=\"1\"><span style=\"font-weight: 400;\">Do\u017eivetje vo\u017enje je prijetnej\u0161e, saj avtoplin omogo\u010da za 50 % ti\u0161je delovanje<\/span><span style=\"font-weight: 400;\"><br \/><\/span><span style=\"font-weight: 400;\">motorja.<\/span><\/li>\n<li style=\"font-weight: 400;\" aria-level=\"1\"><span style=\"font-weight: 400;\">Prihranite pri stro\u0161kih goriva.<\/span><\/li>\n<\/ul>\n<span class=\"scroll-to\" data-label=\"Scroll to: #prodajna-mesta-avtoplin\" data-bullet=\"false\" data-link=\"#prodajna-mesta-avtoplin\" data-title=\"Prodajna mesta za avtoplin\"><a name=\"prodajna-mesta-avtoplin\"><\/a><\/span>\n\t<div id=\"gap-1377433258\" class=\"gap-element clearfix\" style=\"display:block; height:auto;\">\n\t\t\n<style>\n#gap-1377433258 {\n  padding-top: 30px;\n}\n<\/style>\n\t<\/div>\n\t\n<div class=\"row row-large align-middle align-center tab-mat\"  id=\"row-1121475002\">\n\n\t<div id=\"col-1873460670\" class=\"col pb-0 medium-12 small-12 large-12\"  >\n\t\t\t\t<div class=\"col-inner\"  >\n\t\t\t\n\t\t\t\n<h2 class=\"s-tit bfr-blue\">Prodajna mesta za avtoplin<\/h2>\n<p><span style=\"font-weight: 400;\">Avtoplin Istrabenz plinov lahko to\u010dite na <\/span><span style=\"text-decoration: underline;\"><a href=\"\/en\/contact\/istrabenz-plini-retail-sales-points\/\"><span style=\"font-weight: 400;\">na\u0161ih maloprodajnih mestih v Kopru in Celju<\/span><\/a><span style=\"font-weight: 400;\">.<\/span><\/span><\/p>\n\t<div id=\"gap-1999989019\" class=\"gap-element clearfix\" style=\"display:block; height:auto;\">\n\t\t\n<style>\n#gap-1999989019 {\n  padding-top: 15px;\n}\n<\/style>\n\t<\/div>\n\t\n<table class=\"tabela tabela-specs\" style=\"text-align: start; color: #ececec; background-color: #ffffff; font-size: medium; border-collapse: collapse;\" border=\"0\" cellspacing=\"0\" cellpadding=\"0\">\n<tbody>\n<tr style=\"color: #ffffff; background-color: #4aaa27;\">\n<td style=\"text-align: left; color: #083f88; font-size: 0.9em; border: 1px solid #ffffff !important;\"><strong>Maloprodajna mesta Istrabenz plinov<\/strong><\/td>\n<td style=\"text-align: left; color: #083f88; font-size: 0.9em; border: 1px solid #ffffff !important;\" width=\"120\"><strong><strong>Telefon<\/strong><\/strong><\/p>\n<p>\u00a0<\/p>\n<\/td>\n<td style=\"text-align: left; color: #083f88; font-size: 0.9em; border: 1px solid #ffffff !important;\"><strong>Delovni \u010das<\/strong><\/td>\n<\/tr>\n<tr>\n<td style=\"text-align: left; color: #083f88; font-size: 0.9em; border: 1px solid #ffffff !important;\">\n<p style=\"text-align: center;\"><strong>Bertoki, Sermin 8A, 6000 Koper<\/strong><\/p>\n<\/td>\n<td style=\"text-align: left; color: #666666; font-size: 0.9em; border: 1px solid #ffffff !important;\">\n<p style=\"text-align: left;\"><span style=\"text-decoration: underline;\"><strong><a href=\"tel:+38656634654\">+3865 66 34 654<\/a><\/strong><\/span><\/p>\n<\/td>\n<td style=\"text-align: left; color: #666666; font-size: 0.9em; border: 1px solid #ffffff !important;\">\n<p style=\"text-align: left;\">PON\u2013PET: 7.30\u201315.30 (ZAPRTO v \u010dasu malice: 12.00 \u2013 12.30)<br \/>SOB, NED in prazniki: ZAPRTO<\/p>\n<\/td>\n<\/tr>\n<tr>\n<td style=\"text-align: left; color: #083f88; font-size: 0.9em; border: 1px solid #ffffff !important;\">\n<p style=\"text-align: center;\"><strong>Plinarni\u0161ka 1, 3000 Celje<\/strong><\/p>\n<\/td>\n<td style=\"text-align: left; color: #666666; font-size: 0.9em; border: 1px solid #ffffff !important;\">\n<p style=\"text-align: left;\"><span style=\"text-decoration: underline;\"><strong><a href=\"tel:+38634264730\">+3863 42 64 730<\/a><\/strong><\/span><\/p>\n<\/td>\n<td style=\"text-align: left; color: #666666; font-size: 0.9em; border: 1px solid #ffffff !important;\">\n<p>PON\u2013PET: 7.30\u201315.30 (ZAPRTO v \u010dasu malice: 10.00 &#8211; 10.30)<br \/>SOB, NED in prazniki: ZAPRTO<\/p>\n<\/td>\n<\/tr>\n<\/tbody>\n<\/table>\n<span class=\"scroll-to\" data-label=\"Scroll to: #cene-avtoplina\" data-bullet=\"false\" data-link=\"#cene-avtoplina\" data-title=\"Cene avtoplina\"><a name=\"cene-avtoplina\"><\/a><\/span>\n\t<div id=\"gap-496714087\" class=\"gap-element clearfix\" style=\"display:block; height:auto;\">\n\t\t\n<style>\n#gap-496714087 {\n  padding-top: 30px;\n}\n<\/style>\n\t<\/div>\n\t\n<h2 class=\"s-tit bfr-blue\">Cene avtoplina<\/h2>\n<p><span style=\"font-weight: 400;\">Preverite cenik uteko\u010dinjenega naftnega plina za avtoplin na maloprodajnih mestih Istrabenz plinov.<\/span><\/p>\n\t<div id=\"gap-2048038600\" class=\"gap-element clearfix\" style=\"display:block; height:auto;\">\n\t\t\n<style>\n#gap-2048038600 {\n  padding-top: 30px;\n}\n<\/style>\n\t<\/div>\n\t\n\t\t<\/div>\n\t\t\t\t\t<\/div>\n\n\t\n<\/div>\n<table class=\"tabela tabela-specs\" style=\"text-align: start; color: #ececec; background-color: #ffffff; font-size: medium; border-collapse: collapse;\" border=\"0\" cellspacing=\"0\" cellpadding=\"0\">\n<tbody>\n<tr style=\"color: #ffffff;\">\n<td style=\"text-align: left; color: #083f88; font-size: 0.9em; border: 1px solid #ffffff !important; width: 50%;\"><strong>Maloprodajna cena brez DDV<\/strong><\/td>\n<td style=\"text-align: left; color: #083f88; font-size: 0.9em; border: 1px solid #ffffff !important;\" width=\"120\"><strong><strong>Maloprodajna cena z 22 % DDV<\/strong><\/strong><\/p>\n<p>\u00a0<\/p>\n<\/td>\n<\/tr>\n<tr>\n<td style=\"text-align: left; color: #083f88; font-size: 0.9em; border: 1px solid #ffffff !important;\">\n<p style=\"text-align: left;\">0.6721 \u20ac\/liter<\/p>\n<\/td>\n<td style=\"text-align: left; color: #666666; font-size: 0.9em; border: 1px solid #ffffff !important; background: #edf4ff;\">\n<p style=\"text-align: left;\"><strong style=\"color: #083f88;\">0.8200 \u20ac\/liter<\/strong><\/p>\n<\/td>\n<\/tr>\n<\/tbody>\n<\/table>\n<div class=\"row row-large align-middle align-center tab-mat\"  id=\"row-311783007\">\n\n\t<div id=\"col-1557180252\" class=\"col pb-0 medium-12 small-12 large-12\"  >\n\t\t\t\t<div class=\"col-inner\"  >\n\t\t\t\n\t\t\t\n\t<div id=\"gap-1465007670\" class=\"gap-element clearfix\" style=\"display:block; height:auto;\">\n\t\t\n<style>\n#gap-1465007670 {\n  padding-top: 30px;\n}\n<\/style>\n\t<\/div>\n\t\n\t\t<\/div>\n\t\t\t\t\t<\/div>\n\n\t\n<\/div>\n<p><span style=\"font-weight: 400;\">V ceni avtoplina so vklju\u010deni tro\u0161arina, okoljska dajatev<\/span><span style=\"font-weight: 400;\">\u00a0in zakonsko predpisani dodatek za pove\u010danje energetske u\u010dinkovitosti ter prispevek za zagotavljanje podpore proizvodnji elektri\u010dne energije.<\/span><\/p>\n<p><span style=\"text-decoration: underline;\"><i><span style=\"font-weight: 400;\">*Maloprodajna cena velja od 12. 9. 2024 do preklica.<\/span><\/i><\/span><\/p>\n\t<div id=\"gap-20549893\" class=\"gap-element clearfix\" style=\"display:block; height:auto;\">\n\t\t\n<style>\n#gap-20549893 {\n  padding-top: 30px;\n}\n<\/style>\n\t<\/div>\n\t\n<span class=\"scroll-to\" data-label=\"Scroll to: #predpisi-za-avtoplin\" data-bullet=\"false\" data-link=\"#predpisi-za-avtoplin\" data-title=\"Predpisi za avtoplin\"><a name=\"predpisi-za-avtoplin\"><\/a><\/span>\n<h2 class=\"s-tit bfr-blue\">Predpisi za avtoplin<\/h2>\n<p><span style=\"font-weight: 400;\">Dr\u017eavni predpis, ki dolo\u010da minimalne tehni\u010dne zahteve za izgradnjo in zagotavljanje ljudem varnega in zdravju ter okolju ne\u0161kodljivega delovanja postaj za preskrbo motornih vozil s plinom, je <\/span><span style=\"text-decoration: underline;\"><a href=\"http:\/\/www.pisrs.si\/Pis.web\/pregledPredpisa?id=PRAV9614\" target=\"_blank\" rel=\"nofollow noopener\"><span style=\"font-weight: 400;\">Pravilnik o tehni\u010dnih zahtevah za gradnjo in obratovanje postaj za preskrbo motornih vozil z gorivi\u00a0<\/span><\/a>.<\/span><\/p>\n\t<div id=\"gap-300388108\" class=\"gap-element clearfix\" style=\"display:block; height:auto;\">\n\t\t\n<style>\n#gap-300388108 {\n  padding-top: 30px;\n}\n<\/style>\n\t<\/div>\n\t\n<span class=\"scroll-to\" data-label=\"Scroll to: #vzdrzevanje\" data-bullet=\"false\" data-link=\"#vzdrzevanje\" data-title=\"Vzdr\u017eevanje\"><a name=\"vzdrzevanje\"><\/a><\/span>\n<h2 class=\"s-tit bfr-blue\">Vzdr\u017eevanje<\/h2>\n<p><span style=\"font-weight: 400;\">Vzdr\u017eevanje plinskih naprav in plinske napeljave v vozilih lahko izvajajo samo poobla\u0161\u010dene osebe in podjetja.<\/span><\/p>\n\t\t<\/div>\n\t\t\t\t\n<style>\n#col-1627052402 > .col-inner {\n  padding: 0px 0px 0px 0px;\n}\n@media (min-width:550px) {\n  #col-1627052402 > .col-inner {\n    padding: 0px 0px 0px 0px;\n  }\n}\n@media (min-width:850px) {\n  #col-1627052402 > .col-inner {\n    padding: 0px 75px 0px 0px;\n  }\n}\n<\/style>\n\t<\/div>\n\n\t\n\n\t<div id=\"col-1844367676\" class=\"col stck hide-for-medium medium-4 small-12 large-3 small-col-first\"  >\n\t\t<div class=\"is-sticky-column\"><div class=\"is-sticky-column__inner\">\t\t<div class=\"col-inner\"  >\n\t\t\t\n\t\t\t\n<ul class=\"page-menu\">\n<li><a href=\"#zakaj-izbrati-avtoplin\">Zakaj izbrati avtoplin?<\/a><\/li>\n<li><a href=\"#prodajna-mesta-avtoplin\">Prodajna mesta za avtoplin<\/a><\/li>\n<li><a href=\"#cene-avtoplina\">Cene avtoplina<\/a><\/li>\n<li><a href=\"#predpisi-za-avtoplin\">Predpisi za avtoplin<\/a><\/li>\n<li><a href=\"#vzdrzevanje\">Vzdr\u017eevanje<\/a><\/li>\n<\/ul>\n\t\t<\/div>\n\t\t<\/div><\/div>\t\t\t<\/div>\n\n\t\n<\/div>\n\t\t<\/div>\n\n\t\t\n<style>\n#section_1015701714 {\n  padding-top: 65px;\n  padding-bottom: 65px;\n}\n@media (min-width:550px) {\n  #section_1015701714 {\n    padding-top: 65px;\n    padding-bottom: 65px;\n  }\n}\n@media (min-width:850px) {\n  #section_1015701714 {\n    padding-top: 100px;\n    padding-bottom: 100px;\n  }\n}\n<\/style>\n\t<\/section>\n\t\n\n\t<section class=\"section\" id=\"section_963770598\">\n\t\t<div class=\"section-bg fill\" >\n\t\t\t\t\t\t\t\t\t\n\t\t\t\n\n\t\t<\/div>\n\n\t\t\n\n\t\t<div class=\"section-content relative\">\n\t\t\t\r\n\r\n<div class=\"row\"  id=\"row-160959144\">\r\n\r\n\n\t<div id=\"col-1611419363\" class=\"col pb-0 medium-12 small-12 large-5\"  >\n\t\t\t\t<div class=\"col-inner\"  >\n\t\t\t\n\t\t\t\r\n\r\n<h2 class=\"s-tit\">Have you found everything you needed?<\/h2>\r\n\r\n\t\t<\/div>\n\t\t\t\t\t<\/div>\n\n\t\r\n\n\t<div id=\"col-2041301408\" class=\"col pb-0 medium-12 small-12 large-7\"  >\n\t\t\t\t<div class=\"col-inner\"  >\n\t\t\t\n\t\t\t\r\n\r\n<p class=\"cta-desc\">If you need any information and assistance on how to use our products, feel free to contact us<\/p>\r\n<a href=\"\/en\/contact\/ask-more\/\" class=\"button primary btn-green ask-us\" >\n\t\t<span>CONTACT US<\/span>\n\t<\/a>\n\r\n\r\n<a href=\"tel:+386801228\" class=\"button primary btn-out cont\" >\n\t\t<span>080 1228<\/span>\n\t<\/a>\n\r\n\r\n\r\n\t\t<\/div>\n\t\t\t\t\t<\/div>\n\n\t\r\n\r\n<\/div>\r\n\t<div id=\"gap-1563453823\" class=\"gap-element clearfix\" style=\"display:block; height:auto;\">\n\t\t\n<style>\n#gap-1563453823 {\n  padding-top: 100px;\n}\n<\/style>\n\t<\/div>\n\t\r\n\r\n\r\n\t\t<\/div>\n\n\t\t\n<style>\n#section_963770598 {\n  padding-top: 65px;\n  padding-bottom: 65px;\n  background-color: rgb(248, 248, 248);\n}\n@media (min-width:850px) {\n  #section_963770598 {\n    padding-top: 100px;\n    padding-bottom: 100px;\n  }\n}\n<\/style>\n\t<\/section>\n\t\n","protected":false},"excerpt":{"rendered":"","protected":false},"author":1,"featured_media":0,"parent":2807,"menu_order":0,"comment_status":"closed","ping_status":"closed","template":"page-blank.php","meta":{"footnotes":""},"class_list":["post-2808","page","type-page","status-publish","hentry"],"_links":{"self":[{"href":"https:\/\/www.istrabenzplini.si\/en\/wp-json\/wp\/v2\/pages\/2808","targetHints":{"allow":["GET"]}}],"collection":[{"href":"https:\/\/www.istrabenzplini.si\/en\/wp-json\/wp\/v2\/pages"}],"about":[{"href":"https:\/\/www.istrabenzplini.si\/en\/wp-json\/wp\/v2\/types\/page"}],"author":[{"embeddable":true,"href":"https:\/\/www.istrabenzplini.si\/en\/wp-json\/wp\/v2\/users\/1"}],"replies":[{"embeddable":true,"href":"https:\/\/www.istrabenzplini.si\/en\/wp-json\/wp\/v2\/comments?post=2808"}],"version-history":[{"count":0,"href":"https:\/\/www.istrabenzplini.si\/en\/wp-json\/wp\/v2\/pages\/2808\/revisions"}],"up":[{"embeddable":true,"href":"https:\/\/www.istrabenzplini.si\/en\/wp-json\/wp\/v2\/pages\/2807"}],"wp:attachment":[{"href":"https:\/\/www.istrabenzplini.si\/en\/wp-json\/wp\/v2\/media?parent=2808"}],"curies":[{"name":"wp","href":"https:\/\/api.w.org\/{rel}","templated":true}]}}