{"id":2776,"date":"2023-04-19T11:50:27","date_gmt":"2023-04-19T09:50:27","guid":{"rendered":"https:\/\/istrabenzplini.pakt.si\/?page_id=2776"},"modified":"2025-09-01T16:43:50","modified_gmt":"2025-09-01T14:43:50","slug":"contact","status":"publish","type":"page","link":"https:\/\/www.istrabenzplini.si\/en\/contact\/","title":{"rendered":"Contact"},"content":{"rendered":"\n\t<section class=\"section\" id=\"section_399159057\">\n\t\t<div class=\"section-bg fill\" >\n\t\t\t\t\t\t\t\t\t\n\t\t\t\n\n\t\t<\/div>\n\n\t\t\n\n\t\t<div class=\"section-content relative\">\n\t\t\t\n<div class=\"row align-middle\"  id=\"row-950277921\">\n\n\t<div id=\"col-1564928991\" class=\"col pb-0 mainsec-pl medium-6 small-12 large-8\"  >\n\t\t\t\t<div class=\"col-inner\"  >\n\t\t\t\n\t\t\t\n<div class=\"row\"  id=\"row-727151392\">\n\n\t<div id=\"col-1273909200\" class=\"col pb-0 col-mainsec medium-11 small-12 large-11\"  >\n\t\t\t\t<div class=\"col-inner\"  >\n\t\t\t\n\t\t\t\n\t<div id=\"text-902165516\" class=\"text\">\n\t\t\n<h1 class=\"main-tit\">Kontakt<\/h1>\n<p class=\"main-desc bigger\">Stopite v stik z nami. Na voljo smo vam za dodatne informacije glede na\u0161ih proizvodov in storitev.\n<\/p>\n\t\t\n<style>\n#text-902165516 {\n  color: #083f88;\n}\n#text-902165516 > * {\n  color: #083f88;\n}\n<\/style>\n\t<\/div>\n\t\n\t\t<\/div>\n\t\t\t\t\t<\/div>\n\n\t\n<\/div>\n\t\t<\/div>\n\t\t\t\t\t<\/div>\n\n\t\n\n\t<div id=\"col-1746005906\" class=\"col pb-0 hide-for-small medium-4 small-12 large-4\"  >\n\t\t\t\t<div class=\"col-inner text-left\"  >\n\t\t\t\n\t\t\t\n\t<div class=\"img has-hover x md-x lg-x y md-y lg-y\" id=\"image_1044130726\">\n\t\t\t\t\t\t\t\t<div class=\"img-inner dark\" >\n\t\t\t<img loading=\"lazy\" decoding=\"async\" width=\"800\" height=\"800\" src=\"https:\/\/www.istrabenzplini.si\/wp-content\/uploads\/2023\/08\/kontakt-1.png\" class=\"attachment-original size-original\" alt=\"\" srcset=\"https:\/\/www.istrabenzplini.si\/wp-content\/uploads\/2023\/08\/kontakt-1.png 800w, https:\/\/www.istrabenzplini.si\/wp-content\/uploads\/2023\/08\/kontakt-1-400x400.png 400w, https:\/\/www.istrabenzplini.si\/wp-content\/uploads\/2023\/08\/kontakt-1-280x280.png 280w, https:\/\/www.istrabenzplini.si\/wp-content\/uploads\/2023\/08\/kontakt-1-768x768.png 768w\" sizes=\"auto, (max-width: 800px) 100vw, 800px\" title=\"\">\t\t\t\t\t\t\n\t\t\t\t\t<\/div>\n\t\t\t\t\t\t\t\t\n<style>\n#image_1044130726 {\n  width: 50%;\n}\n@media (min-width:550px) {\n  #image_1044130726 {\n    width: 100%;\n  }\n}\n<\/style>\n\t<\/div>\n\t\n\t\t<\/div>\n\t\t\t\t\n<style>\n#col-1746005906 > .col-inner {\n  margin: 0px 0px 0px 0px;\n}\n<\/style>\n\t<\/div>\n\n\t\n<\/div>\n\t<div id=\"gap-401582611\" class=\"gap-element clearfix\" style=\"display:block; height:auto;\">\n\t\t\n<style>\n#gap-401582611 {\n  padding-top: 65px;\n}\n@media (min-width:550px) {\n  #gap-401582611 {\n    padding-top: 90px;\n  }\n}\n@media (min-width:850px) {\n  #gap-401582611 {\n    padding-top: 30px;\n  }\n}\n<\/style>\n\t<\/div>\n\t\n\t\t<\/div>\n\n\t\t\n<style>\n#section_399159057 {\n  padding-top: 65px;\n  padding-bottom: 65px;\n  background-color: rgb(246, 247, 248);\n}\n@media (min-width:550px) {\n  #section_399159057 {\n    padding-top: 65px;\n    padding-bottom: 65px;\n  }\n}\n@media (min-width:850px) {\n  #section_399159057 {\n    padding-top: 100px;\n    padding-bottom: 100px;\n  }\n}\n<\/style>\n\t<\/section>\n\t\n\n\t<section class=\"section\" id=\"section_344736005\">\n\t\t<div class=\"section-bg fill\" >\n\t\t\t\t\t\t\t\t\t\n\t\t\t\n\n\t\t<\/div>\n\n\t\t\n\n\t\t<div class=\"section-content relative\">\n\t\t\t\n<div class=\"row\"  id=\"row-352066205\">\n\n\t<div id=\"col-1642402531\" class=\"col pb-0 brd bg-bord-cont medium-12 small-12 large-9\"  >\n\t\t\t\t<div class=\"col-inner\" style=\"background-color:rgb(255,255,255);\" >\n\t\t\t\n\t\t\t\n<p>ISTRABENZ PLINI d.o.o.<br \/>Bertoki, Sermin 8A<br \/>6000 Koper &#8211; Capodistria<br \/>T:\u00a0<span style=\"text-decoration: underline;\"><strong><a href=\"tel:+38656634600\">05 66 34 600<\/a><\/strong><\/span><br \/><span style=\"text-decoration: underline;\"><strong><a href=\"mailto:info@istrabenzplini.si\">info@istrabenzplini.si<\/a><\/strong><\/span><\/p>\n<div class=\"accordion\">\n\t<div id=\"accordion-256559126\" class=\"accordion-item\">\n\t\t<a id=\"accordion-256559126-label\" class=\"accordion-title plain\" href=\"#accordion-item-maloprodajna-mesta-istrabenz-plinov\" aria-expanded=\"false\" aria-controls=\"accordion-256559126-content\">\n\t\t\t<button class=\"toggle\" aria-label=\"Toggle\"><i class=\"icon-angle-down\" aria-hidden=\"true\"><\/i><\/button>\n\t\t\t<span>Maloprodajna mesta Istrabenz plinov<\/span>\n\t\t<\/a>\n\t\t<div id=\"accordion-256559126-content\" class=\"accordion-inner\" aria-labelledby=\"accordion-256559126-label\">\n\t\t\t\n<ul>\n<li><strong>Koper:<\/strong><br \/>Bertoki, Sermin 8A, 6000 Koper<br \/>T:\u00a0<strong><span style=\"text-decoration: underline;\"><a href=\"tel:+38656634654\">05 663 46 54<\/a><\/span><\/strong><br \/>Delovni \u010das: pon. \u2013 pet.: (7.30 \u2013 15.30).<br \/>(Zaprto v \u010dasu malice 12.00 \u2013 12.30, sob.,ned. in prazniki: ZAPRTO)<\/li>\n<li><strong>Novo mesto:<\/strong><br \/>Podbev\u0161kova ulica 10, 8000 Novo mesto<br \/>T:\u00a0<strong><span style=\"text-decoration: underline;\"><a href=\"tel:+38673934001\">07 393 40 01<\/a><\/span><\/strong><br \/>Delovni \u010das: (pon. \u2013 pet.: 7.30 \u2013 15.30).<br \/>(Zaprto v \u010dasu malice 10.00 \u2013 10.30, sob.,ned. in prazniki: ZAPRTO)<\/li>\n<li><strong>Celje:<\/strong><br \/>Plinarni\u0161ka ulica 1, 3000 Celje<br \/>T:\u00a0<strong><span style=\"text-decoration: underline;\"><a href=\"tel:+38634264700\">03 426 47 00<\/a><\/span><\/strong><br \/>Delovni \u010das: (pon. \u2013 pet.: 7.30 \u2013 15.30).<br \/>(Zaprto v \u010dasu malice 10.00 \u2013 10.30, sob.,ned. in prazniki: ZAPRTO)<\/li>\n<\/ul>\n\t\t<\/div>\n\t<\/div>\n\t\n\t<div id=\"accordion-1551148709\" class=\"accordion-item\">\n\t\t<a id=\"accordion-1551148709-label\" class=\"accordion-title plain\" href=\"#accordion-item-prodajna-mesta-jeklenke-plindom\" aria-expanded=\"false\" aria-controls=\"accordion-1551148709-content\">\n\t\t\t<button class=\"toggle\" aria-label=\"Toggle\"><i class=\"icon-angle-down\" aria-hidden=\"true\"><\/i><\/button>\n\t\t\t<span>Prodajna mesta jeklenke Plindom<\/span>\n\t\t<\/a>\n\t\t<div id=\"accordion-1551148709-content\" class=\"accordion-inner\" aria-labelledby=\"accordion-1551148709-label\">\n\t\t\t\n<a href=\"https:\/\/www.istrabenzplini.si\/en\/contact\/lpg-cylinder-plindom-points-of-sales\/\" class=\"button primary btn-green\" >\n\t\t<span>Zemljevid prodajnih mest<\/span>\n\t<\/a>\n\n\t\t<\/div>\n\t<\/div>\n\t\n\t<div id=\"accordion-117717044\" class=\"accordion-item\">\n\t\t<a id=\"accordion-117717044-label\" class=\"accordion-title plain\" href=\"#accordion-item-prodajna-mesta-za-vra\u010dilo-jeklenke-plindom-in-vra\u010dilo-kavcije\" aria-expanded=\"false\" aria-controls=\"accordion-117717044-content\">\n\t\t\t<button class=\"toggle\" aria-label=\"Toggle\"><i class=\"icon-angle-down\" aria-hidden=\"true\"><\/i><\/button>\n\t\t\t<span>Prodajna mesta za vra\u010dilo jeklenke Plindom in vra\u010dilo kavcije<\/span>\n\t\t<\/a>\n\t\t<div id=\"accordion-117717044-content\" class=\"accordion-inner\" aria-labelledby=\"accordion-117717044-label\">\n\t\t\t\n<a href=\"https:\/\/www.istrabenzplini.si\/en\/contact\/points-of-sales-for-returning-the-lpg-cylinders-plindom\/\" class=\"button primary btn-green\" >\n\t\t<span>Zemljevid prodajnih mest<\/span>\n\t<\/a>\n\n\t\t<\/div>\n\t<\/div>\n\t\n\t<div id=\"accordion-2884324562\" class=\"accordion-item\">\n\t\t<a id=\"accordion-2884324562-label\" class=\"accordion-title plain\" href=\"#accordion-item-naro\u010dila-plina\" aria-expanded=\"false\" aria-controls=\"accordion-2884324562-content\">\n\t\t\t<button class=\"toggle\" aria-label=\"Toggle\"><i class=\"icon-angle-down\" aria-hidden=\"true\"><\/i><\/button>\n\t\t\t<span>Naro\u010dila plina<\/span>\n\t\t<\/a>\n\t\t<div id=\"accordion-2884324562-content\" class=\"accordion-inner\" aria-labelledby=\"accordion-2884324562-label\">\n\t\t\t\n<p><span style=\"text-decoration: underline;\"><strong>Plindom \u2013 Dostava jeklenk na dom:<\/strong><\/span><\/p>\n<ul>\n<li>na brezpla\u010dno telefonsko \u0161tevilko\u00a0<span style=\"text-decoration: underline;\"><strong><a href=\"tel:+386801228\">080 1228<\/a><\/strong><\/span>\u00a0(pon. \u2013 sob.: 7.00 \u2013 20.00)<\/li>\n<\/ul>\n<p><span style=\"text-decoration: underline;\"><strong>Naro\u010dilo uteko\u010dinjenega naftnega plina za ogrevanje:<\/strong><\/span><\/p>\n<ul>\n<!--\n\n\n\n\n\n\n\n\n\n\n\n<li>preko <strong><span style=\"text-decoration: underline;\"><a href=\"https:\/\/www.istrabenzplini.si\/en\/?page_id=2781\">spletnega obrazca<\/a><\/span><\/strong>,<\/li>\n\n\n\n\n\n\n\n\n\n\n\n--><\/p>\n<li>na brezpla\u010dno telefonsko \u0161tevilko\u00a0<span style=\"text-decoration: underline;\"><strong><a href=\"tel:+386801228\">080 1228<\/a><\/strong><\/span> (pon. \u2013 sob.: 7.00 \u2013 20.00),<\/li>\n<li>na e-naslov:\u00a0<span style=\"text-decoration: underline;\"><strong><a href=\"mailto:narocila@istrabenzplini.si\">narocila@istrabenzplini.si<\/a><\/strong><\/span><\/li>\n<\/ul>\n<p><span style=\"text-decoration: underline;\"><strong>Naro\u010dilo tehni\u010dnega plina v jeklenkah:<\/strong><\/span><\/p>\n<ul>\n<li>na e-naslov: <strong><span style=\"text-decoration: underline;\"><a href=\"mailto:narocila@istrabenzplini.si\" target=\"_blank\" rel=\"noopener\" data-rawhref=\"mailto:narocila@istrabenzplini.si\">narocila@istrabenzplini.si<\/a><\/span><\/strong><\/li>\n<\/ul>\n\t\t<\/div>\n\t<\/div>\n\t\n\t<div id=\"accordion-2624577074\" class=\"accordion-item\">\n\t\t<a id=\"accordion-2624577074-label\" class=\"accordion-title plain\" href=\"#accordion-item-de\u017eurna-slu\u017eba\" aria-expanded=\"false\" aria-controls=\"accordion-2624577074-content\">\n\t\t\t<button class=\"toggle\" aria-label=\"Toggle\"><i class=\"icon-angle-down\" aria-hidden=\"true\"><\/i><\/button>\n\t\t\t<span>De\u017eurna slu\u017eba<\/span>\n\t\t<\/a>\n\t\t<div id=\"accordion-2624577074-content\" class=\"accordion-inner\" aria-labelledby=\"accordion-2624577074-label\">\n\t\t\t\n<p>V nujnih primerih ali ob pu\u0161\u010danju plina pokli\u010dite intervencijsko telefonsko \u0161tevilko Istrabenz plini (24\/7):<\/p>\n<ul>\n<li><a href=\"080 1303\" data-wplink-url-error=\"true\"><strong><span style=\"text-decoration: underline;\">080 1303<\/span><\/strong><\/a><\/li>\n<\/ul>\n\t\t<\/div>\n\t<\/div>\n\t\n\t<div id=\"accordion-2223078774\" class=\"accordion-item\">\n\t\t<a id=\"accordion-2223078774-label\" class=\"accordion-title plain\" href=\"#accordion-item-omre\u017eje-ods\" aria-expanded=\"false\" aria-controls=\"accordion-2223078774-content\">\n\t\t\t<button class=\"toggle\" aria-label=\"Toggle\"><i class=\"icon-angle-down\" aria-hidden=\"true\"><\/i><\/button>\n\t\t\t<span>Omre\u017eje ODS<\/span>\n\t\t<\/a>\n\t\t<div id=\"accordion-2223078774-content\" class=\"accordion-inner\" aria-labelledby=\"accordion-2223078774-label\">\n\t\t\t\n\t<div id=\"gap-736701779\" class=\"gap-element clearfix\" style=\"display:block; height:auto;\">\n\t\t\n<style>\n#gap-736701779 {\n  padding-top: 15px;\n}\n<\/style>\n\t<\/div>\n\t\n<a href=\"https:\/\/www.istrabenzplini.si\/en\/help-and-support\/dso-network\/#kontakti-ods\" class=\"button primary btn-green\" >\n\t\t<span>Pomo\u010d in podpora - kontakti<\/span>\n\t<\/a>\n\n\t\t<\/div>\n\t<\/div>\n\t\n\t<div id=\"accordion-15035748\" class=\"accordion-item\">\n\t\t<a id=\"accordion-15035748-label\" class=\"accordion-title plain\" href=\"#accordion-item-daljinsko-ogrevanje\" aria-expanded=\"false\" aria-controls=\"accordion-15035748-content\">\n\t\t\t<button class=\"toggle\" aria-label=\"Toggle\"><i class=\"icon-angle-down\" aria-hidden=\"true\"><\/i><\/button>\n\t\t\t<span>Daljinsko ogrevanje<\/span>\n\t\t<\/a>\n\t\t<div id=\"accordion-15035748-content\" class=\"accordion-inner\" aria-labelledby=\"accordion-15035748-label\">\n\t\t\t\n<h3>Koncesija Litija:<\/h3>\n<a href=\"https:\/\/www.istrabenzplini.si\/en\/help-and-support\/district-heating\/concession-litija\/#kontaktna-tocka\" class=\"button primary btn-green\" >\n\t\t<span>Pomo\u010d in podpora - kontakti<\/span>\n\t<\/a>\n\n<h3>Kotlovnica Markovec:<\/h3>\n<a href=\"https:\/\/www.istrabenzplini.si\/en\/help-and-support\/district-heating\/markovec-boiler-room\/#sluzba-za-odnose-z-odjemalci\" class=\"button primary btn-green\" >\n\t\t<span>Pomo\u010d in podpora - kontakti<\/span>\n\t<\/a>\n\n\t\t<\/div>\n\t<\/div>\n\t\n\t<div id=\"accordion-4055064835\" class=\"accordion-item\">\n\t\t<a id=\"accordion-4055064835-label\" class=\"accordion-title plain\" href=\"#accordion-item-sporo\u010danje-od\u010ditkov-plinskega-\u0161tevca---unp-in-zemeljski-plin\" aria-expanded=\"false\" aria-controls=\"accordion-4055064835-content\">\n\t\t\t<button class=\"toggle\" aria-label=\"Toggle\"><i class=\"icon-angle-down\" aria-hidden=\"true\"><\/i><\/button>\n\t\t\t<span>Sporo\u010danje od\u010ditkov plinskega \u0161tevca - UNP in zemeljski plin<\/span>\n\t\t<\/a>\n\t\t<div id=\"accordion-4055064835-content\" class=\"accordion-inner\" aria-labelledby=\"accordion-4055064835-label\">\n\t\t\t\n<p>Od\u010ditek plinskega \u0161tevca lahko sporo\u010dite v zadnjih petih dneh teko\u010dega meseca:<\/p>\n<ul>\n<li>preko uporabni\u0161kega portala\u00a0<strong><span style=\"text-decoration: underline;\"><a href=\"https:\/\/mojplin.istrabenzplini.si\/Prijava?ReturnUrl=%2f\" target=\"_blank\" rel=\"noopener\">MojPlin<\/a><\/span><\/strong><em>\u00a0&#8211; uporabni\u0161ki portal MojPlin vam omogo\u010da enostaven na\u010din spremljanja porabe, izdanih ra\u010dunov in sporo\u010danja stanj merilne naprave.<\/em><\/li>\n<li>ali na brezpla\u010dno telefonsko \u0161tevilko <strong><span style=\"text-decoration: underline;\"><a href=\"tel:+386801228\">080 1228<\/a><\/span><\/strong><\/li>\n<\/ul>\n\t\t<\/div>\n\t<\/div>\n\t\n\t<div id=\"accordion-2239839391\" class=\"accordion-item\">\n\t\t<a id=\"accordion-2239839391-label\" class=\"accordion-title plain\" href=\"#accordion-item-ne\u017eeleni-dogodki-pri-uporabi-medicinskih-plinov\" aria-expanded=\"false\" aria-controls=\"accordion-2239839391-content\">\n\t\t\t<button class=\"toggle\" aria-label=\"Toggle\"><i class=\"icon-angle-down\" aria-hidden=\"true\"><\/i><\/button>\n\t\t\t<span>Ne\u017eeleni dogodki pri uporabi medicinskih plinov<\/span>\n\t\t<\/a>\n\t\t<div id=\"accordion-2239839391-content\" class=\"accordion-inner\" aria-labelledby=\"accordion-2239839391-label\">\n\t\t\t\n<p>Kontakt za poro\u010danje o ne\u017eelenih dogodkih pri uporabi medicinskih plinov:<br \/><strong><span style=\"text-decoration: underline;\"><a href=\"mailto:farmakovigilanca@istrabenzplini.si\">farmakovigilanca@istrabenzplini.si<\/a><\/span><\/strong><\/p>\n\t\t<\/div>\n\t<\/div>\n\t\n<\/div>\n\t<div id=\"gap-473198056\" class=\"gap-element clearfix\" style=\"display:block; height:auto;\">\n\t\t\n<style>\n#gap-473198056 {\n  padding-top: 30px;\n}\n<\/style>\n\t<\/div>\n\t\n<a href=\"https:\/\/www.istrabenzplini.si\/en\/contact\/ask-more\/\" class=\"button primary btn-green\" >\n\t\t<span>Vpra\u0161ajte nas<\/span>\n\t<\/a>\n\n\t\t<\/div>\n\t\t\t\t\n<style>\n#col-1642402531 > .col-inner {\n  padding: 20px 20px 20px 20px;\n  margin: -110px 0px 0px 0px;\n}\n@media (min-width:550px) {\n  #col-1642402531 > .col-inner {\n    padding: 45px 45px 45px 45px;\n  }\n}\n<\/style>\n\t<\/div>\n\n\t\n\n\t<div id=\"col-377121290\" class=\"col stck hide-for-small medium-12 small-12 large-3 small-col-first\"  >\n\t\t<div class=\"is-sticky-column\"><div class=\"is-sticky-column__inner\">\t\t<div class=\"col-inner\"  >\n\t\t\t\n\t\t\t\n<div class=\"info-b\">\n<div class=\"info-ic\"><img decoding=\"async\" src=\"\/wp-content\/uploads\/2023\/05\/phone.svg\" alt=\"\" title=\"\"><\/div>\n<div class=\"info-cont\">\n<p>\nBrezpla\u010dna \u0161tevilka<br \/>\n<span>za podporo kupcem<\/span>\n<\/p>\n<p><a class=\"c-cont\" href=\"tel:+386801228\">080 1228<\/a>\n<\/div>\n<\/div>\n<div class=\"info-b\">\n<div class=\"info-ic\"><img decoding=\"async\" src=\"\/wp-content\/uploads\/2024\/02\/phone-red.svg\" alt=\"\" title=\"\"><\/div>\n<div class=\"info-cont\">\n<p>Brezpla\u010dna intervencijska \u0161tevilka<br \/><span>za nujne primere<\/span><\/p>\n<p><a class=\"c-cont-red c-cont\" href=\"tel:+386801303\">080 1303<\/a>\n<\/div>\n<\/div>\n<div class=\"info-b\">\n<div class=\"info-ic\"><img decoding=\"async\" src=\"\/wp-content\/uploads\/2023\/05\/envelope.svg\" alt=\"\" title=\"\"><\/div>\n<div class=\"info-cont\">\n<p>E-po\u0161ta<\/p>\n<p><a class=\"c-cont-txt\" href=\"mailto:info@istrabenzplini.si\">info@istrabenzplini.si<\/a>\n<\/div>\n<\/div>\n<p class=\"faq-btn\"><a href=\"https:\/\/www.istrabenzplini.si\/en\/contact\/#accordion-item-naro\u010dila-plina\">Naro\u010dilo plina<\/a><\/p>\n\t\t<\/div>\n\t\t<\/div><\/div>\t\t\n<style>\n#col-377121290 > .is-sticky-column > .is-sticky-column__inner > .col-inner {\n  margin: 35px 0px 0px 0px;\n}\n@media (min-width:850px) {\n  #col-377121290 > .is-sticky-column > .is-sticky-column__inner > .col-inner {\n    margin: 0px 0px 0px 0px;\n  }\n}\n<\/style>\n\t<\/div>\n\n\t\n<\/div>\n\t<div id=\"gap-1856335579\" class=\"gap-element clearfix\" style=\"display:block; height:auto;\">\n\t\t\n<style>\n#gap-1856335579 {\n  padding-top: 15px;\n}\n@media (min-width:850px) {\n  #gap-1856335579 {\n    padding-top: 70px;\n  }\n}\n<\/style>\n\t<\/div>\n\t\n\t\t<\/div>\n\n\t\t\n<style>\n#section_344736005 {\n  padding-top: 65px;\n  padding-bottom: 65px;\n}\n@media (min-width:550px) {\n  #section_344736005 {\n    padding-top: 30px;\n    padding-bottom: 30px;\n  }\n}\n<\/style>\n\t<\/section>\n\t\n\n\t<section class=\"section\" id=\"section_790306974\">\n\t\t<div class=\"section-bg fill\" >\n\t\t\t\t\t\t\t\t\t\n\t\t\t\n\n\t\t<\/div>\n\n\t\t\n\n\t\t<div class=\"section-content relative\">\n\t\t\t\r\n\r\n<div class=\"row\"  id=\"row-383022403\">\r\n\r\n\n\t<div id=\"col-1184032284\" class=\"col pb-0 medium-12 small-12 large-5\"  >\n\t\t\t\t<div class=\"col-inner\"  >\n\t\t\t\n\t\t\t\r\n\r\n<h2 class=\"s-tit\">Have you found everything you needed?<\/h2>\r\n\r\n\t\t<\/div>\n\t\t\t\t\t<\/div>\n\n\t\r\n\n\t<div id=\"col-1513035039\" class=\"col pb-0 medium-12 small-12 large-7\"  >\n\t\t\t\t<div class=\"col-inner\"  >\n\t\t\t\n\t\t\t\r\n\r\n<p class=\"cta-desc\">If you need any information and assistance on how to use our products, feel free to contact us<\/p>\r\n<a href=\"\/en\/contact\/ask-more\/\" class=\"button primary btn-green ask-us\" >\n\t\t<span>CONTACT US<\/span>\n\t<\/a>\n\r\n\r\n<a href=\"tel:+386801228\" class=\"button primary btn-out cont\" >\n\t\t<span>080 1228<\/span>\n\t<\/a>\n\r\n\r\n\r\n\t\t<\/div>\n\t\t\t\t\t<\/div>\n\n\t\r\n\r\n<\/div>\r\n\t<div id=\"gap-1724821019\" class=\"gap-element clearfix\" style=\"display:block; height:auto;\">\n\t\t\n<style>\n#gap-1724821019 {\n  padding-top: 100px;\n}\n<\/style>\n\t<\/div>\n\t\r\n\r\n\r\n\t\t<\/div>\n\n\t\t\n<style>\n#section_790306974 {\n  padding-top: 65px;\n  padding-bottom: 65px;\n  background-color: rgb(248, 248, 248);\n}\n@media (min-width:850px) {\n  #section_790306974 {\n    padding-top: 100px;\n    padding-bottom: 100px;\n  }\n}\n<\/style>\n\t<\/section>\n\t\n","protected":false},"excerpt":{"rendered":"","protected":false},"author":1,"featured_media":0,"parent":0,"menu_order":0,"comment_status":"closed","ping_status":"closed","template":"","meta":{"footnotes":""},"class_list":["post-2776","page","type-page","status-publish","hentry"],"_links":{"self":[{"href":"https:\/\/www.istrabenzplini.si\/en\/wp-json\/wp\/v2\/pages\/2776","targetHints":{"allow":["GET"]}}],"collection":[{"href":"https:\/\/www.istrabenzplini.si\/en\/wp-json\/wp\/v2\/pages"}],"about":[{"href":"https:\/\/www.istrabenzplini.si\/en\/wp-json\/wp\/v2\/types\/page"}],"author":[{"embeddable":true,"href":"https:\/\/www.istrabenzplini.si\/en\/wp-json\/wp\/v2\/users\/1"}],"replies":[{"embeddable":true,"href":"https:\/\/www.istrabenzplini.si\/en\/wp-json\/wp\/v2\/comments?post=2776"}],"version-history":[{"count":0,"href":"https:\/\/www.istrabenzplini.si\/en\/wp-json\/wp\/v2\/pages\/2776\/revisions"}],"wp:attachment":[{"href":"https:\/\/www.istrabenzplini.si\/en\/wp-json\/wp\/v2\/media?parent=2776"}],"curies":[{"name":"wp","href":"https:\/\/api.w.org\/{rel}","templated":true}]}}